{"id":120653,"date":"2023-08-30T16:17:21","date_gmt":"2023-08-30T14:17:21","guid":{"rendered":"https:\/\/www.duboeuf.com\/e-boutique\/uncategorized\/moulin-a-vent-eleve-en-fut-de-chene\/"},"modified":"2023-08-30T16:17:22","modified_gmt":"2023-08-30T14:17:22","slug":"moulin-a-vent-eleve-en-fut-de-chene","status":"publish","type":"product","link":"https:\/\/www.duboeuf.com\/en\/e-boutique\/data-sheet\/moulin-a-vent-eleve-en-fut-de-chene\/","title":{"rendered":"Moulin-A-Vent Elev\u00e9 En F\u00fbt De Ch\u00eane"},"content":{"rendered":"<p>Our wines of Moulin-\u00e0-Vent selected for ageing in new oak barrels are selected with a strict control.<\/p>\n<p>&#8211; plots of old vines facing south-east in the best climates of the appellation,<\/p>\n<p>&#8211; low yield wines of great concentration matching well with the tannins of wood during ageing in new oak (6 to 8 months minimum).<\/p>\n<p>During that ageing the barrel gives spicy and roasted aromas bringing great complexity to this wine.<\/p>\n","protected":false},"excerpt":{"rendered":"<p>Our wines of Moulin-\u00e0-Vent selected for ageing in new oak barrels are selected with a strict control. &#8211; plots of old vines facing south-east in the best climates of the appellation, &#8211; low yield wines of great concentration matching well with the tannins of wood during ageing in new oak (6 to 8 months minimum). [&hellip;]<\/p>\n","protected":false},"featured_media":120638,"template":"","meta":{"_acf_changed":false},"product_brand":[],"product_cat":[38],"product_tag":[],"region":[98],"aoc":[133],"couleur":[110],"gamme":[],"millesime":[],"collection":[157],"class_list":{"0":"post-120653","1":"product","2":"type-product","3":"status-publish","4":"has-post-thumbnail","6":"product_cat-data-sheet","7":"region-beaujolais","8":"aoc-moulin-a-vent-en","9":"couleur-red","10":"collection-flowers","12":"first","13":"outofstock","14":"product-type-simple"},"acf":[],"_links":{"self":[{"href":"https:\/\/www.duboeuf.com\/en\/wp-json\/wp\/v2\/product\/120653","targetHints":{"allow":["GET"]}}],"collection":[{"href":"https:\/\/www.duboeuf.com\/en\/wp-json\/wp\/v2\/product"}],"about":[{"href":"https:\/\/www.duboeuf.com\/en\/wp-json\/wp\/v2\/types\/product"}],"wp:featuredmedia":[{"embeddable":true,"href":"https:\/\/www.duboeuf.com\/en\/wp-json\/wp\/v2\/media\/120638"}],"wp:attachment":[{"href":"https:\/\/www.duboeuf.com\/en\/wp-json\/wp\/v2\/media?parent=120653"}],"wp:term":[{"taxonomy":"product_brand","embeddable":true,"href":"https:\/\/www.duboeuf.com\/en\/wp-json\/wp\/v2\/product_brand?post=120653"},{"taxonomy":"product_cat","embeddable":true,"href":"https:\/\/www.duboeuf.com\/en\/wp-json\/wp\/v2\/product_cat?post=120653"},{"taxonomy":"product_tag","embeddable":true,"href":"https:\/\/www.duboeuf.com\/en\/wp-json\/wp\/v2\/product_tag?post=120653"},{"taxonomy":"region","embeddable":true,"href":"https:\/\/www.duboeuf.com\/en\/wp-json\/wp\/v2\/region?post=120653"},{"taxonomy":"aoc","embeddable":true,"href":"https:\/\/www.duboeuf.com\/en\/wp-json\/wp\/v2\/aoc?post=120653"},{"taxonomy":"couleur","embeddable":true,"href":"https:\/\/www.duboeuf.com\/en\/wp-json\/wp\/v2\/couleur?post=120653"},{"taxonomy":"gamme","embeddable":true,"href":"https:\/\/www.duboeuf.com\/en\/wp-json\/wp\/v2\/gamme?post=120653"},{"taxonomy":"millesime","embeddable":true,"href":"https:\/\/www.duboeuf.com\/en\/wp-json\/wp\/v2\/millesime?post=120653"},{"taxonomy":"collection","embeddable":true,"href":"https:\/\/www.duboeuf.com\/en\/wp-json\/wp\/v2\/collection?post=120653"}],"curies":[{"name":"wp","href":"https:\/\/api.w.org\/{rel}","templated":true}]}}