{"id":120654,"date":"2023-08-30T16:17:21","date_gmt":"2023-08-30T14:17:21","guid":{"rendered":"https:\/\/www.duboeuf.com\/e-boutique\/uncategorized\/pouilly-fuisse-eleve-en-fut-de-chene\/"},"modified":"2023-08-30T16:17:22","modified_gmt":"2023-08-30T14:17:22","slug":"pouilly-fuisse-eleve-en-fut-de-chene","status":"publish","type":"product","link":"https:\/\/www.duboeuf.com\/en\/e-boutique\/data-sheet\/pouilly-fuisse-eleve-en-fut-de-chene\/","title":{"rendered":"Pouilly-Fuiss\u00e9 Elev\u00e9 En F\u00fbt De Ch\u00eane"},"content":{"rendered":"<p>The surprising profile of the twin rocks of Solutr\u00e9 and Vergisson stand out against the sky like the prows of two ships. Beneath them, the most prestigious vineyards in the M\u00e2connais, those of Pouilly Fuiss\u00e9, extend over the communes of Fuiss\u00e9, Chaintr\u00e9, Solutr\u00e9-Pouilly and Vergisson. These rocks have a certain prehistoric and historic value. In 1987, a unique Museum of Prehistory was inaugurated in Solutr\u00e9. It is recognised as one of the most important museums of its kind.<\/p>\n<p>For this special &#8220;oak-aged&#8221; cuv\u00e9e, the wine is matured for at least 8 months in new barrels or barrels one or two years old. Most of the French oak barrels are made by a cooper with whom we have worked closely for over thirty years. <\/p>\n<p>Already complex, the wine is enhanced by a delicate hint of oak and vanilla that combines superbly with the gun-flint notes characteristic of the appellation.<\/p>\n","protected":false},"excerpt":{"rendered":"<p>The surprising profile of the twin rocks of Solutr\u00e9 and Vergisson stand out against the sky like the prows of two ships. Beneath them, the most prestigious vineyards in the M\u00e2connais, those of Pouilly Fuiss\u00e9, extend over the communes of Fuiss\u00e9, Chaintr\u00e9, Solutr\u00e9-Pouilly and Vergisson. These rocks have a certain prehistoric and historic value. In [&hellip;]<\/p>\n","protected":false},"featured_media":120641,"template":"","meta":{"_acf_changed":false},"product_brand":[],"product_cat":[38],"product_tag":[],"region":[100],"aoc":[135],"couleur":[173],"gamme":[],"millesime":[],"collection":[157],"class_list":{"0":"post-120654","1":"product","2":"type-product","3":"status-publish","4":"has-post-thumbnail","6":"product_cat-data-sheet","7":"region-maconnais","8":"aoc-pouilly-fuisse-en","9":"couleur-white","10":"collection-flowers","12":"first","13":"outofstock","14":"product-type-simple"},"acf":[],"_links":{"self":[{"href":"https:\/\/www.duboeuf.com\/en\/wp-json\/wp\/v2\/product\/120654","targetHints":{"allow":["GET"]}}],"collection":[{"href":"https:\/\/www.duboeuf.com\/en\/wp-json\/wp\/v2\/product"}],"about":[{"href":"https:\/\/www.duboeuf.com\/en\/wp-json\/wp\/v2\/types\/product"}],"wp:featuredmedia":[{"embeddable":true,"href":"https:\/\/www.duboeuf.com\/en\/wp-json\/wp\/v2\/media\/120641"}],"wp:attachment":[{"href":"https:\/\/www.duboeuf.com\/en\/wp-json\/wp\/v2\/media?parent=120654"}],"wp:term":[{"taxonomy":"product_brand","embeddable":true,"href":"https:\/\/www.duboeuf.com\/en\/wp-json\/wp\/v2\/product_brand?post=120654"},{"taxonomy":"product_cat","embeddable":true,"href":"https:\/\/www.duboeuf.com\/en\/wp-json\/wp\/v2\/product_cat?post=120654"},{"taxonomy":"product_tag","embeddable":true,"href":"https:\/\/www.duboeuf.com\/en\/wp-json\/wp\/v2\/product_tag?post=120654"},{"taxonomy":"region","embeddable":true,"href":"https:\/\/www.duboeuf.com\/en\/wp-json\/wp\/v2\/region?post=120654"},{"taxonomy":"aoc","embeddable":true,"href":"https:\/\/www.duboeuf.com\/en\/wp-json\/wp\/v2\/aoc?post=120654"},{"taxonomy":"couleur","embeddable":true,"href":"https:\/\/www.duboeuf.com\/en\/wp-json\/wp\/v2\/couleur?post=120654"},{"taxonomy":"gamme","embeddable":true,"href":"https:\/\/www.duboeuf.com\/en\/wp-json\/wp\/v2\/gamme?post=120654"},{"taxonomy":"millesime","embeddable":true,"href":"https:\/\/www.duboeuf.com\/en\/wp-json\/wp\/v2\/millesime?post=120654"},{"taxonomy":"collection","embeddable":true,"href":"https:\/\/www.duboeuf.com\/en\/wp-json\/wp\/v2\/collection?post=120654"}],"curies":[{"name":"wp","href":"https:\/\/api.w.org\/{rel}","templated":true}]}}