{"id":122846,"date":"2024-07-09T11:49:46","date_gmt":"2024-07-09T09:49:46","guid":{"rendered":"https:\/\/www.duboeuf.com\/e-boutique\/uncategorized\/bourgogne-aligote-2023-selection-georges-duboeuf\/"},"modified":"2024-09-18T21:58:31","modified_gmt":"2024-09-18T19:58:31","slug":"bourgogne-aligote-2023-selection-georges-duboeuf","status":"publish","type":"product","link":"https:\/\/www.duboeuf.com\/en\/e-boutique\/product\/bourgogne-aligote-2023-selection-georges-duboeuf\/","title":{"rendered":"Bourgogne Aligot\u00e9 2023 S\u00e9lection Georges Duboeuf"},"content":{"rendered":"<p>Aligot\u00e9 is a grape variety that has given its name to an Appellation Contr\u00f4l\u00e9e.<br \/>\nIt covers 1,000 hectares in three d\u00e9partements: C\u00f4te d&#8217;Or, Yonne and Sa\u00f4ne et Loire.<br \/>\nBourgogne Aligot\u00e9 is a white wine.<br \/>\nIt is the basis for the real &#8220;Kir&#8221;: 2\/3 Bourgogne Aligot\u00e9, 1\/3 cr\u00e8me de cassis.<br \/>\nOther preparations can only be described as &#8220;Vin Blanc &#8211; Cassis&#8221;.)<br \/>\nThis wine is sufficiently structured to retain its youthful, fruity character for 3 to 4 years.     <\/p>\n","protected":false},"excerpt":{"rendered":"<p>Aligot\u00e9 is a grape variety that has given its name to an Appellation Contr\u00f4l\u00e9e. It covers 1,000 hectares in three d\u00e9partements: C\u00f4te d&#8217;Or, Yonne and Sa\u00f4ne et Loire. Bourgogne Aligot\u00e9 is a white wine. It is the basis for the real &#8220;Kir&#8221;: 2\/3 Bourgogne Aligot\u00e9, 1\/3 cr\u00e8me de cassis. Other preparations can only be described [&hellip;]<\/p>\n","protected":false},"featured_media":122769,"template":"","meta":{"_acf_changed":false},"product_brand":[],"product_cat":[188],"product_tag":[],"region":[99],"aoc":[121],"couleur":[173],"gamme":[],"millesime":[184],"collection":[157],"class_list":{"0":"post-122846","1":"product","2":"type-product","3":"status-publish","4":"has-post-thumbnail","6":"product_cat-product","7":"region-burgundy","8":"aoc-bourgogne-aligote-en","9":"couleur-white","10":"millesime-184","11":"collection-flowers","13":"first","14":"instock","15":"shipping-taxable","16":"purchasable","17":"product-type-simple"},"acf":[],"_links":{"self":[{"href":"https:\/\/www.duboeuf.com\/en\/wp-json\/wp\/v2\/product\/122846","targetHints":{"allow":["GET"]}}],"collection":[{"href":"https:\/\/www.duboeuf.com\/en\/wp-json\/wp\/v2\/product"}],"about":[{"href":"https:\/\/www.duboeuf.com\/en\/wp-json\/wp\/v2\/types\/product"}],"wp:featuredmedia":[{"embeddable":true,"href":"https:\/\/www.duboeuf.com\/en\/wp-json\/wp\/v2\/media\/122769"}],"wp:attachment":[{"href":"https:\/\/www.duboeuf.com\/en\/wp-json\/wp\/v2\/media?parent=122846"}],"wp:term":[{"taxonomy":"product_brand","embeddable":true,"href":"https:\/\/www.duboeuf.com\/en\/wp-json\/wp\/v2\/product_brand?post=122846"},{"taxonomy":"product_cat","embeddable":true,"href":"https:\/\/www.duboeuf.com\/en\/wp-json\/wp\/v2\/product_cat?post=122846"},{"taxonomy":"product_tag","embeddable":true,"href":"https:\/\/www.duboeuf.com\/en\/wp-json\/wp\/v2\/product_tag?post=122846"},{"taxonomy":"region","embeddable":true,"href":"https:\/\/www.duboeuf.com\/en\/wp-json\/wp\/v2\/region?post=122846"},{"taxonomy":"aoc","embeddable":true,"href":"https:\/\/www.duboeuf.com\/en\/wp-json\/wp\/v2\/aoc?post=122846"},{"taxonomy":"couleur","embeddable":true,"href":"https:\/\/www.duboeuf.com\/en\/wp-json\/wp\/v2\/couleur?post=122846"},{"taxonomy":"gamme","embeddable":true,"href":"https:\/\/www.duboeuf.com\/en\/wp-json\/wp\/v2\/gamme?post=122846"},{"taxonomy":"millesime","embeddable":true,"href":"https:\/\/www.duboeuf.com\/en\/wp-json\/wp\/v2\/millesime?post=122846"},{"taxonomy":"collection","embeddable":true,"href":"https:\/\/www.duboeuf.com\/en\/wp-json\/wp\/v2\/collection?post=122846"}],"curies":[{"name":"wp","href":"https:\/\/api.w.org\/{rel}","templated":true}]}}