{"id":122879,"date":"2024-07-09T11:49:27","date_gmt":"2024-07-09T09:49:27","guid":{"rendered":"https:\/\/www.duboeuf.com\/e-boutique\/uncategorized\/cote-de-brouilly-2023-selection-georges-duboeuf\/"},"modified":"2024-09-18T22:02:30","modified_gmt":"2024-09-18T20:02:30","slug":"cote-de-brouilly-2023-selection-georges-duboeuf","status":"publish","type":"product","link":"https:\/\/www.duboeuf.com\/en\/e-boutique\/product\/cote-de-brouilly-2023-selection-georges-duboeuf\/","title":{"rendered":"C\u00f4te-De-Brouilly 2023 S\u00e9lection Georges Duboeuf"},"content":{"rendered":"<p>As its name suggests, C\u00f4te de Brouilly comes from the steep, volcanic slopes of Mont Brouilly.<br \/>\nUnless, of course, you prefer the pretty legend that this hill was born of the spill from the hood of a giant who dug up the Sa\u00f4ne!<br \/>\nRising to 485 meters, its summit is crowned by the Notre-Dame du Raisin chapel, built in 1955 and dedicated to the Virgin of Fourvi\u00e8re, and offers a splendid panorama of the entire Beaujolais wine-growing region.<br \/>\nIts floor is made of granite and hard, dark blue-green schist.<br \/>\nThis is the famous &#8220;blue stone&#8221; that gives this noble cru its vigor and, over time, its great finesse.<br \/>\nThe rocks on the slopes store up the sun&#8217;s heat during the day, releasing it to the vines at night.<br \/>\nC\u00f4te de Brouilly is a great wine that reveals the flavor of the earth.      <\/p>\n","protected":false},"excerpt":{"rendered":"<p>As its name suggests, C\u00f4te de Brouilly comes from the steep, volcanic slopes of Mont Brouilly. Unless, of course, you prefer the pretty legend that this hill was born of the spill from the hood of a giant who dug up the Sa\u00f4ne! Rising to 485 meters, its summit is crowned by the Notre-Dame du [&hellip;]<\/p>\n","protected":false},"featured_media":122754,"template":"","meta":{"_acf_changed":false},"product_brand":[],"product_cat":[188],"product_tag":[],"region":[98],"aoc":[127],"couleur":[110],"gamme":[],"millesime":[184],"collection":[157],"class_list":{"0":"post-122879","1":"product","2":"type-product","3":"status-publish","4":"has-post-thumbnail","6":"product_cat-product","7":"region-beaujolais","8":"aoc-cote-de-brouilly-en","9":"couleur-red","10":"millesime-184","11":"collection-flowers","13":"first","14":"instock","15":"shipping-taxable","16":"purchasable","17":"product-type-simple"},"acf":[],"_links":{"self":[{"href":"https:\/\/www.duboeuf.com\/en\/wp-json\/wp\/v2\/product\/122879","targetHints":{"allow":["GET"]}}],"collection":[{"href":"https:\/\/www.duboeuf.com\/en\/wp-json\/wp\/v2\/product"}],"about":[{"href":"https:\/\/www.duboeuf.com\/en\/wp-json\/wp\/v2\/types\/product"}],"wp:featuredmedia":[{"embeddable":true,"href":"https:\/\/www.duboeuf.com\/en\/wp-json\/wp\/v2\/media\/122754"}],"wp:attachment":[{"href":"https:\/\/www.duboeuf.com\/en\/wp-json\/wp\/v2\/media?parent=122879"}],"wp:term":[{"taxonomy":"product_brand","embeddable":true,"href":"https:\/\/www.duboeuf.com\/en\/wp-json\/wp\/v2\/product_brand?post=122879"},{"taxonomy":"product_cat","embeddable":true,"href":"https:\/\/www.duboeuf.com\/en\/wp-json\/wp\/v2\/product_cat?post=122879"},{"taxonomy":"product_tag","embeddable":true,"href":"https:\/\/www.duboeuf.com\/en\/wp-json\/wp\/v2\/product_tag?post=122879"},{"taxonomy":"region","embeddable":true,"href":"https:\/\/www.duboeuf.com\/en\/wp-json\/wp\/v2\/region?post=122879"},{"taxonomy":"aoc","embeddable":true,"href":"https:\/\/www.duboeuf.com\/en\/wp-json\/wp\/v2\/aoc?post=122879"},{"taxonomy":"couleur","embeddable":true,"href":"https:\/\/www.duboeuf.com\/en\/wp-json\/wp\/v2\/couleur?post=122879"},{"taxonomy":"gamme","embeddable":true,"href":"https:\/\/www.duboeuf.com\/en\/wp-json\/wp\/v2\/gamme?post=122879"},{"taxonomy":"millesime","embeddable":true,"href":"https:\/\/www.duboeuf.com\/en\/wp-json\/wp\/v2\/millesime?post=122879"},{"taxonomy":"collection","embeddable":true,"href":"https:\/\/www.duboeuf.com\/en\/wp-json\/wp\/v2\/collection?post=122879"}],"curies":[{"name":"wp","href":"https:\/\/api.w.org\/{rel}","templated":true}]}}