{"id":122927,"date":"2022-07-04T07:42:40","date_gmt":"2022-07-04T05:42:40","guid":{"rendered":"https:\/\/www.duboeuf.com\/e-boutique\/uncategorized\/saint-veran-2019-domaine-val-lamartinien\/"},"modified":"2022-07-04T07:42:40","modified_gmt":"2022-07-04T05:42:40","slug":"saint-veran-2019-domaine-val-lamartinien","status":"publish","type":"product","link":"https:\/\/www.duboeuf.com\/en\/e-boutique\/product\/saint-veran-2019-domaine-val-lamartinien\/","title":{"rendered":"Saint-V\u00e9ran 2019 Domaine Val Lamartinien"},"content":{"rendered":"<p>The Domaine is mainly located in the commune of Priss\u00e9, one of the six villages where Saint V\u00e9ran is produced.<br \/>\nThe beautiful building, constructed at the end of the 17th century, is just 500 m from the Ch\u00e2teau de Monceau, where Lamartine, a historic figure in the M\u00e2connais region, wrote &#8220;L&#8217;Histoire des Girondins&#8221;.<br \/>\nTo find the peace and quiet he needed to write his book, the famous poet would isolate himself at the far end of the park in a tiny wooden cottage he called &#8220;la solitude&#8221;.<br \/>\nBeno\u00eet TRIBOULET bought the property in 1932.<br \/>\nIn 1959, Hubert TRIBOULET succeeded his father.<br \/>\nAfter Hubert, it&#8217;s now Alain who runs the estate with great care.<br \/>\nSoil preparation: up to 3 ploughings per year.<br \/>\nVine density: 8300 vines\/hectare.<br \/>\nRootstocks: SO4, 41B and 3309.<br \/>\nPruning: Guyot.<br \/>\nVinification: pneumatic press.<br \/>\nTemperature control.<br \/>\nCold settling.<br \/>\nSulfiting kept to a minimum to encourage early malolactic fermentation.<br \/>\nYeasting with active dry yeast.<br \/>\nStainless steel tanks.               <\/p>\n","protected":false},"excerpt":{"rendered":"<p>The Domaine is mainly located in the commune of Priss\u00e9, one of the six villages where Saint V\u00e9ran is produced. The beautiful building, constructed at the end of the 17th century, is just 500 m from the Ch\u00e2teau de Monceau, where Lamartine, a historic figure in the M\u00e2connais region, wrote &#8220;L&#8217;Histoire des Girondins&#8221;. To find [&hellip;]<\/p>\n","protected":false},"featured_media":2977,"template":"","meta":{"_acf_changed":false},"product_brand":[],"product_cat":[188],"product_tag":[],"region":[100],"aoc":[138],"couleur":[173],"gamme":[],"millesime":[41],"collection":[160],"class_list":{"0":"post-122927","1":"product","2":"type-product","3":"status-publish","4":"has-post-thumbnail","6":"product_cat-product","7":"region-maconnais","8":"aoc-saint-veran-en","9":"couleur-white","10":"millesime-41","11":"collection-domaines-chateaux-en","13":"first","14":"instock","15":"shipping-taxable","16":"purchasable","17":"product-type-simple"},"acf":[],"_links":{"self":[{"href":"https:\/\/www.duboeuf.com\/en\/wp-json\/wp\/v2\/product\/122927","targetHints":{"allow":["GET"]}}],"collection":[{"href":"https:\/\/www.duboeuf.com\/en\/wp-json\/wp\/v2\/product"}],"about":[{"href":"https:\/\/www.duboeuf.com\/en\/wp-json\/wp\/v2\/types\/product"}],"wp:featuredmedia":[{"embeddable":true,"href":"https:\/\/www.duboeuf.com\/en\/wp-json\/wp\/v2\/media\/2977"}],"wp:attachment":[{"href":"https:\/\/www.duboeuf.com\/en\/wp-json\/wp\/v2\/media?parent=122927"}],"wp:term":[{"taxonomy":"product_brand","embeddable":true,"href":"https:\/\/www.duboeuf.com\/en\/wp-json\/wp\/v2\/product_brand?post=122927"},{"taxonomy":"product_cat","embeddable":true,"href":"https:\/\/www.duboeuf.com\/en\/wp-json\/wp\/v2\/product_cat?post=122927"},{"taxonomy":"product_tag","embeddable":true,"href":"https:\/\/www.duboeuf.com\/en\/wp-json\/wp\/v2\/product_tag?post=122927"},{"taxonomy":"region","embeddable":true,"href":"https:\/\/www.duboeuf.com\/en\/wp-json\/wp\/v2\/region?post=122927"},{"taxonomy":"aoc","embeddable":true,"href":"https:\/\/www.duboeuf.com\/en\/wp-json\/wp\/v2\/aoc?post=122927"},{"taxonomy":"couleur","embeddable":true,"href":"https:\/\/www.duboeuf.com\/en\/wp-json\/wp\/v2\/couleur?post=122927"},{"taxonomy":"gamme","embeddable":true,"href":"https:\/\/www.duboeuf.com\/en\/wp-json\/wp\/v2\/gamme?post=122927"},{"taxonomy":"millesime","embeddable":true,"href":"https:\/\/www.duboeuf.com\/en\/wp-json\/wp\/v2\/millesime?post=122927"},{"taxonomy":"collection","embeddable":true,"href":"https:\/\/www.duboeuf.com\/en\/wp-json\/wp\/v2\/collection?post=122927"}],"curies":[{"name":"wp","href":"https:\/\/api.w.org\/{rel}","templated":true}]}}