{"id":122935,"date":"2022-07-04T07:42:46","date_gmt":"2022-07-04T05:42:46","guid":{"rendered":"https:\/\/www.duboeuf.com\/e-boutique\/uncategorized\/pouilly-fuisse-premier-cru-2020-le-clos-reyssier\/"},"modified":"2022-07-04T07:42:46","modified_gmt":"2022-07-04T05:42:46","slug":"pouilly-fuisse-premier-cru-2020-le-clos-reyssier","status":"publish","type":"product","link":"https:\/\/www.duboeuf.com\/en\/e-boutique\/product\/pouilly-fuisse-premier-cru-2020-le-clos-reyssier\/","title":{"rendered":"Pouilly-Fuiss\u00e9 Premier Cru 2020 Le Clos Reyssier"},"content":{"rendered":"<p>The ever-increasing quality of the appellation&#8217;s climats, recognized as being on a par with the best classified Burgundy climats, led the Board of Directors of the Union des Producteurs to initiate the process for recognition as a 1er Cru, presented at the General Meeting of March 29, 2008.<br \/>\nDocumentary research into the history of the climats, a precise geological, pedological and topographical study of the appellation, a plot survey of all producers, cultivation practices, economic data, tasting sessions and public meetings were all undertaken.<br \/>\nThe Institut National de l&#8217;Origine et de la Qualit\u00e9 approved the recognition of 22 climats as 1er crus.<br \/>\nThey represent 24% of the AOC area, spread over the four communes of the appellation: Chaintr\u00e9, Fuiss\u00e9, Solutr\u00e9-Pouilly and Vergisson.<br \/>\nPremier Cru&#8221; wines express greater intensity.<br \/>\nThey can be fruitier, more powerful or more mineral, depending on the origin of the grapes.<br \/>\nThey require longer ageing to fully express their balance, length, intensity and complexity.      <\/p>\n","protected":false},"excerpt":{"rendered":"<p>The ever-increasing quality of the appellation&#8217;s climats, recognized as being on a par with the best classified Burgundy climats, led the Board of Directors of the Union des Producteurs to initiate the process for recognition as a 1er Cru, presented at the General Meeting of March 29, 2008. Documentary research into the history of the [&hellip;]<\/p>\n","protected":false},"featured_media":3000,"template":"","meta":{"_acf_changed":false},"product_brand":[],"product_cat":[188],"product_tag":[],"region":[100],"aoc":[136],"couleur":[173],"gamme":[],"millesime":[40],"collection":[160],"class_list":{"0":"post-122935","1":"product","2":"type-product","3":"status-publish","4":"has-post-thumbnail","6":"product_cat-product","7":"region-maconnais","8":"aoc-pouilly-fuisse-premier-cru-en","9":"couleur-white","10":"millesime-40","11":"collection-domaines-chateaux-en","13":"first","14":"instock","15":"shipping-taxable","16":"purchasable","17":"product-type-simple"},"acf":[],"_links":{"self":[{"href":"https:\/\/www.duboeuf.com\/en\/wp-json\/wp\/v2\/product\/122935","targetHints":{"allow":["GET"]}}],"collection":[{"href":"https:\/\/www.duboeuf.com\/en\/wp-json\/wp\/v2\/product"}],"about":[{"href":"https:\/\/www.duboeuf.com\/en\/wp-json\/wp\/v2\/types\/product"}],"wp:featuredmedia":[{"embeddable":true,"href":"https:\/\/www.duboeuf.com\/en\/wp-json\/wp\/v2\/media\/3000"}],"wp:attachment":[{"href":"https:\/\/www.duboeuf.com\/en\/wp-json\/wp\/v2\/media?parent=122935"}],"wp:term":[{"taxonomy":"product_brand","embeddable":true,"href":"https:\/\/www.duboeuf.com\/en\/wp-json\/wp\/v2\/product_brand?post=122935"},{"taxonomy":"product_cat","embeddable":true,"href":"https:\/\/www.duboeuf.com\/en\/wp-json\/wp\/v2\/product_cat?post=122935"},{"taxonomy":"product_tag","embeddable":true,"href":"https:\/\/www.duboeuf.com\/en\/wp-json\/wp\/v2\/product_tag?post=122935"},{"taxonomy":"region","embeddable":true,"href":"https:\/\/www.duboeuf.com\/en\/wp-json\/wp\/v2\/region?post=122935"},{"taxonomy":"aoc","embeddable":true,"href":"https:\/\/www.duboeuf.com\/en\/wp-json\/wp\/v2\/aoc?post=122935"},{"taxonomy":"couleur","embeddable":true,"href":"https:\/\/www.duboeuf.com\/en\/wp-json\/wp\/v2\/couleur?post=122935"},{"taxonomy":"gamme","embeddable":true,"href":"https:\/\/www.duboeuf.com\/en\/wp-json\/wp\/v2\/gamme?post=122935"},{"taxonomy":"millesime","embeddable":true,"href":"https:\/\/www.duboeuf.com\/en\/wp-json\/wp\/v2\/millesime?post=122935"},{"taxonomy":"collection","embeddable":true,"href":"https:\/\/www.duboeuf.com\/en\/wp-json\/wp\/v2\/collection?post=122935"}],"curies":[{"name":"wp","href":"https:\/\/api.w.org\/{rel}","templated":true}]}}