{"id":122936,"date":"2023-04-06T15:06:22","date_gmt":"2023-04-06T13:06:22","guid":{"rendered":"https:\/\/www.duboeuf.com\/e-boutique\/uncategorized\/beaujolais-blanc-2022-selection-georges-duboeuf\/"},"modified":"2023-04-06T15:06:22","modified_gmt":"2023-04-06T13:06:22","slug":"beaujolais-blanc-2022-selection-georges-duboeuf","status":"publish","type":"product","link":"https:\/\/www.duboeuf.com\/en\/e-boutique\/product\/beaujolais-blanc-2022-selection-georges-duboeuf\/","title":{"rendered":"Beaujolais Blanc 2022 S\u00e9lection Georges Duboeuf"},"content":{"rendered":"<p>The Beaujolais Blanc appellation covers two d\u00e9partements: Rh\u00f4ne and Sa\u00f4ne et Loire.<br \/>\nIt is divided into two zones: the extreme north of the vineyards on the borders of the M\u00e2connais, and the south-west of Villefranche, essentially in the triangle formed by the communes of Liergues, Bois d&#8217;Oingt and Bully.<br \/>\nBeaujolais Blanc is a true &#8220;rare pearl&#8221;.<br \/>\nIt represents 2% of the vineyard&#8217;s production.<br \/>\nThe appellation&#8217;s rarity and excellent quality make it well worth discovering.<br \/>\nThis magical, unexpected and delicious wine is appreciated by a growing number of connoisseurs.     <\/p>\n","protected":false},"excerpt":{"rendered":"<p>The Beaujolais Blanc appellation covers two d\u00e9partements: Rh\u00f4ne and Sa\u00f4ne et Loire. It is divided into two zones: the extreme north of the vineyards on the borders of the M\u00e2connais, and the south-west of Villefranche, essentially in the triangle formed by the communes of Liergues, Bois d&#8217;Oingt and Bully. Beaujolais Blanc is a true &#8220;rare [&hellip;]<\/p>\n","protected":false},"featured_media":89599,"template":"","meta":{"_acf_changed":false},"product_brand":[],"product_cat":[188],"product_tag":[],"region":[98],"aoc":[118],"couleur":[173],"gamme":[],"millesime":[177],"collection":[157],"class_list":{"0":"post-122936","1":"product","2":"type-product","3":"status-publish","4":"has-post-thumbnail","6":"product_cat-product","7":"region-beaujolais","8":"aoc-beaujolais-blanc-en","9":"couleur-white","10":"millesime-177","11":"collection-flowers","13":"first","14":"instock","15":"shipping-taxable","16":"purchasable","17":"product-type-simple"},"acf":[],"_links":{"self":[{"href":"https:\/\/www.duboeuf.com\/en\/wp-json\/wp\/v2\/product\/122936","targetHints":{"allow":["GET"]}}],"collection":[{"href":"https:\/\/www.duboeuf.com\/en\/wp-json\/wp\/v2\/product"}],"about":[{"href":"https:\/\/www.duboeuf.com\/en\/wp-json\/wp\/v2\/types\/product"}],"wp:featuredmedia":[{"embeddable":true,"href":"https:\/\/www.duboeuf.com\/en\/wp-json\/wp\/v2\/media\/89599"}],"wp:attachment":[{"href":"https:\/\/www.duboeuf.com\/en\/wp-json\/wp\/v2\/media?parent=122936"}],"wp:term":[{"taxonomy":"product_brand","embeddable":true,"href":"https:\/\/www.duboeuf.com\/en\/wp-json\/wp\/v2\/product_brand?post=122936"},{"taxonomy":"product_cat","embeddable":true,"href":"https:\/\/www.duboeuf.com\/en\/wp-json\/wp\/v2\/product_cat?post=122936"},{"taxonomy":"product_tag","embeddable":true,"href":"https:\/\/www.duboeuf.com\/en\/wp-json\/wp\/v2\/product_tag?post=122936"},{"taxonomy":"region","embeddable":true,"href":"https:\/\/www.duboeuf.com\/en\/wp-json\/wp\/v2\/region?post=122936"},{"taxonomy":"aoc","embeddable":true,"href":"https:\/\/www.duboeuf.com\/en\/wp-json\/wp\/v2\/aoc?post=122936"},{"taxonomy":"couleur","embeddable":true,"href":"https:\/\/www.duboeuf.com\/en\/wp-json\/wp\/v2\/couleur?post=122936"},{"taxonomy":"gamme","embeddable":true,"href":"https:\/\/www.duboeuf.com\/en\/wp-json\/wp\/v2\/gamme?post=122936"},{"taxonomy":"millesime","embeddable":true,"href":"https:\/\/www.duboeuf.com\/en\/wp-json\/wp\/v2\/millesime?post=122936"},{"taxonomy":"collection","embeddable":true,"href":"https:\/\/www.duboeuf.com\/en\/wp-json\/wp\/v2\/collection?post=122936"}],"curies":[{"name":"wp","href":"https:\/\/api.w.org\/{rel}","templated":true}]}}