{"id":122946,"date":"2023-06-21T05:53:33","date_gmt":"2023-06-21T03:53:33","guid":{"rendered":"https:\/\/www.duboeuf.com\/e-boutique\/uncategorized\/carton-decouverte-12-bouteilles-2022-selection-georges-duboeuf\/"},"modified":"2023-06-21T05:53:33","modified_gmt":"2023-06-21T03:53:33","slug":"carton-decouverte-12-bouteilles-2022-selection-georges-duboeuf","status":"publish","type":"product","link":"https:\/\/www.duboeuf.com\/en\/e-boutique\/miscellaneous\/carton-decouverte-12-bouteilles-2022-selection-georges-duboeuf\/","title":{"rendered":"Carton D\u00e9couverte 12 Bouteilles 2022 S\u00e9lection Georges Duboeuf"},"content":{"rendered":"<p>BEAUJOLAIS &#8220;S\u00e9lection GD&#8221; 2022-75cl- 13% vol.<br \/>\nBEAUJOLAIS-VILLAGES &#8220;S\u00e9lection GD&#8221; 2022-75cl- 13% vol.<br \/>\nREGNIE &#8220;S\u00e9lection GD&#8221; 2022-75cl- 13% vol.<br \/>\nCHENAS &#8220;S\u00e9lection GD&#8221; 2022-75cl- 13.5% vol.<br \/>\nJULIENAS &#8220;S\u00e9lection GD&#8221; 2022-75cl- 14% vol.<br \/>\nBROUILLY &#8220;S\u00e9lection GD&#8221; 2022-75cl- 13% vol.<br \/>\nCOTE-DE-BROUILLY &#8220;S\u00e9lection GD&#8221; 2022-75cl- 14% vol.<br \/>\nCHIROUBLES &#8220;S\u00e9lection GD&#8221; 2022-75cl- 13% vol.<br \/>\nFLEURIE &#8220;S\u00e9lection GD&#8221; 2022-75cl- 14% vol.<br \/>\nMORGON &#8220;S\u00e9lection GD&#8221; 2022-75cl- 13.5% vol.<br \/>\nSAINT-AMOUR &#8220;S\u00e9lection GD&#8221; 2022-75cl- 14% vol.<br \/>\nMOULIN-A-VENT &#8220;S\u00e9lection GD&#8221; 2022-75cl- 13.5% vol.           <\/p>\n","protected":false},"excerpt":{"rendered":"<p>BEAUJOLAIS &#8220;S\u00e9lection GD&#8221; 2022-75cl- 13% vol. BEAUJOLAIS-VILLAGES &#8220;S\u00e9lection GD&#8221; 2022-75cl- 13% vol. REGNIE &#8220;S\u00e9lection GD&#8221; 2022-75cl- 13% vol. CHENAS &#8220;S\u00e9lection GD&#8221; 2022-75cl- 13.5% vol. JULIENAS &#8220;S\u00e9lection GD&#8221; 2022-75cl- 14% vol. BROUILLY &#8220;S\u00e9lection GD&#8221; 2022-75cl- 13% vol. COTE-DE-BROUILLY &#8220;S\u00e9lection GD&#8221; 2022-75cl- 14% vol. CHIROUBLES &#8220;S\u00e9lection GD&#8221; 2022-75cl- 13% vol. FLEURIE &#8220;S\u00e9lection GD&#8221; 2022-75cl- 14% vol. MORGON [&hellip;]<\/p>\n","protected":false},"featured_media":109444,"template":"","meta":{"_acf_changed":false},"product_brand":[],"product_cat":[189],"product_tag":[],"region":[98],"aoc":[101],"couleur":[110],"gamme":[],"millesime":[177],"collection":[157],"class_list":{"0":"post-122946","1":"product","2":"type-product","3":"status-publish","4":"has-post-thumbnail","6":"product_cat-miscellaneous","7":"region-beaujolais","8":"aoc-various-assortments","9":"couleur-red","10":"millesime-177","11":"collection-flowers","13":"first","14":"instock","15":"shipping-taxable","16":"purchasable","17":"product-type-simple"},"acf":[],"_links":{"self":[{"href":"https:\/\/www.duboeuf.com\/en\/wp-json\/wp\/v2\/product\/122946","targetHints":{"allow":["GET"]}}],"collection":[{"href":"https:\/\/www.duboeuf.com\/en\/wp-json\/wp\/v2\/product"}],"about":[{"href":"https:\/\/www.duboeuf.com\/en\/wp-json\/wp\/v2\/types\/product"}],"wp:featuredmedia":[{"embeddable":true,"href":"https:\/\/www.duboeuf.com\/en\/wp-json\/wp\/v2\/media\/109444"}],"wp:attachment":[{"href":"https:\/\/www.duboeuf.com\/en\/wp-json\/wp\/v2\/media?parent=122946"}],"wp:term":[{"taxonomy":"product_brand","embeddable":true,"href":"https:\/\/www.duboeuf.com\/en\/wp-json\/wp\/v2\/product_brand?post=122946"},{"taxonomy":"product_cat","embeddable":true,"href":"https:\/\/www.duboeuf.com\/en\/wp-json\/wp\/v2\/product_cat?post=122946"},{"taxonomy":"product_tag","embeddable":true,"href":"https:\/\/www.duboeuf.com\/en\/wp-json\/wp\/v2\/product_tag?post=122946"},{"taxonomy":"region","embeddable":true,"href":"https:\/\/www.duboeuf.com\/en\/wp-json\/wp\/v2\/region?post=122946"},{"taxonomy":"aoc","embeddable":true,"href":"https:\/\/www.duboeuf.com\/en\/wp-json\/wp\/v2\/aoc?post=122946"},{"taxonomy":"couleur","embeddable":true,"href":"https:\/\/www.duboeuf.com\/en\/wp-json\/wp\/v2\/couleur?post=122946"},{"taxonomy":"gamme","embeddable":true,"href":"https:\/\/www.duboeuf.com\/en\/wp-json\/wp\/v2\/gamme?post=122946"},{"taxonomy":"millesime","embeddable":true,"href":"https:\/\/www.duboeuf.com\/en\/wp-json\/wp\/v2\/millesime?post=122946"},{"taxonomy":"collection","embeddable":true,"href":"https:\/\/www.duboeuf.com\/en\/wp-json\/wp\/v2\/collection?post=122946"}],"curies":[{"name":"wp","href":"https:\/\/api.w.org\/{rel}","templated":true}]}}