{"id":122949,"date":"2023-06-21T05:53:50","date_gmt":"2023-06-21T03:53:50","guid":{"rendered":"https:\/\/www.duboeuf.com\/e-boutique\/uncategorized\/pouilly-fuisse-2021-domaine-du-bois-rosier\/"},"modified":"2023-06-21T05:53:50","modified_gmt":"2023-06-21T03:53:50","slug":"pouilly-fuisse-2021-domaine-du-bois-rosier","status":"publish","type":"product","link":"https:\/\/www.duboeuf.com\/en\/e-boutique\/product\/pouilly-fuisse-2021-domaine-du-bois-rosier\/","title":{"rendered":"Pouilly-Fuiss\u00e9 2021 Domaine Du Bois Rosier"},"content":{"rendered":"<p>The vines for this cuv\u00e9e extend over 1.20 hectares on the steep slopes between the Solutr\u00e9 and Vergisson rocks.<br \/>\nThe soil is predominantly clay-limestone, with limestone dominating in places, giving the wine a fine minerality.<br \/>\nThe steep slopes of the plots require particular care.<br \/>\nThe vines are planted with grass and regularly ploughed between the rows to combat erosion.<br \/>\nThe winegrower is a precise, clean and meticulous man who vinifies a wine in his own image: this Pouilly-Fuiss\u00e9 is straight and pure.    <\/p>\n","protected":false},"excerpt":{"rendered":"<p>The vines for this cuv\u00e9e extend over 1.20 hectares on the steep slopes between the Solutr\u00e9 and Vergisson rocks. The soil is predominantly clay-limestone, with limestone dominating in places, giving the wine a fine minerality. The steep slopes of the plots require particular care. The vines are planted with grass and regularly ploughed between the [&hellip;]<\/p>\n","protected":false},"featured_media":2971,"template":"","meta":{"_acf_changed":false},"product_brand":[],"product_cat":[188],"product_tag":[],"region":[100],"aoc":[135],"couleur":[173],"gamme":[],"millesime":[35],"collection":[160],"class_list":{"0":"post-122949","1":"product","2":"type-product","3":"status-publish","4":"has-post-thumbnail","6":"product_cat-product","7":"region-maconnais","8":"aoc-pouilly-fuisse-en","9":"couleur-white","10":"millesime-35","11":"collection-domaines-chateaux-en","13":"first","14":"instock","15":"shipping-taxable","16":"purchasable","17":"product-type-simple"},"acf":[],"_links":{"self":[{"href":"https:\/\/www.duboeuf.com\/en\/wp-json\/wp\/v2\/product\/122949","targetHints":{"allow":["GET"]}}],"collection":[{"href":"https:\/\/www.duboeuf.com\/en\/wp-json\/wp\/v2\/product"}],"about":[{"href":"https:\/\/www.duboeuf.com\/en\/wp-json\/wp\/v2\/types\/product"}],"wp:featuredmedia":[{"embeddable":true,"href":"https:\/\/www.duboeuf.com\/en\/wp-json\/wp\/v2\/media\/2971"}],"wp:attachment":[{"href":"https:\/\/www.duboeuf.com\/en\/wp-json\/wp\/v2\/media?parent=122949"}],"wp:term":[{"taxonomy":"product_brand","embeddable":true,"href":"https:\/\/www.duboeuf.com\/en\/wp-json\/wp\/v2\/product_brand?post=122949"},{"taxonomy":"product_cat","embeddable":true,"href":"https:\/\/www.duboeuf.com\/en\/wp-json\/wp\/v2\/product_cat?post=122949"},{"taxonomy":"product_tag","embeddable":true,"href":"https:\/\/www.duboeuf.com\/en\/wp-json\/wp\/v2\/product_tag?post=122949"},{"taxonomy":"region","embeddable":true,"href":"https:\/\/www.duboeuf.com\/en\/wp-json\/wp\/v2\/region?post=122949"},{"taxonomy":"aoc","embeddable":true,"href":"https:\/\/www.duboeuf.com\/en\/wp-json\/wp\/v2\/aoc?post=122949"},{"taxonomy":"couleur","embeddable":true,"href":"https:\/\/www.duboeuf.com\/en\/wp-json\/wp\/v2\/couleur?post=122949"},{"taxonomy":"gamme","embeddable":true,"href":"https:\/\/www.duboeuf.com\/en\/wp-json\/wp\/v2\/gamme?post=122949"},{"taxonomy":"millesime","embeddable":true,"href":"https:\/\/www.duboeuf.com\/en\/wp-json\/wp\/v2\/millesime?post=122949"},{"taxonomy":"collection","embeddable":true,"href":"https:\/\/www.duboeuf.com\/en\/wp-json\/wp\/v2\/collection?post=122949"}],"curies":[{"name":"wp","href":"https:\/\/api.w.org\/{rel}","templated":true}]}}