{"id":122952,"date":"2023-06-21T05:53:33","date_gmt":"2023-06-21T03:53:33","guid":{"rendered":"https:\/\/www.duboeuf.com\/e-boutique\/uncategorized\/morgon-selection-georges-duboeuf-2020-gold-medal-concours-des-grands-vins-de-france-a-macon-2021\/"},"modified":"2023-06-21T05:53:33","modified_gmt":"2023-06-21T03:53:33","slug":"morgon-selection-georges-duboeuf-2020-gold-medal-concours-des-grands-vins-de-france-a-macon-2021","status":"publish","type":"product","link":"https:\/\/www.duboeuf.com\/en\/e-boutique\/product\/morgon-selection-georges-duboeuf-2020-gold-medal-concours-des-grands-vins-de-france-a-macon-2021\/","title":{"rendered":"Morgon S\u00e9lection Georges Duboeuf 2020 Gold Medal Concours des Grands Vins de France \u00e0 M\u00e2con 2021"},"content":{"rendered":"<p>A brilliant deep garnet color.<br \/>\nThe nose reveals the charms of a Gamay harvested at optimum maturity in a sunny year.<br \/>\nIntense, it reveals a subtle marriage of spices and black fruit.<br \/>\nThe purity of the fruit (black cherry) is the charm of a measured, full-bodied, rich palate hemmed in by marvellous velvety tannins.<br \/>\nRefined and tasty from the start, this Morgon will also keep well.    <\/p>\n","protected":false},"excerpt":{"rendered":"<p>A brilliant deep garnet color. The nose reveals the charms of a Gamay harvested at optimum maturity in a sunny year. Intense, it reveals a subtle marriage of spices and black fruit. The purity of the fruit (black cherry) is the charm of a measured, full-bodied, rich palate hemmed in by marvellous velvety tannins. Refined [&hellip;]<\/p>\n","protected":false},"featured_media":109438,"template":"","meta":{"_acf_changed":false},"product_brand":[],"product_cat":[188],"product_tag":[],"region":[98],"aoc":[132],"couleur":[110],"gamme":[],"millesime":[40],"collection":[157],"class_list":{"0":"post-122952","1":"product","2":"type-product","3":"status-publish","4":"has-post-thumbnail","6":"product_cat-product","7":"region-beaujolais","8":"aoc-morgon-en","9":"couleur-red","10":"millesime-40","11":"collection-flowers","13":"first","14":"instock","15":"shipping-taxable","16":"purchasable","17":"product-type-simple"},"acf":[],"_links":{"self":[{"href":"https:\/\/www.duboeuf.com\/en\/wp-json\/wp\/v2\/product\/122952","targetHints":{"allow":["GET"]}}],"collection":[{"href":"https:\/\/www.duboeuf.com\/en\/wp-json\/wp\/v2\/product"}],"about":[{"href":"https:\/\/www.duboeuf.com\/en\/wp-json\/wp\/v2\/types\/product"}],"wp:featuredmedia":[{"embeddable":true,"href":"https:\/\/www.duboeuf.com\/en\/wp-json\/wp\/v2\/media\/109438"}],"wp:attachment":[{"href":"https:\/\/www.duboeuf.com\/en\/wp-json\/wp\/v2\/media?parent=122952"}],"wp:term":[{"taxonomy":"product_brand","embeddable":true,"href":"https:\/\/www.duboeuf.com\/en\/wp-json\/wp\/v2\/product_brand?post=122952"},{"taxonomy":"product_cat","embeddable":true,"href":"https:\/\/www.duboeuf.com\/en\/wp-json\/wp\/v2\/product_cat?post=122952"},{"taxonomy":"product_tag","embeddable":true,"href":"https:\/\/www.duboeuf.com\/en\/wp-json\/wp\/v2\/product_tag?post=122952"},{"taxonomy":"region","embeddable":true,"href":"https:\/\/www.duboeuf.com\/en\/wp-json\/wp\/v2\/region?post=122952"},{"taxonomy":"aoc","embeddable":true,"href":"https:\/\/www.duboeuf.com\/en\/wp-json\/wp\/v2\/aoc?post=122952"},{"taxonomy":"couleur","embeddable":true,"href":"https:\/\/www.duboeuf.com\/en\/wp-json\/wp\/v2\/couleur?post=122952"},{"taxonomy":"gamme","embeddable":true,"href":"https:\/\/www.duboeuf.com\/en\/wp-json\/wp\/v2\/gamme?post=122952"},{"taxonomy":"millesime","embeddable":true,"href":"https:\/\/www.duboeuf.com\/en\/wp-json\/wp\/v2\/millesime?post=122952"},{"taxonomy":"collection","embeddable":true,"href":"https:\/\/www.duboeuf.com\/en\/wp-json\/wp\/v2\/collection?post=122952"}],"curies":[{"name":"wp","href":"https:\/\/api.w.org\/{rel}","templated":true}]}}