{"id":122981,"date":"2022-07-04T07:40:57","date_gmt":"2022-07-04T05:40:57","guid":{"rendered":"https:\/\/www.duboeuf.com\/e-boutique\/uncategorized\/fleurie-2021-chateau-des-deduits\/"},"modified":"2022-07-04T07:40:57","modified_gmt":"2022-07-04T05:40:57","slug":"fleurie-2021-chateau-des-deduits","status":"publish","type":"product","link":"https:\/\/www.duboeuf.com\/en\/e-boutique\/product\/fleurie-2021-chateau-des-deduits\/","title":{"rendered":"Fleurie 2021 Ch\u00e2teau Des D\u00e9duits"},"content":{"rendered":"<p>The ch\u00e2teau, located in the hamlet of Les D\u00e9duits in the commune of Fleurie, comprises 7 hectares of vines in a single block.<br \/>\nThe oldest part of the building was constructed in the 17th century and renovated in 1880.<br \/>\nThe current owners, Monsieur and Madame BOISSIER, are the descendants of an old Beaujolais family who have run the estate for several centuries.<br \/>\nPassionate about vines and wine, they skilfully combine tradition and modernity for the benefit of quality and respect for an exceptional terroir.     &nbsp;<\/p>\n","protected":false},"excerpt":{"rendered":"<p>The ch\u00e2teau, located in the hamlet of Les D\u00e9duits in the commune of Fleurie, comprises 7 hectares of vines in a single block. The oldest part of the building was constructed in the 17th century and renovated in 1880. The current owners, Monsieur and Madame BOISSIER, are the descendants of an old Beaujolais family who [&hellip;]<\/p>\n","protected":false},"featured_media":2772,"template":"","meta":{"_acf_changed":false},"product_brand":[],"product_cat":[188],"product_tag":[],"region":[98],"aoc":[130],"couleur":[110],"gamme":[],"millesime":[35],"collection":[160],"class_list":{"0":"post-122981","1":"product","2":"type-product","3":"status-publish","4":"has-post-thumbnail","6":"product_cat-product","7":"region-beaujolais","8":"aoc-fleurie-en","9":"couleur-red","10":"millesime-35","11":"collection-domaines-chateaux-en","13":"first","14":"instock","15":"shipping-taxable","16":"purchasable","17":"product-type-simple"},"acf":[],"_links":{"self":[{"href":"https:\/\/www.duboeuf.com\/en\/wp-json\/wp\/v2\/product\/122981","targetHints":{"allow":["GET"]}}],"collection":[{"href":"https:\/\/www.duboeuf.com\/en\/wp-json\/wp\/v2\/product"}],"about":[{"href":"https:\/\/www.duboeuf.com\/en\/wp-json\/wp\/v2\/types\/product"}],"wp:featuredmedia":[{"embeddable":true,"href":"https:\/\/www.duboeuf.com\/en\/wp-json\/wp\/v2\/media\/2772"}],"wp:attachment":[{"href":"https:\/\/www.duboeuf.com\/en\/wp-json\/wp\/v2\/media?parent=122981"}],"wp:term":[{"taxonomy":"product_brand","embeddable":true,"href":"https:\/\/www.duboeuf.com\/en\/wp-json\/wp\/v2\/product_brand?post=122981"},{"taxonomy":"product_cat","embeddable":true,"href":"https:\/\/www.duboeuf.com\/en\/wp-json\/wp\/v2\/product_cat?post=122981"},{"taxonomy":"product_tag","embeddable":true,"href":"https:\/\/www.duboeuf.com\/en\/wp-json\/wp\/v2\/product_tag?post=122981"},{"taxonomy":"region","embeddable":true,"href":"https:\/\/www.duboeuf.com\/en\/wp-json\/wp\/v2\/region?post=122981"},{"taxonomy":"aoc","embeddable":true,"href":"https:\/\/www.duboeuf.com\/en\/wp-json\/wp\/v2\/aoc?post=122981"},{"taxonomy":"couleur","embeddable":true,"href":"https:\/\/www.duboeuf.com\/en\/wp-json\/wp\/v2\/couleur?post=122981"},{"taxonomy":"gamme","embeddable":true,"href":"https:\/\/www.duboeuf.com\/en\/wp-json\/wp\/v2\/gamme?post=122981"},{"taxonomy":"millesime","embeddable":true,"href":"https:\/\/www.duboeuf.com\/en\/wp-json\/wp\/v2\/millesime?post=122981"},{"taxonomy":"collection","embeddable":true,"href":"https:\/\/www.duboeuf.com\/en\/wp-json\/wp\/v2\/collection?post=122981"}],"curies":[{"name":"wp","href":"https:\/\/api.w.org\/{rel}","templated":true}]}}