{"id":122984,"date":"2022-07-04T07:41:24","date_gmt":"2022-07-04T05:41:24","guid":{"rendered":"https:\/\/www.duboeuf.com\/e-boutique\/uncategorized\/julienas-2021-chateau-des-capitans\/"},"modified":"2022-07-04T07:41:24","modified_gmt":"2022-07-04T05:41:24","slug":"julienas-2021-chateau-des-capitans","status":"publish","type":"product","link":"https:\/\/www.duboeuf.com\/en\/e-boutique\/product\/julienas-2021-chateau-des-capitans\/","title":{"rendered":"Juli\u00e9nas 2021 Ch\u00e2teau Des Capitans"},"content":{"rendered":"<p>This 19th-century ch\u00e2teau is located in the heart of the Juli\u00e9nas appellation, in a place known as &#8220;Les Capitans&#8221;.<br \/>\nCenturies-old cedars in the large one-hectare park bear witness to a great historical past.<br \/>\nThe single vineyard surrounds the estate and benefits from an excellent terroir.<br \/>\nThe South\/South-East exposure allows the grapes to benefit from excellent sunlight and reach perfect ripeness.<br \/>\nAccording to popular tradition, this &#8220;lieu dit&#8221; bears traces of a Roman past.<br \/>\nConsidered a strategic point, it is said to have been the headquarters of a military staff, hence the name &#8220;Capitan&#8221;, a reference to its function as a captaincy.<br \/>\nIn the 1940s, the ch\u00e2teau belonged to Mr. Victor PEYRET, who left behind him the Prix Victor PEYRET.<br \/>\nEach year, this prize rewards a personality who has contributed to the promotion of the vineyard.       <\/p>\n","protected":false},"excerpt":{"rendered":"<p>This 19th-century ch\u00e2teau is located in the heart of the Juli\u00e9nas appellation, in a place known as &#8220;Les Capitans&#8221;. Centuries-old cedars in the large one-hectare park bear witness to a great historical past. The single vineyard surrounds the estate and benefits from an excellent terroir. The South\/South-East exposure allows the grapes to benefit from excellent [&hellip;]<\/p>\n","protected":false},"featured_media":2798,"template":"","meta":{"_acf_changed":false},"product_brand":[],"product_cat":[188],"product_tag":[],"region":[98],"aoc":[129],"couleur":[110],"gamme":[],"millesime":[35],"collection":[160],"class_list":{"0":"post-122984","1":"product","2":"type-product","3":"status-publish","4":"has-post-thumbnail","6":"product_cat-product","7":"region-beaujolais","8":"aoc-julienas-en","9":"couleur-red","10":"millesime-35","11":"collection-domaines-chateaux-en","13":"first","14":"instock","15":"shipping-taxable","16":"purchasable","17":"product-type-simple"},"acf":[],"_links":{"self":[{"href":"https:\/\/www.duboeuf.com\/en\/wp-json\/wp\/v2\/product\/122984","targetHints":{"allow":["GET"]}}],"collection":[{"href":"https:\/\/www.duboeuf.com\/en\/wp-json\/wp\/v2\/product"}],"about":[{"href":"https:\/\/www.duboeuf.com\/en\/wp-json\/wp\/v2\/types\/product"}],"wp:featuredmedia":[{"embeddable":true,"href":"https:\/\/www.duboeuf.com\/en\/wp-json\/wp\/v2\/media\/2798"}],"wp:attachment":[{"href":"https:\/\/www.duboeuf.com\/en\/wp-json\/wp\/v2\/media?parent=122984"}],"wp:term":[{"taxonomy":"product_brand","embeddable":true,"href":"https:\/\/www.duboeuf.com\/en\/wp-json\/wp\/v2\/product_brand?post=122984"},{"taxonomy":"product_cat","embeddable":true,"href":"https:\/\/www.duboeuf.com\/en\/wp-json\/wp\/v2\/product_cat?post=122984"},{"taxonomy":"product_tag","embeddable":true,"href":"https:\/\/www.duboeuf.com\/en\/wp-json\/wp\/v2\/product_tag?post=122984"},{"taxonomy":"region","embeddable":true,"href":"https:\/\/www.duboeuf.com\/en\/wp-json\/wp\/v2\/region?post=122984"},{"taxonomy":"aoc","embeddable":true,"href":"https:\/\/www.duboeuf.com\/en\/wp-json\/wp\/v2\/aoc?post=122984"},{"taxonomy":"couleur","embeddable":true,"href":"https:\/\/www.duboeuf.com\/en\/wp-json\/wp\/v2\/couleur?post=122984"},{"taxonomy":"gamme","embeddable":true,"href":"https:\/\/www.duboeuf.com\/en\/wp-json\/wp\/v2\/gamme?post=122984"},{"taxonomy":"millesime","embeddable":true,"href":"https:\/\/www.duboeuf.com\/en\/wp-json\/wp\/v2\/millesime?post=122984"},{"taxonomy":"collection","embeddable":true,"href":"https:\/\/www.duboeuf.com\/en\/wp-json\/wp\/v2\/collection?post=122984"}],"curies":[{"name":"wp","href":"https:\/\/api.w.org\/{rel}","templated":true}]}}