{"id":123011,"date":"2022-07-04T07:41:57","date_gmt":"2022-07-04T05:41:57","guid":{"rendered":"https:\/\/www.duboeuf.com\/e-boutique\/uncategorized\/moulin-a-vent-2019-domaine-roche-noire\/"},"modified":"2022-07-04T07:41:57","modified_gmt":"2022-07-04T05:41:57","slug":"moulin-a-vent-2019-domaine-roche-noire","status":"publish","type":"product","link":"https:\/\/www.duboeuf.com\/en\/e-boutique\/product\/moulin-a-vent-2019-domaine-roche-noire\/","title":{"rendered":"Moulin-A-Vent 2019 Domaine Roche Noire"},"content":{"rendered":"<p>Domaine de la Roche Noire is located in the hills above Ch\u00e9nas.<br \/>\nThe estate covers 11 hectares, divided between the Ch\u00e9nas (0.70 ha) and Saint-Amour (2.25 ha) appellations, but mainly Moulin-\u00e0-Vent.<br \/>\nThe vines benefit from several different exposures, the majority facing south\/east.<br \/>\nThe number of vines per hectare is 10,000.<br \/>\nThe vines are cultivated using sustainable methods.<br \/>\n8o% of the harvest is de-stemmed, a third is vinified by hot prefermentary maceration, and the remainder by traditional vinification with tank toasting and d\u00e9lestage (depending on the vintage).<br \/>\nThe Domaine has been awarded HVE certification.<br \/>\nHigh Environmental Value is the most demanding level of an environmental certification scheme for agricultural and viticultural operations.<br \/>\nIt is a voluntary process designed to identify and promote practices that are particularly respectful of the environment.<br \/>\nIt covers 4 themes: biodiversity preservation, phytosanitary strategy, fertilization management and water resource management.         <\/p>\n","protected":false},"excerpt":{"rendered":"<p>Domaine de la Roche Noire is located in the hills above Ch\u00e9nas. The estate covers 11 hectares, divided between the Ch\u00e9nas (0.70 ha) and Saint-Amour (2.25 ha) appellations, but mainly Moulin-\u00e0-Vent. The vines benefit from several different exposures, the majority facing south\/east. The number of vines per hectare is 10,000. The vines are cultivated using [&hellip;]<\/p>\n","protected":false},"featured_media":2895,"template":"","meta":{"_acf_changed":false},"product_brand":[],"product_cat":[188],"product_tag":[],"region":[98],"aoc":[133],"couleur":[110],"gamme":[],"millesime":[41],"collection":[160],"class_list":{"0":"post-123011","1":"product","2":"type-product","3":"status-publish","4":"has-post-thumbnail","6":"product_cat-product","7":"region-beaujolais","8":"aoc-moulin-a-vent-en","9":"couleur-red","10":"millesime-41","11":"collection-domaines-chateaux-en","13":"first","14":"instock","15":"shipping-taxable","16":"purchasable","17":"product-type-simple"},"acf":[],"_links":{"self":[{"href":"https:\/\/www.duboeuf.com\/en\/wp-json\/wp\/v2\/product\/123011","targetHints":{"allow":["GET"]}}],"collection":[{"href":"https:\/\/www.duboeuf.com\/en\/wp-json\/wp\/v2\/product"}],"about":[{"href":"https:\/\/www.duboeuf.com\/en\/wp-json\/wp\/v2\/types\/product"}],"wp:featuredmedia":[{"embeddable":true,"href":"https:\/\/www.duboeuf.com\/en\/wp-json\/wp\/v2\/media\/2895"}],"wp:attachment":[{"href":"https:\/\/www.duboeuf.com\/en\/wp-json\/wp\/v2\/media?parent=123011"}],"wp:term":[{"taxonomy":"product_brand","embeddable":true,"href":"https:\/\/www.duboeuf.com\/en\/wp-json\/wp\/v2\/product_brand?post=123011"},{"taxonomy":"product_cat","embeddable":true,"href":"https:\/\/www.duboeuf.com\/en\/wp-json\/wp\/v2\/product_cat?post=123011"},{"taxonomy":"product_tag","embeddable":true,"href":"https:\/\/www.duboeuf.com\/en\/wp-json\/wp\/v2\/product_tag?post=123011"},{"taxonomy":"region","embeddable":true,"href":"https:\/\/www.duboeuf.com\/en\/wp-json\/wp\/v2\/region?post=123011"},{"taxonomy":"aoc","embeddable":true,"href":"https:\/\/www.duboeuf.com\/en\/wp-json\/wp\/v2\/aoc?post=123011"},{"taxonomy":"couleur","embeddable":true,"href":"https:\/\/www.duboeuf.com\/en\/wp-json\/wp\/v2\/couleur?post=123011"},{"taxonomy":"gamme","embeddable":true,"href":"https:\/\/www.duboeuf.com\/en\/wp-json\/wp\/v2\/gamme?post=123011"},{"taxonomy":"millesime","embeddable":true,"href":"https:\/\/www.duboeuf.com\/en\/wp-json\/wp\/v2\/millesime?post=123011"},{"taxonomy":"collection","embeddable":true,"href":"https:\/\/www.duboeuf.com\/en\/wp-json\/wp\/v2\/collection?post=123011"}],"curies":[{"name":"wp","href":"https:\/\/api.w.org\/{rel}","templated":true}]}}