{"id":123032,"date":"2023-08-30T16:15:25","date_gmt":"2023-08-30T14:15:25","guid":{"rendered":"https:\/\/www.duboeuf.com\/e-boutique\/uncategorized\/pouilly-fuisse-aged-in-oak-barrels\/"},"modified":"2023-08-30T16:15:25","modified_gmt":"2023-08-30T14:15:25","slug":"pouilly-fuisse-aged-in-oak-barrels","status":"publish","type":"product","link":"https:\/\/www.duboeuf.com\/en\/e-boutique\/data-sheet\/pouilly-fuisse-aged-in-oak-barrels\/","title":{"rendered":"Pouilly-Fuiss\u00e9 Aged In Oak Barrels"},"content":{"rendered":"<p>The profile of the Solutr\u00e9 and Vergisson rocks juts into the sky like the prow of two ships.<br \/>\nAt their foot, the most prestigious vineyard in the M\u00e2connais region, Pouilly Fuiss\u00e9, extends over the communes of Fuiss\u00e9, Chaintr\u00e9, Solutr\u00e9-Pouilly and Vergisson.<br \/>\nThe prehistoric and historical interest of these rocks is undeniable.<br \/>\nIn 1987, a unique Museum of Prehistory was inaugurated in Solutr\u00e9.<br \/>\nIt is recognized as one of the most important museums of its kind.<br \/>\nFor this special &#8220;F\u00fbt de Ch\u00eane&#8221; cuv\u00e9e, the wine is aged for a minimum of 8 months in new or one- or two-year-old barrels.<br \/>\nMost of the barrels, made of French oak, come from a cooper with whom we&#8217;ve worked closely for over thirty years.<br \/>\nThe wine, already complex, is enriched by a delicate woody, vanilla note that marries perfectly with the flinty minerality characteristic of the appellation.       <\/p>\n","protected":false},"excerpt":{"rendered":"<p>The profile of the Solutr\u00e9 and Vergisson rocks juts into the sky like the prow of two ships. At their foot, the most prestigious vineyard in the M\u00e2connais region, Pouilly Fuiss\u00e9, extends over the communes of Fuiss\u00e9, Chaintr\u00e9, Solutr\u00e9-Pouilly and Vergisson. The prehistoric and historical interest of these rocks is undeniable. In 1987, a unique [&hellip;]<\/p>\n","protected":false},"featured_media":120641,"template":"","meta":{"_acf_changed":false},"product_brand":[],"product_cat":[38],"product_tag":[],"region":[100],"aoc":[135],"couleur":[173],"gamme":[],"millesime":[],"collection":[157],"class_list":{"0":"post-123032","1":"product","2":"type-product","3":"status-publish","4":"has-post-thumbnail","6":"product_cat-data-sheet","7":"region-maconnais","8":"aoc-pouilly-fuisse-en","9":"couleur-white","10":"collection-flowers","12":"first","13":"outofstock","14":"product-type-simple"},"acf":[],"_links":{"self":[{"href":"https:\/\/www.duboeuf.com\/en\/wp-json\/wp\/v2\/product\/123032","targetHints":{"allow":["GET"]}}],"collection":[{"href":"https:\/\/www.duboeuf.com\/en\/wp-json\/wp\/v2\/product"}],"about":[{"href":"https:\/\/www.duboeuf.com\/en\/wp-json\/wp\/v2\/types\/product"}],"wp:featuredmedia":[{"embeddable":true,"href":"https:\/\/www.duboeuf.com\/en\/wp-json\/wp\/v2\/media\/120641"}],"wp:attachment":[{"href":"https:\/\/www.duboeuf.com\/en\/wp-json\/wp\/v2\/media?parent=123032"}],"wp:term":[{"taxonomy":"product_brand","embeddable":true,"href":"https:\/\/www.duboeuf.com\/en\/wp-json\/wp\/v2\/product_brand?post=123032"},{"taxonomy":"product_cat","embeddable":true,"href":"https:\/\/www.duboeuf.com\/en\/wp-json\/wp\/v2\/product_cat?post=123032"},{"taxonomy":"product_tag","embeddable":true,"href":"https:\/\/www.duboeuf.com\/en\/wp-json\/wp\/v2\/product_tag?post=123032"},{"taxonomy":"region","embeddable":true,"href":"https:\/\/www.duboeuf.com\/en\/wp-json\/wp\/v2\/region?post=123032"},{"taxonomy":"aoc","embeddable":true,"href":"https:\/\/www.duboeuf.com\/en\/wp-json\/wp\/v2\/aoc?post=123032"},{"taxonomy":"couleur","embeddable":true,"href":"https:\/\/www.duboeuf.com\/en\/wp-json\/wp\/v2\/couleur?post=123032"},{"taxonomy":"gamme","embeddable":true,"href":"https:\/\/www.duboeuf.com\/en\/wp-json\/wp\/v2\/gamme?post=123032"},{"taxonomy":"millesime","embeddable":true,"href":"https:\/\/www.duboeuf.com\/en\/wp-json\/wp\/v2\/millesime?post=123032"},{"taxonomy":"collection","embeddable":true,"href":"https:\/\/www.duboeuf.com\/en\/wp-json\/wp\/v2\/collection?post=123032"}],"curies":[{"name":"wp","href":"https:\/\/api.w.org\/{rel}","templated":true}]}}