{"id":123033,"date":"2023-08-30T16:15:02","date_gmt":"2023-08-30T14:15:02","guid":{"rendered":"https:\/\/www.duboeuf.com\/e-boutique\/uncategorized\/beaujolais-villages-domaine-de-la-madone-des-loges-2\/"},"modified":"2023-08-30T16:15:02","modified_gmt":"2023-08-30T14:15:02","slug":"beaujolais-villages-domaine-de-la-madone-des-loges-2","status":"publish","type":"product","link":"https:\/\/www.duboeuf.com\/en\/e-boutique\/data-sheet\/beaujolais-villages-domaine-de-la-madone-des-loges-2\/","title":{"rendered":"Beaujolais-Villages Domaine De La Madone Des Loges"},"content":{"rendered":"<p>38 communes (31 in Rh\u00f4ne and 7 in Sa\u00f4ne-et-Loire), spread over 3 geographical areas with distinct characteristics, give life to Beaujolais-Villages, the first French appellation to use the term &#8220;Villages&#8221;.<br \/>\nDomaine de la Madone des Loges is located in the commune of Le P\u00e9rr\u00e9on, near Villefranche sur Sa\u00f4ne.<br \/>\nThe vines are over 40 years old.<br \/>\nIn keeping with the specific characteristics of the Beaujolais region, the grapes are always harvested by hand and vinified in whole bunches.<br \/>\nThe winemaker carries out a 10-day semi-carbonic maceration, with temperature control throughout the fermentation process.    <\/p>\n","protected":false},"excerpt":{"rendered":"<p>38 communes (31 in Rh\u00f4ne and 7 in Sa\u00f4ne-et-Loire), spread over 3 geographical areas with distinct characteristics, give life to Beaujolais-Villages, the first French appellation to use the term &#8220;Villages&#8221;. Domaine de la Madone des Loges is located in the commune of Le P\u00e9rr\u00e9on, near Villefranche sur Sa\u00f4ne. The vines are over 40 years old. [&hellip;]<\/p>\n","protected":false},"featured_media":3080,"template":"","meta":{"_acf_changed":false},"product_brand":[],"product_cat":[38],"product_tag":[],"region":[98],"aoc":[120],"couleur":[110],"gamme":[],"millesime":[],"collection":[160],"class_list":{"0":"post-123033","1":"product","2":"type-product","3":"status-publish","4":"has-post-thumbnail","6":"product_cat-data-sheet","7":"region-beaujolais","8":"aoc-beaujolais-villages-en","9":"couleur-red","10":"collection-domaines-chateaux-en","12":"first","13":"outofstock","14":"product-type-simple"},"acf":[],"_links":{"self":[{"href":"https:\/\/www.duboeuf.com\/en\/wp-json\/wp\/v2\/product\/123033","targetHints":{"allow":["GET"]}}],"collection":[{"href":"https:\/\/www.duboeuf.com\/en\/wp-json\/wp\/v2\/product"}],"about":[{"href":"https:\/\/www.duboeuf.com\/en\/wp-json\/wp\/v2\/types\/product"}],"wp:featuredmedia":[{"embeddable":true,"href":"https:\/\/www.duboeuf.com\/en\/wp-json\/wp\/v2\/media\/3080"}],"wp:attachment":[{"href":"https:\/\/www.duboeuf.com\/en\/wp-json\/wp\/v2\/media?parent=123033"}],"wp:term":[{"taxonomy":"product_brand","embeddable":true,"href":"https:\/\/www.duboeuf.com\/en\/wp-json\/wp\/v2\/product_brand?post=123033"},{"taxonomy":"product_cat","embeddable":true,"href":"https:\/\/www.duboeuf.com\/en\/wp-json\/wp\/v2\/product_cat?post=123033"},{"taxonomy":"product_tag","embeddable":true,"href":"https:\/\/www.duboeuf.com\/en\/wp-json\/wp\/v2\/product_tag?post=123033"},{"taxonomy":"region","embeddable":true,"href":"https:\/\/www.duboeuf.com\/en\/wp-json\/wp\/v2\/region?post=123033"},{"taxonomy":"aoc","embeddable":true,"href":"https:\/\/www.duboeuf.com\/en\/wp-json\/wp\/v2\/aoc?post=123033"},{"taxonomy":"couleur","embeddable":true,"href":"https:\/\/www.duboeuf.com\/en\/wp-json\/wp\/v2\/couleur?post=123033"},{"taxonomy":"gamme","embeddable":true,"href":"https:\/\/www.duboeuf.com\/en\/wp-json\/wp\/v2\/gamme?post=123033"},{"taxonomy":"millesime","embeddable":true,"href":"https:\/\/www.duboeuf.com\/en\/wp-json\/wp\/v2\/millesime?post=123033"},{"taxonomy":"collection","embeddable":true,"href":"https:\/\/www.duboeuf.com\/en\/wp-json\/wp\/v2\/collection?post=123033"}],"curies":[{"name":"wp","href":"https:\/\/api.w.org\/{rel}","templated":true}]}}