{"id":123037,"date":"2023-08-30T16:15:52","date_gmt":"2023-08-30T14:15:52","guid":{"rendered":"https:\/\/www.duboeuf.com\/e-boutique\/uncategorized\/pouilly-fuisse-premier-cru-3\/"},"modified":"2023-08-30T16:15:52","modified_gmt":"2023-08-30T14:15:52","slug":"pouilly-fuisse-premier-cru-3","status":"publish","type":"product","link":"https:\/\/www.duboeuf.com\/en\/e-boutique\/data-sheet\/pouilly-fuisse-premier-cru-3\/","title":{"rendered":"Pouilly-Fuiss\u00e9 Premier Cru"},"content":{"rendered":"<p>The ever-increasing quality of the appellation&#8217;s climats, recognized as being on a par with the best classified Burgundy climats, led the Board of Directors of the Union des Producteurs to initiate the process for recognition as a 1er Cru, presented at the General Meeting of March 29, 2008.<br \/>\nDocumentary research into the history of the climats, a precise geological, pedological and topographical study of the appellation, a plot survey of all producers, cultivation practices, economic data, tasting sessions and public meetings were all undertaken.<br \/>\nThe Institut National de l&#8217;Origine et de la Qualit\u00e9 approved the recognition of 22 climats as 1er crus.<br \/>\nThey represent 24% of the AOC area, spread over the four communes of the appellation: Chaintr\u00e9, Fuiss\u00e9, Solutr\u00e9-Pouilly and Vergisson.<br \/>\nPremier Cru&#8221; wines can be fruitier, more powerful or more mineral, depending on the origin of the grapes.<br \/>\nThey require longer aging to fully express their balance, length, intensity and complexity.     <\/p>\n","protected":false},"excerpt":{"rendered":"<p>The ever-increasing quality of the appellation&#8217;s climats, recognized as being on a par with the best classified Burgundy climats, led the Board of Directors of the Union des Producteurs to initiate the process for recognition as a 1er Cru, presented at the General Meeting of March 29, 2008. Documentary research into the history of the [&hellip;]<\/p>\n","protected":false},"featured_media":3192,"template":"","meta":{"_acf_changed":false},"product_brand":[],"product_cat":[38],"product_tag":[],"region":[100],"aoc":[136],"couleur":[173],"gamme":[],"millesime":[],"collection":[160],"class_list":{"0":"post-123037","1":"product","2":"type-product","3":"status-publish","4":"has-post-thumbnail","6":"product_cat-data-sheet","7":"region-maconnais","8":"aoc-pouilly-fuisse-premier-cru-en","9":"couleur-white","10":"collection-domaines-chateaux-en","12":"first","13":"outofstock","14":"product-type-simple"},"acf":[],"_links":{"self":[{"href":"https:\/\/www.duboeuf.com\/en\/wp-json\/wp\/v2\/product\/123037","targetHints":{"allow":["GET"]}}],"collection":[{"href":"https:\/\/www.duboeuf.com\/en\/wp-json\/wp\/v2\/product"}],"about":[{"href":"https:\/\/www.duboeuf.com\/en\/wp-json\/wp\/v2\/types\/product"}],"wp:featuredmedia":[{"embeddable":true,"href":"https:\/\/www.duboeuf.com\/en\/wp-json\/wp\/v2\/media\/3192"}],"wp:attachment":[{"href":"https:\/\/www.duboeuf.com\/en\/wp-json\/wp\/v2\/media?parent=123037"}],"wp:term":[{"taxonomy":"product_brand","embeddable":true,"href":"https:\/\/www.duboeuf.com\/en\/wp-json\/wp\/v2\/product_brand?post=123037"},{"taxonomy":"product_cat","embeddable":true,"href":"https:\/\/www.duboeuf.com\/en\/wp-json\/wp\/v2\/product_cat?post=123037"},{"taxonomy":"product_tag","embeddable":true,"href":"https:\/\/www.duboeuf.com\/en\/wp-json\/wp\/v2\/product_tag?post=123037"},{"taxonomy":"region","embeddable":true,"href":"https:\/\/www.duboeuf.com\/en\/wp-json\/wp\/v2\/region?post=123037"},{"taxonomy":"aoc","embeddable":true,"href":"https:\/\/www.duboeuf.com\/en\/wp-json\/wp\/v2\/aoc?post=123037"},{"taxonomy":"couleur","embeddable":true,"href":"https:\/\/www.duboeuf.com\/en\/wp-json\/wp\/v2\/couleur?post=123037"},{"taxonomy":"gamme","embeddable":true,"href":"https:\/\/www.duboeuf.com\/en\/wp-json\/wp\/v2\/gamme?post=123037"},{"taxonomy":"millesime","embeddable":true,"href":"https:\/\/www.duboeuf.com\/en\/wp-json\/wp\/v2\/millesime?post=123037"},{"taxonomy":"collection","embeddable":true,"href":"https:\/\/www.duboeuf.com\/en\/wp-json\/wp\/v2\/collection?post=123037"}],"curies":[{"name":"wp","href":"https:\/\/api.w.org\/{rel}","templated":true}]}}