{"id":123859,"date":"2025-03-31T09:16:34","date_gmt":"2025-03-31T07:16:34","guid":{"rendered":"https:\/\/www.duboeuf.com\/?post_type=product&#038;p=123859"},"modified":"2026-04-21T15:50:53","modified_gmt":"2026-04-21T13:50:53","slug":"chenas-2023-selection-georges-duboeuf","status":"publish","type":"product","link":"https:\/\/www.duboeuf.com\/en\/e-boutique\/product\/chenas-2023-selection-georges-duboeuf\/","title":{"rendered":"Ch\u00e9nas 2023 S\u00e9lection Georges Duboeuf"},"content":{"rendered":"<p>Ch\u00e9nas, village qui a donn\u00e9 son  nom au vin (\u00e0 moins que ce ne soit le contraire !), repr\u00e9sente le plus petit des dix Crus de par son volume. C&#8217;est probablement pour cela qu&#8217;il est si injustement m\u00e9connu, pourtant son rapport qualit\u00e9 prix est exceptionnel. L&#8217;origine de son nom serait li\u00e9e au mot gaulois  &#8220;cassanus&#8221;  qui signifie un lieu plant\u00e9 de ch\u00eanes, ou encore \u00e0 un patricien  romain appel\u00e9 Canus. Quoi qu&#8217;il en soit, il est av\u00e9r\u00e9 que le territoire de la commune \u00e9tait tr\u00e8s longtemps couvert d&#8217;une for\u00eat de ch\u00eanes, depuis la lointaine<br \/>\nAntiquit\u00e9 nous savons toute l&#8217;importance que les druides attachaient \u00e0 cet arbre sacr\u00e9. D&#8217;ailleurs, les Gaulois n&#8217;ont-ils pas invent\u00e9 le f\u00fbt, ce contenant de g\u00e9nie qui permet non seulement de loger le vin pour son \u00e9levage  et m\u00eame sa vinification, mais aussi de le transporter ? D&#8217;aucuns affirment que le Ch\u00e9nas \u00e9tait le  vin pr\u00e9f\u00e9r\u00e9 de Louis XIII. M\u00e9riter ainsi la confiance royale n&#8217;est pas un pi\u00e8tre compliment. C&#8217;est, en effet, un vin g\u00e9n\u00e9reux et fin, digne des meilleures tables.<\/p>\n","protected":false},"excerpt":{"rendered":"<p>Ch\u00e9nas, village qui a donn\u00e9 son nom au vin (\u00e0 moins que ce ne soit le contraire !), repr\u00e9sente le plus petit des dix Crus de par son volume. C&#8217;est probablement pour cela qu&#8217;il est si injustement m\u00e9connu, pourtant son rapport qualit\u00e9 prix est exceptionnel. L&#8217;origine de son nom serait li\u00e9e au mot gaulois &#8220;cassanus&#8221; [&hellip;]<\/p>\n","protected":false},"featured_media":123860,"template":"","meta":{"_acf_changed":false},"product_brand":[],"product_cat":[29],"product_tag":[],"region":[33],"aoc":[79],"couleur":[92],"gamme":[],"millesime":[184],"collection":[156],"class_list":{"0":"post-123859","1":"product","2":"type-product","3":"status-publish","4":"has-post-thumbnail","6":"product_cat-produit","7":"region-vins-du-beaujolais","8":"aoc-chenas","9":"couleur-rouge","10":"millesime-184","11":"collection-fleurs","13":"first","14":"instock","15":"shipping-taxable","16":"purchasable","17":"product-type-simple"},"acf":[],"_links":{"self":[{"href":"https:\/\/www.duboeuf.com\/en\/wp-json\/wp\/v2\/product\/123859","targetHints":{"allow":["GET"]}}],"collection":[{"href":"https:\/\/www.duboeuf.com\/en\/wp-json\/wp\/v2\/product"}],"about":[{"href":"https:\/\/www.duboeuf.com\/en\/wp-json\/wp\/v2\/types\/product"}],"wp:featuredmedia":[{"embeddable":true,"href":"https:\/\/www.duboeuf.com\/en\/wp-json\/wp\/v2\/media\/123860"}],"wp:attachment":[{"href":"https:\/\/www.duboeuf.com\/en\/wp-json\/wp\/v2\/media?parent=123859"}],"wp:term":[{"taxonomy":"product_brand","embeddable":true,"href":"https:\/\/www.duboeuf.com\/en\/wp-json\/wp\/v2\/product_brand?post=123859"},{"taxonomy":"product_cat","embeddable":true,"href":"https:\/\/www.duboeuf.com\/en\/wp-json\/wp\/v2\/product_cat?post=123859"},{"taxonomy":"product_tag","embeddable":true,"href":"https:\/\/www.duboeuf.com\/en\/wp-json\/wp\/v2\/product_tag?post=123859"},{"taxonomy":"region","embeddable":true,"href":"https:\/\/www.duboeuf.com\/en\/wp-json\/wp\/v2\/region?post=123859"},{"taxonomy":"aoc","embeddable":true,"href":"https:\/\/www.duboeuf.com\/en\/wp-json\/wp\/v2\/aoc?post=123859"},{"taxonomy":"couleur","embeddable":true,"href":"https:\/\/www.duboeuf.com\/en\/wp-json\/wp\/v2\/couleur?post=123859"},{"taxonomy":"gamme","embeddable":true,"href":"https:\/\/www.duboeuf.com\/en\/wp-json\/wp\/v2\/gamme?post=123859"},{"taxonomy":"millesime","embeddable":true,"href":"https:\/\/www.duboeuf.com\/en\/wp-json\/wp\/v2\/millesime?post=123859"},{"taxonomy":"collection","embeddable":true,"href":"https:\/\/www.duboeuf.com\/en\/wp-json\/wp\/v2\/collection?post=123859"}],"curies":[{"name":"wp","href":"https:\/\/api.w.org\/{rel}","templated":true}]}}