{"id":124657,"date":"2025-10-17T10:17:24","date_gmt":"2025-10-17T08:17:24","guid":{"rendered":"https:\/\/www.duboeuf.com\/?post_type=product&#038;p=124657"},"modified":"2026-03-24T07:50:59","modified_gmt":"2026-03-24T06:50:59","slug":"cote-de-brouilly-selection-georges-duboeuf-2022-medaille-dor-au-concours-des-grands-vins-du-beaujolais","status":"publish","type":"product","link":"https:\/\/www.duboeuf.com\/en\/e-boutique\/product\/cote-de-brouilly-selection-georges-duboeuf-2022-medaille-dor-au-concours-des-grands-vins-du-beaujolais\/","title":{"rendered":"C\u00f4te-De-Brouilly S\u00e9lection Georges Duboeuf 2022 M\u00e9daille d&#8217;Or au Concours des Grands Vins du Beaujolais"},"content":{"rendered":"<p>Le c\u00f4te de Brouilly comme le sugg\u00e8re son nom, provient des flans escarp\u00e9s du Mont Brouilly, d&#8217;origine volcanique. A moins que vous ne pr\u00e9f\u00e9riez la jolie l\u00e9gende selon laquelle cette colline naquit du d\u00e9versement de la hotte d&#8217;un g\u00e9ant ayant creus\u00e9 la Sa\u00f4ne ! <\/p>\n<p>S&#8217;\u00e9levant \u00e0 485 m\u00e8tres, son sommet couronn\u00e9 de la chapelle Notre-Dame du Raisin, \u00e9lev\u00e9e en 1955 et d\u00e9di\u00e9e \u00e0 la vierge de Fourvi\u00e8re, offre un splendide panorama de  tout le pays viticole du Beaujolais. Son Sol est constitu\u00e9 de granit et de schistes durs de couleur bleu vert sombre. C&#8217;est la fameuse \u00ab pierre bleue \u00bb qui donne \u00e0 ce noble cru toute sa vigueur et, avec le temps, sa grande finesse. Les roches des coteaux emmagasinent la chaleur du soleil le jour, pour la restituer aux ceps la nuit. Le C\u00f4te de Brouilly est un grand vin qui nous r\u00e9v\u00e8le la saveur de la terre.<\/p>\n","protected":false},"excerpt":{"rendered":"<p>Le c\u00f4te de Brouilly comme le sugg\u00e8re son nom, provient des flans escarp\u00e9s du Mont Brouilly, d&#8217;origine volcanique. A moins que vous ne pr\u00e9f\u00e9riez la jolie l\u00e9gende selon laquelle cette colline naquit du d\u00e9versement de la hotte d&#8217;un g\u00e9ant ayant creus\u00e9 la Sa\u00f4ne ! S&#8217;\u00e9levant \u00e0 485 m\u00e8tres, son sommet couronn\u00e9 de la chapelle Notre-Dame [&hellip;]<\/p>\n","protected":false},"featured_media":109434,"template":"","meta":{"_acf_changed":false},"product_brand":[],"product_cat":[29],"product_tag":[],"region":[33],"aoc":[72],"couleur":[92],"gamme":[],"millesime":[177],"collection":[156],"class_list":{"0":"post-124657","1":"product","2":"type-product","3":"status-publish","4":"has-post-thumbnail","6":"product_cat-produit","7":"region-vins-du-beaujolais","8":"aoc-cote-de-brouilly","9":"couleur-rouge","10":"millesime-177","11":"collection-fleurs","13":"first","14":"instock","15":"shipping-taxable","16":"purchasable","17":"product-type-simple"},"acf":[],"_links":{"self":[{"href":"https:\/\/www.duboeuf.com\/en\/wp-json\/wp\/v2\/product\/124657","targetHints":{"allow":["GET"]}}],"collection":[{"href":"https:\/\/www.duboeuf.com\/en\/wp-json\/wp\/v2\/product"}],"about":[{"href":"https:\/\/www.duboeuf.com\/en\/wp-json\/wp\/v2\/types\/product"}],"wp:featuredmedia":[{"embeddable":true,"href":"https:\/\/www.duboeuf.com\/en\/wp-json\/wp\/v2\/media\/109434"}],"wp:attachment":[{"href":"https:\/\/www.duboeuf.com\/en\/wp-json\/wp\/v2\/media?parent=124657"}],"wp:term":[{"taxonomy":"product_brand","embeddable":true,"href":"https:\/\/www.duboeuf.com\/en\/wp-json\/wp\/v2\/product_brand?post=124657"},{"taxonomy":"product_cat","embeddable":true,"href":"https:\/\/www.duboeuf.com\/en\/wp-json\/wp\/v2\/product_cat?post=124657"},{"taxonomy":"product_tag","embeddable":true,"href":"https:\/\/www.duboeuf.com\/en\/wp-json\/wp\/v2\/product_tag?post=124657"},{"taxonomy":"region","embeddable":true,"href":"https:\/\/www.duboeuf.com\/en\/wp-json\/wp\/v2\/region?post=124657"},{"taxonomy":"aoc","embeddable":true,"href":"https:\/\/www.duboeuf.com\/en\/wp-json\/wp\/v2\/aoc?post=124657"},{"taxonomy":"couleur","embeddable":true,"href":"https:\/\/www.duboeuf.com\/en\/wp-json\/wp\/v2\/couleur?post=124657"},{"taxonomy":"gamme","embeddable":true,"href":"https:\/\/www.duboeuf.com\/en\/wp-json\/wp\/v2\/gamme?post=124657"},{"taxonomy":"millesime","embeddable":true,"href":"https:\/\/www.duboeuf.com\/en\/wp-json\/wp\/v2\/millesime?post=124657"},{"taxonomy":"collection","embeddable":true,"href":"https:\/\/www.duboeuf.com\/en\/wp-json\/wp\/v2\/collection?post=124657"}],"curies":[{"name":"wp","href":"https:\/\/api.w.org\/{rel}","templated":true}]}}