{"id":124662,"date":"2025-10-17T10:17:32","date_gmt":"2025-10-17T08:17:32","guid":{"rendered":"https:\/\/www.duboeuf.com\/?post_type=product&#038;p=124662"},"modified":"2026-03-24T07:51:00","modified_gmt":"2026-03-24T06:51:00","slug":"moulin-a-vent-2020-domaine-du-pourpre-2","status":"publish","type":"product","link":"https:\/\/www.duboeuf.com\/en\/e-boutique\/product\/moulin-a-vent-2020-domaine-du-pourpre-2\/","title":{"rendered":"Moulin-A-Vent 2020 Domaine Du Pourpre"},"content":{"rendered":"<p>Le domaine du Pourpre est une exploitation familiale situ\u00e9e sur la commune de Ch\u00e9nas. La famille MEZIAT y travaille depuis 5 g\u00e9n\u00e9rations. C&#8217;est en 1978 que l&#8217;exploitant actuel, Bernard MEZIAT, a fait son entr\u00e9e. Autant dire que nous avons l\u00e0 un vigneron tr\u00e8s exp\u00e9riment\u00e9, \u00e9paul\u00e9 aujourd&#8217;hui par son fils Tanguy.<\/p>\n<p>Les vignes du domaine ont 65 ans en moyenne et sont expos\u00e9es sud-sud est. D&#8217;une densit\u00e9 de 9 000 \u00e0 10 000 pieds par hectare, elles sont conduites en lutte raisonn\u00e9e, avec une taille courte en gobelet.  Les rendements sont de 40 \u00e0 50 hl.<\/p>\n","protected":false},"excerpt":{"rendered":"<p>Le domaine du Pourpre est une exploitation familiale situ\u00e9e sur la commune de Ch\u00e9nas. La famille MEZIAT y travaille depuis 5 g\u00e9n\u00e9rations. C&#8217;est en 1978 que l&#8217;exploitant actuel, Bernard MEZIAT, a fait son entr\u00e9e. Autant dire que nous avons l\u00e0 un vigneron tr\u00e8s exp\u00e9riment\u00e9, \u00e9paul\u00e9 aujourd&#8217;hui par son fils Tanguy. Les vignes du domaine ont [&hellip;]<\/p>\n","protected":false},"featured_media":4096,"template":"","meta":{"_acf_changed":false},"product_brand":[],"product_cat":[29],"product_tag":[],"region":[33],"aoc":[75],"couleur":[92],"gamme":[],"millesime":[40],"collection":[151],"class_list":{"0":"post-124662","1":"product","2":"type-product","3":"status-publish","4":"has-post-thumbnail","6":"product_cat-produit","7":"region-vins-du-beaujolais","8":"aoc-moulin-a-vent","9":"couleur-rouge","10":"millesime-40","11":"collection-domaines-chateaux","13":"first","14":"instock","15":"shipping-taxable","16":"purchasable","17":"product-type-simple"},"acf":[],"_links":{"self":[{"href":"https:\/\/www.duboeuf.com\/en\/wp-json\/wp\/v2\/product\/124662","targetHints":{"allow":["GET"]}}],"collection":[{"href":"https:\/\/www.duboeuf.com\/en\/wp-json\/wp\/v2\/product"}],"about":[{"href":"https:\/\/www.duboeuf.com\/en\/wp-json\/wp\/v2\/types\/product"}],"wp:featuredmedia":[{"embeddable":true,"href":"https:\/\/www.duboeuf.com\/en\/wp-json\/wp\/v2\/media\/4096"}],"wp:attachment":[{"href":"https:\/\/www.duboeuf.com\/en\/wp-json\/wp\/v2\/media?parent=124662"}],"wp:term":[{"taxonomy":"product_brand","embeddable":true,"href":"https:\/\/www.duboeuf.com\/en\/wp-json\/wp\/v2\/product_brand?post=124662"},{"taxonomy":"product_cat","embeddable":true,"href":"https:\/\/www.duboeuf.com\/en\/wp-json\/wp\/v2\/product_cat?post=124662"},{"taxonomy":"product_tag","embeddable":true,"href":"https:\/\/www.duboeuf.com\/en\/wp-json\/wp\/v2\/product_tag?post=124662"},{"taxonomy":"region","embeddable":true,"href":"https:\/\/www.duboeuf.com\/en\/wp-json\/wp\/v2\/region?post=124662"},{"taxonomy":"aoc","embeddable":true,"href":"https:\/\/www.duboeuf.com\/en\/wp-json\/wp\/v2\/aoc?post=124662"},{"taxonomy":"couleur","embeddable":true,"href":"https:\/\/www.duboeuf.com\/en\/wp-json\/wp\/v2\/couleur?post=124662"},{"taxonomy":"gamme","embeddable":true,"href":"https:\/\/www.duboeuf.com\/en\/wp-json\/wp\/v2\/gamme?post=124662"},{"taxonomy":"millesime","embeddable":true,"href":"https:\/\/www.duboeuf.com\/en\/wp-json\/wp\/v2\/millesime?post=124662"},{"taxonomy":"collection","embeddable":true,"href":"https:\/\/www.duboeuf.com\/en\/wp-json\/wp\/v2\/collection?post=124662"}],"curies":[{"name":"wp","href":"https:\/\/api.w.org\/{rel}","templated":true}]}}