{"id":124673,"date":"2025-10-17T10:18:01","date_gmt":"2025-10-17T08:18:01","guid":{"rendered":"https:\/\/www.duboeuf.com\/?post_type=product&#038;p=124673"},"modified":"2026-03-24T07:51:00","modified_gmt":"2026-03-24T06:51:00","slug":"saint-veran-bio-selection-georges-duboeuf-2024-medaille-dor-au-concours-general-de-macon","status":"publish","type":"product","link":"https:\/\/www.duboeuf.com\/en\/e-boutique\/product\/saint-veran-bio-selection-georges-duboeuf-2024-medaille-dor-au-concours-general-de-macon\/","title":{"rendered":"Saint-V\u00e9ran-Bio. S\u00e9lection Georges Duboeuf 2024 M\u00e9daille d&#8217;Or au concours g\u00e9n\u00e9ral de M\u00e2con"},"content":{"rendered":"<p>Robe d&#8217;un \u00e9clat or blanc. Magnifique fra\u00eecheur, un parfum de tilleul, des saveurs de poire, extr\u00eamement \u00e9l\u00e9gant, stimulant et cristallin, grande identit\u00e9 du Chardonnay m\u00e2connais.<\/p>\n","protected":false},"excerpt":{"rendered":"<p>Robe d&#8217;un \u00e9clat or blanc. Magnifique fra\u00eecheur, un parfum de tilleul, des saveurs de poire, extr\u00eamement \u00e9l\u00e9gant, stimulant et cristallin, grande identit\u00e9 du Chardonnay m\u00e2connais.<\/p>\n","protected":false},"featured_media":124674,"template":"","meta":{"_acf_changed":false},"product_brand":[],"product_cat":[29],"product_tag":[],"region":[37],"aoc":[84],"couleur":[94],"gamme":[],"millesime":[192],"collection":[156],"class_list":{"0":"post-124673","1":"product","2":"type-product","3":"status-publish","4":"has-post-thumbnail","6":"product_cat-produit","7":"region-vins-du-maconnais","8":"aoc-saint-veran","9":"couleur-blanc","10":"millesime-192","11":"collection-fleurs","13":"first","14":"instock","15":"shipping-taxable","16":"purchasable","17":"product-type-simple"},"acf":[],"_links":{"self":[{"href":"https:\/\/www.duboeuf.com\/en\/wp-json\/wp\/v2\/product\/124673","targetHints":{"allow":["GET"]}}],"collection":[{"href":"https:\/\/www.duboeuf.com\/en\/wp-json\/wp\/v2\/product"}],"about":[{"href":"https:\/\/www.duboeuf.com\/en\/wp-json\/wp\/v2\/types\/product"}],"wp:featuredmedia":[{"embeddable":true,"href":"https:\/\/www.duboeuf.com\/en\/wp-json\/wp\/v2\/media\/124674"}],"wp:attachment":[{"href":"https:\/\/www.duboeuf.com\/en\/wp-json\/wp\/v2\/media?parent=124673"}],"wp:term":[{"taxonomy":"product_brand","embeddable":true,"href":"https:\/\/www.duboeuf.com\/en\/wp-json\/wp\/v2\/product_brand?post=124673"},{"taxonomy":"product_cat","embeddable":true,"href":"https:\/\/www.duboeuf.com\/en\/wp-json\/wp\/v2\/product_cat?post=124673"},{"taxonomy":"product_tag","embeddable":true,"href":"https:\/\/www.duboeuf.com\/en\/wp-json\/wp\/v2\/product_tag?post=124673"},{"taxonomy":"region","embeddable":true,"href":"https:\/\/www.duboeuf.com\/en\/wp-json\/wp\/v2\/region?post=124673"},{"taxonomy":"aoc","embeddable":true,"href":"https:\/\/www.duboeuf.com\/en\/wp-json\/wp\/v2\/aoc?post=124673"},{"taxonomy":"couleur","embeddable":true,"href":"https:\/\/www.duboeuf.com\/en\/wp-json\/wp\/v2\/couleur?post=124673"},{"taxonomy":"gamme","embeddable":true,"href":"https:\/\/www.duboeuf.com\/en\/wp-json\/wp\/v2\/gamme?post=124673"},{"taxonomy":"millesime","embeddable":true,"href":"https:\/\/www.duboeuf.com\/en\/wp-json\/wp\/v2\/millesime?post=124673"},{"taxonomy":"collection","embeddable":true,"href":"https:\/\/www.duboeuf.com\/en\/wp-json\/wp\/v2\/collection?post=124673"}],"curies":[{"name":"wp","href":"https:\/\/api.w.org\/{rel}","templated":true}]}}