{"id":125167,"date":"2026-01-29T12:18:42","date_gmt":"2026-01-29T11:18:42","guid":{"rendered":"https:\/\/www.duboeuf.com\/?post_type=product&#038;p=125167"},"modified":"2026-01-29T13:13:59","modified_gmt":"2026-01-29T12:13:59","slug":"moulin-a-vent-2024-selection-georges-duboeuf","status":"publish","type":"product","link":"https:\/\/www.duboeuf.com\/en\/e-boutique\/product\/moulin-a-vent-2024-selection-georges-duboeuf\/","title":{"rendered":"Moulin \u00e0 Vent 2024 S\u00e9lection Georges Duboeuf"},"content":{"rendered":"<p>Edifi\u00e9 au XV\u00e8 si\u00e8cle, le moulin qui domine l&#8217;appellation et lui donne son nom a cess\u00e9 de moudre du grain au milieu du XIX\u00e8. Mais il est rest\u00e9 fi\u00e8rement dress\u00e9 sur la colline, \u00e0 une altitude de 258 m\u00e8tres, sur son d\u00f4me de granite inject\u00e9 de mangan\u00e8se. Restaur\u00e9 en 1960, alors qu&#8217;il a \u00e9t\u00e9 class\u00e9 \u00e0 l&#8217;inventaire des monuments historiques quelques trente ans plus t\u00f4t, il retrouve son aptitude \u00e0 tourner, gr\u00e2ce \u00e0 la &#8220;guivre&#8221;, poutre oblique en bois qui permet de mettre ses ailes dans le vent. Des ailes qui lui ont \u00e9t\u00e9 remises, en 1999, \u00e0 l&#8217;occasion du soixante-quinzi\u00e8me anniversaire du cru. Le moulin, orphelin de ses ailes depuis la terrible temp\u00eate de 1910 qui les lui avait arrach\u00e9es, a ainsi retrouv\u00e9 sa parure et sa raison d&#8217;\u00eatre initiale. Il est aujourd&#8217;hui en parfait \u00e9tat de conservation.<\/p>\n<p>Histoire toujours, mais du vent, passons \u00e0 la pierre. Au XIX\u00e8 si\u00e8cle, Roman\u00e8che-Thorins comptait quatre mines de mangan\u00e8se, parmi les plus importantes de France, d&#8217;o\u00f9 l&#8217;on extrayait le fameux &#8220;savon du verrier&#8221; qui servait \u00e0 blanchir le verre. Une pierre tr\u00e8s dure, d&#8217;une telle qualit\u00e9, qu&#8217;on la baptisa : la &#8220;roman\u00e9chite&#8221;. Ces mines, o\u00f9 travaillait la population locale (les paysans cultivant la vigne et vivant de polyculture \u00e9taient aussi mineurs) ont ferm\u00e9 en 1919. Mais le mangan\u00e8se est rest\u00e9 et conf\u00e8re aux vins leur cachet particulier.<\/p>\n","protected":false},"excerpt":{"rendered":"<p>Edifi\u00e9 au XV\u00e8 si\u00e8cle, le moulin qui domine l&#8217;appellation et lui donne son nom a cess\u00e9 de moudre du grain au milieu du XIX\u00e8. Mais il est rest\u00e9 fi\u00e8rement dress\u00e9 sur la colline, \u00e0 une altitude de 258 m\u00e8tres, sur son d\u00f4me de granite inject\u00e9 de mangan\u00e8se. Restaur\u00e9 en 1960, alors qu&#8217;il a \u00e9t\u00e9 class\u00e9 [&hellip;]<\/p>\n","protected":false},"featured_media":125168,"template":"","meta":{"_acf_changed":false},"product_brand":[],"product_cat":[29],"product_tag":[],"region":[33],"aoc":[75],"couleur":[92],"gamme":[],"millesime":[192],"collection":[156],"class_list":{"0":"post-125167","1":"product","2":"type-product","3":"status-publish","4":"has-post-thumbnail","6":"product_cat-produit","7":"region-vins-du-beaujolais","8":"aoc-moulin-a-vent","9":"couleur-rouge","10":"millesime-192","11":"collection-fleurs","13":"first","14":"instock","15":"shipping-taxable","16":"purchasable","17":"product-type-simple"},"acf":[],"_links":{"self":[{"href":"https:\/\/www.duboeuf.com\/en\/wp-json\/wp\/v2\/product\/125167","targetHints":{"allow":["GET"]}}],"collection":[{"href":"https:\/\/www.duboeuf.com\/en\/wp-json\/wp\/v2\/product"}],"about":[{"href":"https:\/\/www.duboeuf.com\/en\/wp-json\/wp\/v2\/types\/product"}],"wp:featuredmedia":[{"embeddable":true,"href":"https:\/\/www.duboeuf.com\/en\/wp-json\/wp\/v2\/media\/125168"}],"wp:attachment":[{"href":"https:\/\/www.duboeuf.com\/en\/wp-json\/wp\/v2\/media?parent=125167"}],"wp:term":[{"taxonomy":"product_brand","embeddable":true,"href":"https:\/\/www.duboeuf.com\/en\/wp-json\/wp\/v2\/product_brand?post=125167"},{"taxonomy":"product_cat","embeddable":true,"href":"https:\/\/www.duboeuf.com\/en\/wp-json\/wp\/v2\/product_cat?post=125167"},{"taxonomy":"product_tag","embeddable":true,"href":"https:\/\/www.duboeuf.com\/en\/wp-json\/wp\/v2\/product_tag?post=125167"},{"taxonomy":"region","embeddable":true,"href":"https:\/\/www.duboeuf.com\/en\/wp-json\/wp\/v2\/region?post=125167"},{"taxonomy":"aoc","embeddable":true,"href":"https:\/\/www.duboeuf.com\/en\/wp-json\/wp\/v2\/aoc?post=125167"},{"taxonomy":"couleur","embeddable":true,"href":"https:\/\/www.duboeuf.com\/en\/wp-json\/wp\/v2\/couleur?post=125167"},{"taxonomy":"gamme","embeddable":true,"href":"https:\/\/www.duboeuf.com\/en\/wp-json\/wp\/v2\/gamme?post=125167"},{"taxonomy":"millesime","embeddable":true,"href":"https:\/\/www.duboeuf.com\/en\/wp-json\/wp\/v2\/millesime?post=125167"},{"taxonomy":"collection","embeddable":true,"href":"https:\/\/www.duboeuf.com\/en\/wp-json\/wp\/v2\/collection?post=125167"}],"curies":[{"name":"wp","href":"https:\/\/api.w.org\/{rel}","templated":true}]}}