{"id":125246,"date":"2026-03-06T08:18:36","date_gmt":"2026-03-06T07:18:36","guid":{"rendered":"https:\/\/www.duboeuf.com\/?post_type=product&#038;p=125246"},"modified":"2026-04-21T15:51:07","modified_gmt":"2026-04-21T13:51:07","slug":"julienas-2023-chateau-des-capitans","status":"publish","type":"product","link":"https:\/\/www.duboeuf.com\/en\/e-boutique\/product\/julienas-2023-chateau-des-capitans\/","title":{"rendered":"Juli\u00e9nas 2023 Ch\u00e2teau des Capitans"},"content":{"rendered":"<p>Ce ch\u00e2teau du XIX si\u00e8cle se situe au coeur de l&#8217;Appellation Juli\u00e9nas sur le lieu dit des &#8220;Capitans&#8221;.<br \/>\nDes c\u00e8dres centenaires dans le grand parc d&#8217;un hectare t\u00e9moignent d&#8217;un grand pass\u00e9 historique.<br \/>\nLe vignoble d&#8217;un seul tenant entoure le Domaine et b\u00e9n\u00e9ficie d&#8217;un excellent terroir.<br \/>\nL&#8217;exposition Sud \/ Sud-Est permet \u00e0 la vendange de b\u00e9n\u00e9ficier d&#8217;une tr\u00e8s bonne exposition et d&#8217;atteindre ainsi une parfaite maturit\u00e9.<br \/>\nDans la tradition populaire, ce lieu dit conserve la trace d&#8217;un pass\u00e9 romain. Consid\u00e9r\u00e9 comme un point strat\u00e9gique, cet emplacement aurait \u00e9t\u00e9 le si\u00e8ge d&#8217;un \u00e9tat major d&#8217;o\u00f9 cette appellation &#8221; Capitan &#8221; qui ferait r\u00e9f\u00e9rence \u00e0 cette fonction de capitainerie.<\/p>\n<p>Dans les ann\u00e9es 1940, le ch\u00e2teau appartenait \u00e0 Monsieur Victor PEYRET qui laissa entre autre derri\u00e8re lui, le Prix Victor PEYRET. Chaque ann\u00e9e, ce prix r\u00e9compense une personnalit\u00e9 qui contribue \u00e0 la promotion du vignoble.<\/p>\n","protected":false},"excerpt":{"rendered":"<p>Ce ch\u00e2teau du XIX si\u00e8cle se situe au coeur de l&#8217;Appellation Juli\u00e9nas sur le lieu dit des &#8220;Capitans&#8221;. Des c\u00e8dres centenaires dans le grand parc d&#8217;un hectare t\u00e9moignent d&#8217;un grand pass\u00e9 historique. Le vignoble d&#8217;un seul tenant entoure le Domaine et b\u00e9n\u00e9ficie d&#8217;un excellent terroir. L&#8217;exposition Sud \/ Sud-Est permet \u00e0 la vendange de b\u00e9n\u00e9ficier [&hellip;]<\/p>\n","protected":false},"featured_media":125247,"template":"","meta":{"_acf_changed":false},"product_brand":[],"product_cat":[29],"product_tag":[],"region":[33],"aoc":[78],"couleur":[92],"gamme":[],"millesime":[184],"collection":[151],"class_list":{"0":"post-125246","1":"product","2":"type-product","3":"status-publish","4":"has-post-thumbnail","6":"product_cat-produit","7":"region-vins-du-beaujolais","8":"aoc-julienas","9":"couleur-rouge","10":"millesime-184","11":"collection-domaines-chateaux","13":"first","14":"instock","15":"shipping-taxable","16":"purchasable","17":"product-type-simple"},"acf":[],"_links":{"self":[{"href":"https:\/\/www.duboeuf.com\/en\/wp-json\/wp\/v2\/product\/125246","targetHints":{"allow":["GET"]}}],"collection":[{"href":"https:\/\/www.duboeuf.com\/en\/wp-json\/wp\/v2\/product"}],"about":[{"href":"https:\/\/www.duboeuf.com\/en\/wp-json\/wp\/v2\/types\/product"}],"wp:featuredmedia":[{"embeddable":true,"href":"https:\/\/www.duboeuf.com\/en\/wp-json\/wp\/v2\/media\/125247"}],"wp:attachment":[{"href":"https:\/\/www.duboeuf.com\/en\/wp-json\/wp\/v2\/media?parent=125246"}],"wp:term":[{"taxonomy":"product_brand","embeddable":true,"href":"https:\/\/www.duboeuf.com\/en\/wp-json\/wp\/v2\/product_brand?post=125246"},{"taxonomy":"product_cat","embeddable":true,"href":"https:\/\/www.duboeuf.com\/en\/wp-json\/wp\/v2\/product_cat?post=125246"},{"taxonomy":"product_tag","embeddable":true,"href":"https:\/\/www.duboeuf.com\/en\/wp-json\/wp\/v2\/product_tag?post=125246"},{"taxonomy":"region","embeddable":true,"href":"https:\/\/www.duboeuf.com\/en\/wp-json\/wp\/v2\/region?post=125246"},{"taxonomy":"aoc","embeddable":true,"href":"https:\/\/www.duboeuf.com\/en\/wp-json\/wp\/v2\/aoc?post=125246"},{"taxonomy":"couleur","embeddable":true,"href":"https:\/\/www.duboeuf.com\/en\/wp-json\/wp\/v2\/couleur?post=125246"},{"taxonomy":"gamme","embeddable":true,"href":"https:\/\/www.duboeuf.com\/en\/wp-json\/wp\/v2\/gamme?post=125246"},{"taxonomy":"millesime","embeddable":true,"href":"https:\/\/www.duboeuf.com\/en\/wp-json\/wp\/v2\/millesime?post=125246"},{"taxonomy":"collection","embeddable":true,"href":"https:\/\/www.duboeuf.com\/en\/wp-json\/wp\/v2\/collection?post=125246"}],"curies":[{"name":"wp","href":"https:\/\/api.w.org\/{rel}","templated":true}]}}