{"id":125249,"date":"2026-03-06T08:18:36","date_gmt":"2026-03-06T07:18:36","guid":{"rendered":"https:\/\/www.duboeuf.com\/?post_type=product&#038;p=125249"},"modified":"2026-04-21T15:51:07","modified_gmt":"2026-04-21T13:51:07","slug":"saint-amour-2024-chateau-de-saint-amour","status":"publish","type":"product","link":"https:\/\/www.duboeuf.com\/en\/e-boutique\/product\/saint-amour-2024-chateau-de-saint-amour\/","title":{"rendered":"Saint-Amour 2024 Ch\u00e2teau De Saint-Amour"},"content":{"rendered":"<p>Le domaine s&#8217;\u00e9tend sur une vingtaine d&#8217;hectares. La b\u00e2tisse du XVII\u00e8me si\u00e8cle a toujours appartenu \u00e0 la famille SIRAUDIN et l&#8217;actuel propri\u00e9taire est Pierre SIRAUDIN.<\/p>\n<p>Le gamay noir \u00e0 jus blanc trouve ici un terroir de pr\u00e9dilection avec des sols argilo-siliceux et des cailloutis granitiques.<\/p>\n<p>Le travail de la vigne est conduit en lutte raisonn\u00e9e.<br \/>\nL&#8217;\u00e2ge des vignes est de 35 ans en moyenne.<br \/>\nLa vendange est manuelle.<\/p>\n","protected":false},"excerpt":{"rendered":"<p>Le domaine s&#8217;\u00e9tend sur une vingtaine d&#8217;hectares. La b\u00e2tisse du XVII\u00e8me si\u00e8cle a toujours appartenu \u00e0 la famille SIRAUDIN et l&#8217;actuel propri\u00e9taire est Pierre SIRAUDIN. Le gamay noir \u00e0 jus blanc trouve ici un terroir de pr\u00e9dilection avec des sols argilo-siliceux et des cailloutis granitiques. Le travail de la vigne est conduit en lutte raisonn\u00e9e. [&hellip;]<\/p>\n","protected":false},"featured_media":125250,"template":"","meta":{"_acf_changed":false},"product_brand":[],"product_cat":[29],"product_tag":[],"region":[33],"aoc":[60],"couleur":[92],"gamme":[],"millesime":[192],"collection":[151],"class_list":{"0":"post-125249","1":"product","2":"type-product","3":"status-publish","4":"has-post-thumbnail","6":"product_cat-produit","7":"region-vins-du-beaujolais","8":"aoc-saint-amour","9":"couleur-rouge","10":"millesime-192","11":"collection-domaines-chateaux","13":"first","14":"instock","15":"shipping-taxable","16":"purchasable","17":"product-type-simple"},"acf":[],"_links":{"self":[{"href":"https:\/\/www.duboeuf.com\/en\/wp-json\/wp\/v2\/product\/125249","targetHints":{"allow":["GET"]}}],"collection":[{"href":"https:\/\/www.duboeuf.com\/en\/wp-json\/wp\/v2\/product"}],"about":[{"href":"https:\/\/www.duboeuf.com\/en\/wp-json\/wp\/v2\/types\/product"}],"wp:featuredmedia":[{"embeddable":true,"href":"https:\/\/www.duboeuf.com\/en\/wp-json\/wp\/v2\/media\/125250"}],"wp:attachment":[{"href":"https:\/\/www.duboeuf.com\/en\/wp-json\/wp\/v2\/media?parent=125249"}],"wp:term":[{"taxonomy":"product_brand","embeddable":true,"href":"https:\/\/www.duboeuf.com\/en\/wp-json\/wp\/v2\/product_brand?post=125249"},{"taxonomy":"product_cat","embeddable":true,"href":"https:\/\/www.duboeuf.com\/en\/wp-json\/wp\/v2\/product_cat?post=125249"},{"taxonomy":"product_tag","embeddable":true,"href":"https:\/\/www.duboeuf.com\/en\/wp-json\/wp\/v2\/product_tag?post=125249"},{"taxonomy":"region","embeddable":true,"href":"https:\/\/www.duboeuf.com\/en\/wp-json\/wp\/v2\/region?post=125249"},{"taxonomy":"aoc","embeddable":true,"href":"https:\/\/www.duboeuf.com\/en\/wp-json\/wp\/v2\/aoc?post=125249"},{"taxonomy":"couleur","embeddable":true,"href":"https:\/\/www.duboeuf.com\/en\/wp-json\/wp\/v2\/couleur?post=125249"},{"taxonomy":"gamme","embeddable":true,"href":"https:\/\/www.duboeuf.com\/en\/wp-json\/wp\/v2\/gamme?post=125249"},{"taxonomy":"millesime","embeddable":true,"href":"https:\/\/www.duboeuf.com\/en\/wp-json\/wp\/v2\/millesime?post=125249"},{"taxonomy":"collection","embeddable":true,"href":"https:\/\/www.duboeuf.com\/en\/wp-json\/wp\/v2\/collection?post=125249"}],"curies":[{"name":"wp","href":"https:\/\/api.w.org\/{rel}","templated":true}]}}