{"id":125253,"date":"2026-03-06T08:18:51","date_gmt":"2026-03-06T07:18:51","guid":{"rendered":"https:\/\/www.duboeuf.com\/?post_type=product&#038;p=125253"},"modified":"2026-04-21T15:51:08","modified_gmt":"2026-04-21T13:51:08","slug":"carton-decouverte-12-bouteilles-selection-georges-duboeuf","status":"publish","type":"product","link":"https:\/\/www.duboeuf.com\/en\/e-boutique\/miscellaneous\/carton-decouverte-12-bouteilles-selection-georges-duboeuf\/","title":{"rendered":"Carton Decouverte 12 Bouteilles S\u00e9lection Georges Duboeuf"},"content":{"rendered":"<p>Cap sur le Beaujolais\u2026 sans quitter votre terrasse !<br \/>\nAvec ce Carton D\u00e9couverte du Beaujolais, embarquez pour une vir\u00e9e gourmande au c\u0153ur des plus belles appellations : Beaujolais plein de fra\u00eecheur, Beaujolais Villages charmeur, Crus au caract\u00e8re affirm\u00e9\u2026 et plusieurs mill\u00e9simes pour varier les plaisirs.<br \/>\nJeunesse \u00e9clatante, fruit croquant, structure \u00e9l\u00e9gante ou profondeur soyeuse : chaque bouteille a sa personnalit\u00e9.<br \/>\nUn seul c\u00e9page, le Gamay, et pourtant mille nuances, fa\u00e7onn\u00e9es par des terroirs uniques et le savoir-faire passionn\u00e9 des vignerons.<br \/>\nAp\u00e9ritif improvis\u00e9 entre amis, barbecue chic, d\u00eener romantique ou simple plaisir \u00ab after work \u00bb : chaque moment m\u00e9rite son Beaujolais. L\u00e9ger et rafra\u00eechissant ou ample et g\u00e9n\u00e9reux, il y a forc\u00e9ment une bouteille pr\u00eate \u00e0 sublimer l\u2019instant.<\/p>\n<p>Beaujolais . Beaujolais-Villages R\u00e9gni\u00e9 . Brouilly 2025<br \/>\nSaint-Amour 2024<br \/>\nCh\u00e9nas . Fleurie . Juli\u00e9nas 2023<br \/>\nChiroubles . C\u00f4te-de-Brouilly . Morgon . Moulin-\u00e0-Vent 2022<\/p>\n","protected":false},"excerpt":{"rendered":"<p>Cap sur le Beaujolais\u2026 sans quitter votre terrasse ! Avec ce Carton D\u00e9couverte du Beaujolais, embarquez pour une vir\u00e9e gourmande au c\u0153ur des plus belles appellations : Beaujolais plein de fra\u00eecheur, Beaujolais Villages charmeur, Crus au caract\u00e8re affirm\u00e9\u2026 et plusieurs mill\u00e9simes pour varier les plaisirs. Jeunesse \u00e9clatante, fruit croquant, structure \u00e9l\u00e9gante ou profondeur soyeuse : [&hellip;]<\/p>\n","protected":false},"featured_media":125254,"template":"","meta":{"_acf_changed":false},"product_brand":[],"product_cat":[15],"product_tag":[],"region":[],"aoc":[68],"couleur":[92],"gamme":[],"millesime":[197],"collection":[156],"class_list":{"0":"post-125253","1":"product","2":"type-product","3":"status-publish","4":"has-post-thumbnail","6":"product_cat-divers","7":"aoc-assortiments-divers","8":"couleur-rouge","9":"millesime-197","10":"collection-fleurs","12":"first","13":"instock","14":"shipping-taxable","15":"purchasable","16":"product-type-simple"},"acf":[],"_links":{"self":[{"href":"https:\/\/www.duboeuf.com\/en\/wp-json\/wp\/v2\/product\/125253","targetHints":{"allow":["GET"]}}],"collection":[{"href":"https:\/\/www.duboeuf.com\/en\/wp-json\/wp\/v2\/product"}],"about":[{"href":"https:\/\/www.duboeuf.com\/en\/wp-json\/wp\/v2\/types\/product"}],"wp:featuredmedia":[{"embeddable":true,"href":"https:\/\/www.duboeuf.com\/en\/wp-json\/wp\/v2\/media\/125254"}],"wp:attachment":[{"href":"https:\/\/www.duboeuf.com\/en\/wp-json\/wp\/v2\/media?parent=125253"}],"wp:term":[{"taxonomy":"product_brand","embeddable":true,"href":"https:\/\/www.duboeuf.com\/en\/wp-json\/wp\/v2\/product_brand?post=125253"},{"taxonomy":"product_cat","embeddable":true,"href":"https:\/\/www.duboeuf.com\/en\/wp-json\/wp\/v2\/product_cat?post=125253"},{"taxonomy":"product_tag","embeddable":true,"href":"https:\/\/www.duboeuf.com\/en\/wp-json\/wp\/v2\/product_tag?post=125253"},{"taxonomy":"region","embeddable":true,"href":"https:\/\/www.duboeuf.com\/en\/wp-json\/wp\/v2\/region?post=125253"},{"taxonomy":"aoc","embeddable":true,"href":"https:\/\/www.duboeuf.com\/en\/wp-json\/wp\/v2\/aoc?post=125253"},{"taxonomy":"couleur","embeddable":true,"href":"https:\/\/www.duboeuf.com\/en\/wp-json\/wp\/v2\/couleur?post=125253"},{"taxonomy":"gamme","embeddable":true,"href":"https:\/\/www.duboeuf.com\/en\/wp-json\/wp\/v2\/gamme?post=125253"},{"taxonomy":"millesime","embeddable":true,"href":"https:\/\/www.duboeuf.com\/en\/wp-json\/wp\/v2\/millesime?post=125253"},{"taxonomy":"collection","embeddable":true,"href":"https:\/\/www.duboeuf.com\/en\/wp-json\/wp\/v2\/collection?post=125253"}],"curies":[{"name":"wp","href":"https:\/\/api.w.org\/{rel}","templated":true}]}}