{"id":125332,"date":"2026-03-23T11:57:07","date_gmt":"2026-03-23T10:57:07","guid":{"rendered":"https:\/\/www.duboeuf.com\/?post_type=product&#038;p=125332"},"modified":"2026-04-21T15:51:04","modified_gmt":"2026-04-21T13:51:04","slug":"brouilly-2024-lieu-dit-la-martingale","status":"publish","type":"product","link":"https:\/\/www.duboeuf.com\/en\/e-boutique\/product\/brouilly-2024-lieu-dit-la-martingale\/","title":{"rendered":"Brouilly 2024 Lieu-Dit La Martingale"},"content":{"rendered":"<p>Un mill\u00e9sime \u00e9panoui qui lib\u00e8re des senteurs fruit\u00e9es de prune fra\u00eeche et de quetsche. Au palais, une structure franche et une certaine rusticit\u00e9 assum\u00e9e avec un tanin juv\u00e9nile. Du caract\u00e8re.<\/p>\n","protected":false},"excerpt":{"rendered":"<p>Un mill\u00e9sime \u00e9panoui qui lib\u00e8re des senteurs fruit\u00e9es de prune fra\u00eeche et de quetsche. Au palais, une structure franche et une certaine rusticit\u00e9 assum\u00e9e avec un tanin juv\u00e9nile. Du caract\u00e8re.<\/p>\n","protected":false},"featured_media":125333,"template":"","meta":{"_acf_changed":false},"product_brand":[],"product_cat":[29],"product_tag":[],"region":[33],"aoc":[70],"couleur":[92],"gamme":[],"millesime":[192],"collection":[152],"class_list":{"0":"post-125332","1":"product","2":"type-product","3":"status-publish","4":"has-post-thumbnail","6":"product_cat-produit","7":"region-vins-du-beaujolais","8":"aoc-brouilly","9":"couleur-rouge","10":"millesime-192","11":"collection-lieux-dits","13":"first","14":"instock","15":"shipping-taxable","16":"purchasable","17":"product-type-simple"},"acf":[],"_links":{"self":[{"href":"https:\/\/www.duboeuf.com\/en\/wp-json\/wp\/v2\/product\/125332","targetHints":{"allow":["GET"]}}],"collection":[{"href":"https:\/\/www.duboeuf.com\/en\/wp-json\/wp\/v2\/product"}],"about":[{"href":"https:\/\/www.duboeuf.com\/en\/wp-json\/wp\/v2\/types\/product"}],"wp:featuredmedia":[{"embeddable":true,"href":"https:\/\/www.duboeuf.com\/en\/wp-json\/wp\/v2\/media\/125333"}],"wp:attachment":[{"href":"https:\/\/www.duboeuf.com\/en\/wp-json\/wp\/v2\/media?parent=125332"}],"wp:term":[{"taxonomy":"product_brand","embeddable":true,"href":"https:\/\/www.duboeuf.com\/en\/wp-json\/wp\/v2\/product_brand?post=125332"},{"taxonomy":"product_cat","embeddable":true,"href":"https:\/\/www.duboeuf.com\/en\/wp-json\/wp\/v2\/product_cat?post=125332"},{"taxonomy":"product_tag","embeddable":true,"href":"https:\/\/www.duboeuf.com\/en\/wp-json\/wp\/v2\/product_tag?post=125332"},{"taxonomy":"region","embeddable":true,"href":"https:\/\/www.duboeuf.com\/en\/wp-json\/wp\/v2\/region?post=125332"},{"taxonomy":"aoc","embeddable":true,"href":"https:\/\/www.duboeuf.com\/en\/wp-json\/wp\/v2\/aoc?post=125332"},{"taxonomy":"couleur","embeddable":true,"href":"https:\/\/www.duboeuf.com\/en\/wp-json\/wp\/v2\/couleur?post=125332"},{"taxonomy":"gamme","embeddable":true,"href":"https:\/\/www.duboeuf.com\/en\/wp-json\/wp\/v2\/gamme?post=125332"},{"taxonomy":"millesime","embeddable":true,"href":"https:\/\/www.duboeuf.com\/en\/wp-json\/wp\/v2\/millesime?post=125332"},{"taxonomy":"collection","embeddable":true,"href":"https:\/\/www.duboeuf.com\/en\/wp-json\/wp\/v2\/collection?post=125332"}],"curies":[{"name":"wp","href":"https:\/\/api.w.org\/{rel}","templated":true}]}}