{"id":125335,"date":"2026-03-23T11:57:07","date_gmt":"2026-03-23T10:57:07","guid":{"rendered":"https:\/\/www.duboeuf.com\/?post_type=product&#038;p=125335"},"modified":"2026-04-21T15:51:05","modified_gmt":"2026-04-21T13:51:05","slug":"chenas-2024-lieu-dit-les-darroux","status":"publish","type":"product","link":"https:\/\/www.duboeuf.com\/en\/e-boutique\/product\/chenas-2024-lieu-dit-les-darroux\/","title":{"rendered":"Chenas 2024 Lieu-Dit Les Darroux"},"content":{"rendered":"<p>Ch\u00e9nas la plus petite appellation du Beaujolais en surface. Son nom est li\u00e9 aux anciennes plantations de ch\u00eanes de la commune, d\u00e9frich\u00e9es par les gallo-romains puis par les ordres monastiques sur ordonnance de Philippe V le Long. La vigne s\u2019\u00e9tend sur des coteaux vallonn\u00e9s. <\/p>\n<p>La vigne existe sur le lieu-dit \u201cLes Darroux\u201d depuis fort longtemps. Les religieuses Ursulines de M\u00e2con y poss\u00e9daient un petit domaine qui fut vendu \u00e0 la R\u00e9volution comme bien national.<br \/>\nLes vignes, d\u2019une soixantaine d\u2019ann\u00e9es, sont conduite en lutte raisonn\u00e9e.<\/p>\n<p>TERROIR<br \/>\n2% de pente maximale<br \/>\nExposition Nord-Est<\/p>\n","protected":false},"excerpt":{"rendered":"<p>Ch\u00e9nas la plus petite appellation du Beaujolais en surface. Son nom est li\u00e9 aux anciennes plantations de ch\u00eanes de la commune, d\u00e9frich\u00e9es par les gallo-romains puis par les ordres monastiques sur ordonnance de Philippe V le Long. La vigne s\u2019\u00e9tend sur des coteaux vallonn\u00e9s. La vigne existe sur le lieu-dit \u201cLes Darroux\u201d depuis fort longtemps. [&hellip;]<\/p>\n","protected":false},"featured_media":121906,"template":"","meta":{"_acf_changed":false},"product_brand":[],"product_cat":[29],"product_tag":[],"region":[33],"aoc":[79],"couleur":[92],"gamme":[],"millesime":[192],"collection":[152],"class_list":{"0":"post-125335","1":"product","2":"type-product","3":"status-publish","4":"has-post-thumbnail","6":"product_cat-produit","7":"region-vins-du-beaujolais","8":"aoc-chenas","9":"couleur-rouge","10":"millesime-192","11":"collection-lieux-dits","13":"first","14":"instock","15":"shipping-taxable","16":"purchasable","17":"product-type-simple"},"acf":[],"_links":{"self":[{"href":"https:\/\/www.duboeuf.com\/en\/wp-json\/wp\/v2\/product\/125335","targetHints":{"allow":["GET"]}}],"collection":[{"href":"https:\/\/www.duboeuf.com\/en\/wp-json\/wp\/v2\/product"}],"about":[{"href":"https:\/\/www.duboeuf.com\/en\/wp-json\/wp\/v2\/types\/product"}],"wp:featuredmedia":[{"embeddable":true,"href":"https:\/\/www.duboeuf.com\/en\/wp-json\/wp\/v2\/media\/121906"}],"wp:attachment":[{"href":"https:\/\/www.duboeuf.com\/en\/wp-json\/wp\/v2\/media?parent=125335"}],"wp:term":[{"taxonomy":"product_brand","embeddable":true,"href":"https:\/\/www.duboeuf.com\/en\/wp-json\/wp\/v2\/product_brand?post=125335"},{"taxonomy":"product_cat","embeddable":true,"href":"https:\/\/www.duboeuf.com\/en\/wp-json\/wp\/v2\/product_cat?post=125335"},{"taxonomy":"product_tag","embeddable":true,"href":"https:\/\/www.duboeuf.com\/en\/wp-json\/wp\/v2\/product_tag?post=125335"},{"taxonomy":"region","embeddable":true,"href":"https:\/\/www.duboeuf.com\/en\/wp-json\/wp\/v2\/region?post=125335"},{"taxonomy":"aoc","embeddable":true,"href":"https:\/\/www.duboeuf.com\/en\/wp-json\/wp\/v2\/aoc?post=125335"},{"taxonomy":"couleur","embeddable":true,"href":"https:\/\/www.duboeuf.com\/en\/wp-json\/wp\/v2\/couleur?post=125335"},{"taxonomy":"gamme","embeddable":true,"href":"https:\/\/www.duboeuf.com\/en\/wp-json\/wp\/v2\/gamme?post=125335"},{"taxonomy":"millesime","embeddable":true,"href":"https:\/\/www.duboeuf.com\/en\/wp-json\/wp\/v2\/millesime?post=125335"},{"taxonomy":"collection","embeddable":true,"href":"https:\/\/www.duboeuf.com\/en\/wp-json\/wp\/v2\/collection?post=125335"}],"curies":[{"name":"wp","href":"https:\/\/api.w.org\/{rel}","templated":true}]}}