{"id":125349,"date":"2026-03-23T11:57:44","date_gmt":"2026-03-23T10:57:44","guid":{"rendered":"https:\/\/www.duboeuf.com\/?post_type=product&#038;p=125349"},"modified":"2026-04-21T15:50:53","modified_gmt":"2026-04-21T13:50:53","slug":"pouilly-fuisse-2023-selection-georges-duboeuf","status":"publish","type":"product","link":"https:\/\/www.duboeuf.com\/en\/e-boutique\/product\/pouilly-fuisse-2023-selection-georges-duboeuf\/","title":{"rendered":"Pouilly-Fuiss\u00e9 2023 S\u00e9lection Georges Duboeuf"},"content":{"rendered":"<p>C&#8217;est l&#8217;histoire quasi romanesque d&#8217;un vin \u00e9troitement li\u00e9 \u00e0 la terre, d&#8217;un superbe bourgogne blanc nourri et cisel\u00e9 par un terroir de pr\u00e9dilection. Pouilly est un petit hameau viticole accol\u00e9 \u00e0 Solutr\u00e9. Fuiss\u00e9, un village pittoresque et prosp\u00e8re, bourguignon pur jus. Leurs coteaux calcaires sont tr\u00e8s escarp\u00e9s, \u00e0 la fois bien expos\u00e9s et tr\u00e8s prot\u00e9g\u00e9s. <\/p>\n<p>L&#8217;\u00e9tonnant profil des roches s urs de Solutr\u00e9 et Vergisson se dessine contre le ciel comme la proue de deux navires. A leur pied, le vignoble le plus prestigieux de M\u00e2connais, celui de Cru Pouilly-Fuiss\u00e9, s&#8217;accroche aux pentes avec une fiert\u00e9 temp\u00e9r\u00e9e de douceur. Alexis Lichine comparait ces deux promontoires aux rochers jumeaux de Gibraltar, les fameuses Colonnes d&#8217;Hercule, qui ferment la M\u00e9diterran\u00e9e devant l&#8217;Oc\u00e9an. Tr\u00e8s pris\u00e9 par les connaisseurs des cinq continents, environ 75% de la production du Pouilly-Fuiss\u00e9 part en direction des march\u00e9s de l&#8217;export. Rien d&#8217;\u00e9tonnant \u00e0 cela, car dans sa meilleure expression, c&#8217;est la quintessence du Chardonnay, un grand Bourgogne blanc tout en finesse.<\/p>\n","protected":false},"excerpt":{"rendered":"<p>C&#8217;est l&#8217;histoire quasi romanesque d&#8217;un vin \u00e9troitement li\u00e9 \u00e0 la terre, d&#8217;un superbe bourgogne blanc nourri et cisel\u00e9 par un terroir de pr\u00e9dilection. Pouilly est un petit hameau viticole accol\u00e9 \u00e0 Solutr\u00e9. Fuiss\u00e9, un village pittoresque et prosp\u00e8re, bourguignon pur jus. Leurs coteaux calcaires sont tr\u00e8s escarp\u00e9s, \u00e0 la fois bien expos\u00e9s et tr\u00e8s prot\u00e9g\u00e9s. [&hellip;]<\/p>\n","protected":false},"featured_media":125350,"template":"","meta":{"_acf_changed":false},"product_brand":[],"product_cat":[29],"product_tag":[],"region":[37],"aoc":[83],"couleur":[94],"gamme":[],"millesime":[184],"collection":[156],"class_list":{"0":"post-125349","1":"product","2":"type-product","3":"status-publish","4":"has-post-thumbnail","6":"product_cat-produit","7":"region-vins-du-maconnais","8":"aoc-pouilly-fuisse","9":"couleur-blanc","10":"millesime-184","11":"collection-fleurs","13":"first","14":"instock","15":"shipping-taxable","16":"purchasable","17":"product-type-simple"},"acf":[],"_links":{"self":[{"href":"https:\/\/www.duboeuf.com\/en\/wp-json\/wp\/v2\/product\/125349","targetHints":{"allow":["GET"]}}],"collection":[{"href":"https:\/\/www.duboeuf.com\/en\/wp-json\/wp\/v2\/product"}],"about":[{"href":"https:\/\/www.duboeuf.com\/en\/wp-json\/wp\/v2\/types\/product"}],"wp:featuredmedia":[{"embeddable":true,"href":"https:\/\/www.duboeuf.com\/en\/wp-json\/wp\/v2\/media\/125350"}],"wp:attachment":[{"href":"https:\/\/www.duboeuf.com\/en\/wp-json\/wp\/v2\/media?parent=125349"}],"wp:term":[{"taxonomy":"product_brand","embeddable":true,"href":"https:\/\/www.duboeuf.com\/en\/wp-json\/wp\/v2\/product_brand?post=125349"},{"taxonomy":"product_cat","embeddable":true,"href":"https:\/\/www.duboeuf.com\/en\/wp-json\/wp\/v2\/product_cat?post=125349"},{"taxonomy":"product_tag","embeddable":true,"href":"https:\/\/www.duboeuf.com\/en\/wp-json\/wp\/v2\/product_tag?post=125349"},{"taxonomy":"region","embeddable":true,"href":"https:\/\/www.duboeuf.com\/en\/wp-json\/wp\/v2\/region?post=125349"},{"taxonomy":"aoc","embeddable":true,"href":"https:\/\/www.duboeuf.com\/en\/wp-json\/wp\/v2\/aoc?post=125349"},{"taxonomy":"couleur","embeddable":true,"href":"https:\/\/www.duboeuf.com\/en\/wp-json\/wp\/v2\/couleur?post=125349"},{"taxonomy":"gamme","embeddable":true,"href":"https:\/\/www.duboeuf.com\/en\/wp-json\/wp\/v2\/gamme?post=125349"},{"taxonomy":"millesime","embeddable":true,"href":"https:\/\/www.duboeuf.com\/en\/wp-json\/wp\/v2\/millesime?post=125349"},{"taxonomy":"collection","embeddable":true,"href":"https:\/\/www.duboeuf.com\/en\/wp-json\/wp\/v2\/collection?post=125349"}],"curies":[{"name":"wp","href":"https:\/\/api.w.org\/{rel}","templated":true}]}}