{"id":9901,"date":"2022-06-24T22:04:59","date_gmt":"2022-06-24T20:04:59","guid":{"rendered":"https:\/\/www.duboeuf.com\/e-boutique\/uncategorized\/chenas-selection-georges-duboeuf\/"},"modified":"2022-06-24T22:05:04","modified_gmt":"2022-06-24T20:05:04","slug":"chenas-selection-georges-duboeuf","status":"publish","type":"product","link":"https:\/\/www.duboeuf.com\/en\/e-boutique\/data-sheet\/chenas-selection-georges-duboeuf\/","title":{"rendered":"Ch\u00e9nas S\u00e9lection Georges Duboeuf"},"content":{"rendered":"<p>Ch\u00e9nas, the village that has given its name to the wine (unless it s the other way round!), is the smallest of the ten Crus in terms of volume. This is probably why it is so unjustly unknown, however it is really excellent value for money. Its name is thought to have originated from the Gallic word  cassanus , which means a place planted with oak, or from a Roman patrician called Canus. Whatever the case, it is known that the land in the commune was for a long time covered by an oak forest, and we know that, from distant<br \/>\nAntiquity, the Druids placed great importance on this sacred tree. And wasn t it the Gauls who invented the barrel, an ingenious container in which could not only be vinified and matured, but also transported? Some people say that Ch\u00e9nas was Louis XIII s favourite wine. To merit royal favour is no mean compliment. It is, indeed, a hearty, elegant wine, worthy of the finest tables.<\/p>\n","protected":false},"excerpt":{"rendered":"<p>Ch\u00e9nas, the village that has given its name to the wine (unless it s the other way round!), is the smallest of the ten Crus in terms of volume. This is probably why it is so unjustly unknown, however it is really excellent value for money. Its name is thought to have originated from the [&hellip;]<\/p>\n","protected":false},"featured_media":3096,"template":"","meta":{"_acf_changed":false},"product_brand":[],"product_cat":[38],"product_tag":[],"region":[98],"aoc":[124],"couleur":[110],"gamme":[],"millesime":[],"collection":[157],"class_list":{"0":"post-9901","1":"product","2":"type-product","3":"status-publish","4":"has-post-thumbnail","6":"product_cat-data-sheet","7":"region-beaujolais","8":"aoc-chenas-en","9":"couleur-red","10":"collection-flowers","12":"first","13":"outofstock","14":"product-type-simple"},"acf":[],"_links":{"self":[{"href":"https:\/\/www.duboeuf.com\/en\/wp-json\/wp\/v2\/product\/9901","targetHints":{"allow":["GET"]}}],"collection":[{"href":"https:\/\/www.duboeuf.com\/en\/wp-json\/wp\/v2\/product"}],"about":[{"href":"https:\/\/www.duboeuf.com\/en\/wp-json\/wp\/v2\/types\/product"}],"wp:featuredmedia":[{"embeddable":true,"href":"https:\/\/www.duboeuf.com\/en\/wp-json\/wp\/v2\/media\/3096"}],"wp:attachment":[{"href":"https:\/\/www.duboeuf.com\/en\/wp-json\/wp\/v2\/media?parent=9901"}],"wp:term":[{"taxonomy":"product_brand","embeddable":true,"href":"https:\/\/www.duboeuf.com\/en\/wp-json\/wp\/v2\/product_brand?post=9901"},{"taxonomy":"product_cat","embeddable":true,"href":"https:\/\/www.duboeuf.com\/en\/wp-json\/wp\/v2\/product_cat?post=9901"},{"taxonomy":"product_tag","embeddable":true,"href":"https:\/\/www.duboeuf.com\/en\/wp-json\/wp\/v2\/product_tag?post=9901"},{"taxonomy":"region","embeddable":true,"href":"https:\/\/www.duboeuf.com\/en\/wp-json\/wp\/v2\/region?post=9901"},{"taxonomy":"aoc","embeddable":true,"href":"https:\/\/www.duboeuf.com\/en\/wp-json\/wp\/v2\/aoc?post=9901"},{"taxonomy":"couleur","embeddable":true,"href":"https:\/\/www.duboeuf.com\/en\/wp-json\/wp\/v2\/couleur?post=9901"},{"taxonomy":"gamme","embeddable":true,"href":"https:\/\/www.duboeuf.com\/en\/wp-json\/wp\/v2\/gamme?post=9901"},{"taxonomy":"millesime","embeddable":true,"href":"https:\/\/www.duboeuf.com\/en\/wp-json\/wp\/v2\/millesime?post=9901"},{"taxonomy":"collection","embeddable":true,"href":"https:\/\/www.duboeuf.com\/en\/wp-json\/wp\/v2\/collection?post=9901"}],"curies":[{"name":"wp","href":"https:\/\/api.w.org\/{rel}","templated":true}]}}