{"id":9913,"date":"2022-06-24T22:05:25","date_gmt":"2022-06-24T20:05:25","guid":{"rendered":"https:\/\/www.duboeuf.com\/e-boutique\/uncategorized\/fleurie-domaine-du-prieure-saint-romain\/"},"modified":"2022-06-24T22:05:31","modified_gmt":"2022-06-24T20:05:31","slug":"fleurie-domaine-du-prieure-saint-romain","status":"publish","type":"product","link":"https:\/\/www.duboeuf.com\/en\/e-boutique\/data-sheet\/fleurie-domaine-du-prieure-saint-romain\/","title":{"rendered":"Fleurie Domaine Du Prieure Saint Romain"},"content":{"rendered":"<p>The premises are the former buildings of the &#8220;Relais des Diligences&#8221;, which was part of the Auberge des Maritonnes in Roman\u00e8che-Thorins. The Prieur\u00e9 Saint Romain area was an important resting place on the Paris-Lyon route. Travelers were dropped off at the Maritonnes. The coachmen would then come with their carriages to take a break at the Relais des Diligences. Gabriel PIN bought these premises in 1950. They were used for mixed farming until 1968, when Ren\u00e9 PIN decided to devote himself solely to the cultivation of vines. The premises, with a large surface area, were transformed into a vat room and a cellar. In 1982, Ren\u00e9 PIN registered the name &#8220;Domaine du Prieur\u00e9 Saint Romain&#8221;. Since 2003, Bruno, Ren\u00e9&#8217;s son, has been running the estate.<\/p>\n<p>Weed control is practiced, as well as reasoned treatment, in order to respect the terroir and the environment.<br \/>\nHarvesting is done by hand.<br \/>\nThe vat room and the cellar (cement and stainless steel tanks) are thermo-regulated tank by tank.<br \/>\nFleurie is vinified in the traditional Beaujolais method.<\/p>\n","protected":false},"excerpt":{"rendered":"<p>The premises are the former buildings of the &#8220;Relais des Diligences&#8221;, which was part of the Auberge des Maritonnes in Roman\u00e8che-Thorins. The Prieur\u00e9 Saint Romain area was an important resting place on the Paris-Lyon route. Travelers were dropped off at the Maritonnes. The coachmen would then come with their carriages to take a break at [&hellip;]<\/p>\n","protected":false},"featured_media":3118,"template":"","meta":{"_acf_changed":false},"product_brand":[],"product_cat":[38],"product_tag":[],"region":[98],"aoc":[130],"couleur":[110],"gamme":[],"millesime":[],"collection":[160],"class_list":{"0":"post-9913","1":"product","2":"type-product","3":"status-publish","4":"has-post-thumbnail","6":"product_cat-data-sheet","7":"region-beaujolais","8":"aoc-fleurie-en","9":"couleur-red","10":"collection-domaines-chateaux-en","12":"first","13":"outofstock","14":"product-type-simple"},"acf":[],"_links":{"self":[{"href":"https:\/\/www.duboeuf.com\/en\/wp-json\/wp\/v2\/product\/9913","targetHints":{"allow":["GET"]}}],"collection":[{"href":"https:\/\/www.duboeuf.com\/en\/wp-json\/wp\/v2\/product"}],"about":[{"href":"https:\/\/www.duboeuf.com\/en\/wp-json\/wp\/v2\/types\/product"}],"wp:featuredmedia":[{"embeddable":true,"href":"https:\/\/www.duboeuf.com\/en\/wp-json\/wp\/v2\/media\/3118"}],"wp:attachment":[{"href":"https:\/\/www.duboeuf.com\/en\/wp-json\/wp\/v2\/media?parent=9913"}],"wp:term":[{"taxonomy":"product_brand","embeddable":true,"href":"https:\/\/www.duboeuf.com\/en\/wp-json\/wp\/v2\/product_brand?post=9913"},{"taxonomy":"product_cat","embeddable":true,"href":"https:\/\/www.duboeuf.com\/en\/wp-json\/wp\/v2\/product_cat?post=9913"},{"taxonomy":"product_tag","embeddable":true,"href":"https:\/\/www.duboeuf.com\/en\/wp-json\/wp\/v2\/product_tag?post=9913"},{"taxonomy":"region","embeddable":true,"href":"https:\/\/www.duboeuf.com\/en\/wp-json\/wp\/v2\/region?post=9913"},{"taxonomy":"aoc","embeddable":true,"href":"https:\/\/www.duboeuf.com\/en\/wp-json\/wp\/v2\/aoc?post=9913"},{"taxonomy":"couleur","embeddable":true,"href":"https:\/\/www.duboeuf.com\/en\/wp-json\/wp\/v2\/couleur?post=9913"},{"taxonomy":"gamme","embeddable":true,"href":"https:\/\/www.duboeuf.com\/en\/wp-json\/wp\/v2\/gamme?post=9913"},{"taxonomy":"millesime","embeddable":true,"href":"https:\/\/www.duboeuf.com\/en\/wp-json\/wp\/v2\/millesime?post=9913"},{"taxonomy":"collection","embeddable":true,"href":"https:\/\/www.duboeuf.com\/en\/wp-json\/wp\/v2\/collection?post=9913"}],"curies":[{"name":"wp","href":"https:\/\/api.w.org\/{rel}","templated":true}]}}