{"id":9931,"date":"2022-06-24T22:06:35","date_gmt":"2022-06-24T20:06:35","guid":{"rendered":"https:\/\/www.duboeuf.com\/e-boutique\/uncategorized\/moulin-a-vent-cuvee-prestige\/"},"modified":"2022-06-24T22:06:40","modified_gmt":"2022-06-24T20:06:40","slug":"moulin-a-vent-cuvee-prestige","status":"publish","type":"product","link":"https:\/\/www.duboeuf.com\/en\/e-boutique\/data-sheet\/moulin-a-vent-cuvee-prestige\/","title":{"rendered":"Moulin-A-Vent Cuv\u00e9e Prestige"},"content":{"rendered":"<p>Because our business started at the foot of the windmill (moulin \u00e0 vent) of Roman\u00e8che-Thorins, in 1957, we felt we must present the best of the best to you, under the Moulin-\u00e0-Vent appellation.<\/p>\n<p>The wine has given us many great assets for making and aging this blend.<\/p>\n<p>Together with the winegrowers who agreed to strictly and carefully control their yields and to allow our technicians to inspect their land, and to follow our recommendations from the vine to the winepress, we have been rewarded for our efforts by a top quality wine, a blend that meets the criteria for a superb Cuv\u00e9e Prestige.<\/p>\n","protected":false},"excerpt":{"rendered":"<p>Because our business started at the foot of the windmill (moulin \u00e0 vent) of Roman\u00e8che-Thorins, in 1957, we felt we must present the best of the best to you, under the Moulin-\u00e0-Vent appellation. The wine has given us many great assets for making and aging this blend. Together with the winegrowers who agreed to strictly [&hellip;]<\/p>\n","protected":false},"featured_media":3150,"template":"","meta":{"_acf_changed":false},"product_brand":[],"product_cat":[38],"product_tag":[],"region":[98],"aoc":[133],"couleur":[110],"gamme":[],"millesime":[],"collection":[162],"class_list":{"0":"post-9931","1":"product","2":"type-product","3":"status-publish","4":"has-post-thumbnail","6":"product_cat-data-sheet","7":"region-beaujolais","8":"aoc-moulin-a-vent-en","9":"couleur-red","10":"collection-prestige-en","12":"first","13":"outofstock","14":"product-type-simple"},"acf":[],"_links":{"self":[{"href":"https:\/\/www.duboeuf.com\/en\/wp-json\/wp\/v2\/product\/9931","targetHints":{"allow":["GET"]}}],"collection":[{"href":"https:\/\/www.duboeuf.com\/en\/wp-json\/wp\/v2\/product"}],"about":[{"href":"https:\/\/www.duboeuf.com\/en\/wp-json\/wp\/v2\/types\/product"}],"wp:featuredmedia":[{"embeddable":true,"href":"https:\/\/www.duboeuf.com\/en\/wp-json\/wp\/v2\/media\/3150"}],"wp:attachment":[{"href":"https:\/\/www.duboeuf.com\/en\/wp-json\/wp\/v2\/media?parent=9931"}],"wp:term":[{"taxonomy":"product_brand","embeddable":true,"href":"https:\/\/www.duboeuf.com\/en\/wp-json\/wp\/v2\/product_brand?post=9931"},{"taxonomy":"product_cat","embeddable":true,"href":"https:\/\/www.duboeuf.com\/en\/wp-json\/wp\/v2\/product_cat?post=9931"},{"taxonomy":"product_tag","embeddable":true,"href":"https:\/\/www.duboeuf.com\/en\/wp-json\/wp\/v2\/product_tag?post=9931"},{"taxonomy":"region","embeddable":true,"href":"https:\/\/www.duboeuf.com\/en\/wp-json\/wp\/v2\/region?post=9931"},{"taxonomy":"aoc","embeddable":true,"href":"https:\/\/www.duboeuf.com\/en\/wp-json\/wp\/v2\/aoc?post=9931"},{"taxonomy":"couleur","embeddable":true,"href":"https:\/\/www.duboeuf.com\/en\/wp-json\/wp\/v2\/couleur?post=9931"},{"taxonomy":"gamme","embeddable":true,"href":"https:\/\/www.duboeuf.com\/en\/wp-json\/wp\/v2\/gamme?post=9931"},{"taxonomy":"millesime","embeddable":true,"href":"https:\/\/www.duboeuf.com\/en\/wp-json\/wp\/v2\/millesime?post=9931"},{"taxonomy":"collection","embeddable":true,"href":"https:\/\/www.duboeuf.com\/en\/wp-json\/wp\/v2\/collection?post=9931"}],"curies":[{"name":"wp","href":"https:\/\/api.w.org\/{rel}","templated":true}]}}