{"id":9932,"date":"2022-06-24T22:06:35","date_gmt":"2022-06-24T20:06:35","guid":{"rendered":"https:\/\/www.duboeuf.com\/e-boutique\/uncategorized\/moulin-a-vent-domaine-des-rosiers\/"},"modified":"2022-06-24T22:06:41","modified_gmt":"2022-06-24T20:06:41","slug":"moulin-a-vent-domaine-des-rosiers","status":"publish","type":"product","link":"https:\/\/www.duboeuf.com\/en\/e-boutique\/data-sheet\/moulin-a-vent-domaine-des-rosiers\/","title":{"rendered":"Moulin-A-Vent Domaine Des Rosiers"},"content":{"rendered":"<p>G\u00e9rard CHARVET is passionate about his vines and his wine. His family has lived in Ch\u00e9nas for over a century and has turned him into a meticulous, hard-working winegrower.<br \/>\nG\u00e9rard has run the estate with great talent since his father died in 1983.<br \/>\nHis winery is very modern and functional. G\u00e9rard has listened to the advice of his &#8216;elders&#8217;: he makes wines that regularly win awards in the various competitions.<br \/>\nHe keeps his wines in a combination of stainless steel vats and oak barrels and gets the best from both.<br \/>\nGeorges DUBOEUF has been buying his entire production since 1976.<\/p>\n<p>This Domain has been certified HVE. The High Environmental Value corresponds to the most demanding level of an environmental certification system for agricultural and viticultural operations. It is a voluntary approach that aims to identify and promote practices that are particularly respectful of the environment. It focuses on 4 themes: preservation of biodiversity, phytosanitary strategy, fertilization management, water resource management.<\/p>\n","protected":false},"excerpt":{"rendered":"<p>G\u00e9rard CHARVET is passionate about his vines and his wine. His family has lived in Ch\u00e9nas for over a century and has turned him into a meticulous, hard-working winegrower. G\u00e9rard has run the estate with great talent since his father died in 1983. His winery is very modern and functional. G\u00e9rard has listened to the [&hellip;]<\/p>\n","protected":false},"featured_media":3152,"template":"","meta":{"_acf_changed":false},"product_brand":[],"product_cat":[38],"product_tag":[],"region":[98],"aoc":[133],"couleur":[110],"gamme":[],"millesime":[],"collection":[160],"class_list":{"0":"post-9932","1":"product","2":"type-product","3":"status-publish","4":"has-post-thumbnail","6":"product_cat-data-sheet","7":"region-beaujolais","8":"aoc-moulin-a-vent-en","9":"couleur-red","10":"collection-domaines-chateaux-en","12":"first","13":"outofstock","14":"product-type-simple"},"acf":[],"_links":{"self":[{"href":"https:\/\/www.duboeuf.com\/en\/wp-json\/wp\/v2\/product\/9932","targetHints":{"allow":["GET"]}}],"collection":[{"href":"https:\/\/www.duboeuf.com\/en\/wp-json\/wp\/v2\/product"}],"about":[{"href":"https:\/\/www.duboeuf.com\/en\/wp-json\/wp\/v2\/types\/product"}],"wp:featuredmedia":[{"embeddable":true,"href":"https:\/\/www.duboeuf.com\/en\/wp-json\/wp\/v2\/media\/3152"}],"wp:attachment":[{"href":"https:\/\/www.duboeuf.com\/en\/wp-json\/wp\/v2\/media?parent=9932"}],"wp:term":[{"taxonomy":"product_brand","embeddable":true,"href":"https:\/\/www.duboeuf.com\/en\/wp-json\/wp\/v2\/product_brand?post=9932"},{"taxonomy":"product_cat","embeddable":true,"href":"https:\/\/www.duboeuf.com\/en\/wp-json\/wp\/v2\/product_cat?post=9932"},{"taxonomy":"product_tag","embeddable":true,"href":"https:\/\/www.duboeuf.com\/en\/wp-json\/wp\/v2\/product_tag?post=9932"},{"taxonomy":"region","embeddable":true,"href":"https:\/\/www.duboeuf.com\/en\/wp-json\/wp\/v2\/region?post=9932"},{"taxonomy":"aoc","embeddable":true,"href":"https:\/\/www.duboeuf.com\/en\/wp-json\/wp\/v2\/aoc?post=9932"},{"taxonomy":"couleur","embeddable":true,"href":"https:\/\/www.duboeuf.com\/en\/wp-json\/wp\/v2\/couleur?post=9932"},{"taxonomy":"gamme","embeddable":true,"href":"https:\/\/www.duboeuf.com\/en\/wp-json\/wp\/v2\/gamme?post=9932"},{"taxonomy":"millesime","embeddable":true,"href":"https:\/\/www.duboeuf.com\/en\/wp-json\/wp\/v2\/millesime?post=9932"},{"taxonomy":"collection","embeddable":true,"href":"https:\/\/www.duboeuf.com\/en\/wp-json\/wp\/v2\/collection?post=9932"}],"curies":[{"name":"wp","href":"https:\/\/api.w.org\/{rel}","templated":true}]}}