{"id":9934,"date":"2022-06-24T22:06:35","date_gmt":"2022-06-24T20:06:35","guid":{"rendered":"https:\/\/www.duboeuf.com\/e-boutique\/uncategorized\/moulin-a-vent-domaine-de-roche-noire\/"},"modified":"2022-06-24T22:06:42","modified_gmt":"2022-06-24T20:06:42","slug":"moulin-a-vent-domaine-de-roche-noire","status":"publish","type":"product","link":"https:\/\/www.duboeuf.com\/en\/e-boutique\/data-sheet\/moulin-a-vent-domaine-de-roche-noire\/","title":{"rendered":"Moulin-A-Vent Domaine De Roche Noire"},"content":{"rendered":"<p>The Domaine de la Roche Noire sits atop the Ch\u00e9nas hills.  Their vines cover 11 hectares and are spread between Ch\u00e9nas (0.70ha), Saint-Amour (2.25ha) and most of all Moulin-\u00e0-Vent. The vines benefit from varying levels of exposure, with most facing south and east.<\/p>\n<p>There are 10,000 vines per hectare, which are farmed using nonchemical control to preserve the environment. 80% of the grapes are destalked, one third is hot-macerated before fermentation and the rest is pressed and fermented traditionally, in fermenting tanks, racking and returning the wine according to the vintage.<br \/>\n_x000D_<br \/>\nThis Domain has been certified HVE. The High Environmental Value corresponds to the most demanding level of an environmental certification system for agricultural and viticultural operations. It is a voluntary approach that aims to identify and promote practices that are particularly respectful of the environment. It focuses on 4 themes: preservation of biodiversity, phytosanitary strategy, fertilization management, water resource management.<\/p>\n","protected":false},"excerpt":{"rendered":"<p>The Domaine de la Roche Noire sits atop the Ch\u00e9nas hills. Their vines cover 11 hectares and are spread between Ch\u00e9nas (0.70ha), Saint-Amour (2.25ha) and most of all Moulin-\u00e0-Vent. The vines benefit from varying levels of exposure, with most facing south and east. There are 10,000 vines per hectare, which are farmed using nonchemical control [&hellip;]<\/p>\n","protected":false},"featured_media":3156,"template":"","meta":{"_acf_changed":false},"product_brand":[],"product_cat":[38],"product_tag":[],"region":[98],"aoc":[133],"couleur":[110],"gamme":[],"millesime":[],"collection":[160],"class_list":{"0":"post-9934","1":"product","2":"type-product","3":"status-publish","4":"has-post-thumbnail","6":"product_cat-data-sheet","7":"region-beaujolais","8":"aoc-moulin-a-vent-en","9":"couleur-red","10":"collection-domaines-chateaux-en","12":"first","13":"outofstock","14":"product-type-simple"},"acf":[],"_links":{"self":[{"href":"https:\/\/www.duboeuf.com\/en\/wp-json\/wp\/v2\/product\/9934","targetHints":{"allow":["GET"]}}],"collection":[{"href":"https:\/\/www.duboeuf.com\/en\/wp-json\/wp\/v2\/product"}],"about":[{"href":"https:\/\/www.duboeuf.com\/en\/wp-json\/wp\/v2\/types\/product"}],"wp:featuredmedia":[{"embeddable":true,"href":"https:\/\/www.duboeuf.com\/en\/wp-json\/wp\/v2\/media\/3156"}],"wp:attachment":[{"href":"https:\/\/www.duboeuf.com\/en\/wp-json\/wp\/v2\/media?parent=9934"}],"wp:term":[{"taxonomy":"product_brand","embeddable":true,"href":"https:\/\/www.duboeuf.com\/en\/wp-json\/wp\/v2\/product_brand?post=9934"},{"taxonomy":"product_cat","embeddable":true,"href":"https:\/\/www.duboeuf.com\/en\/wp-json\/wp\/v2\/product_cat?post=9934"},{"taxonomy":"product_tag","embeddable":true,"href":"https:\/\/www.duboeuf.com\/en\/wp-json\/wp\/v2\/product_tag?post=9934"},{"taxonomy":"region","embeddable":true,"href":"https:\/\/www.duboeuf.com\/en\/wp-json\/wp\/v2\/region?post=9934"},{"taxonomy":"aoc","embeddable":true,"href":"https:\/\/www.duboeuf.com\/en\/wp-json\/wp\/v2\/aoc?post=9934"},{"taxonomy":"couleur","embeddable":true,"href":"https:\/\/www.duboeuf.com\/en\/wp-json\/wp\/v2\/couleur?post=9934"},{"taxonomy":"gamme","embeddable":true,"href":"https:\/\/www.duboeuf.com\/en\/wp-json\/wp\/v2\/gamme?post=9934"},{"taxonomy":"millesime","embeddable":true,"href":"https:\/\/www.duboeuf.com\/en\/wp-json\/wp\/v2\/millesime?post=9934"},{"taxonomy":"collection","embeddable":true,"href":"https:\/\/www.duboeuf.com\/en\/wp-json\/wp\/v2\/collection?post=9934"}],"curies":[{"name":"wp","href":"https:\/\/api.w.org\/{rel}","templated":true}]}}