{"id":9942,"date":"2022-06-24T22:07:07","date_gmt":"2022-06-24T20:07:07","guid":{"rendered":"https:\/\/www.duboeuf.com\/e-boutique\/uncategorized\/beaujolais-blanc-selection-georges-duboeuf\/"},"modified":"2022-06-24T22:07:12","modified_gmt":"2022-06-24T20:07:12","slug":"beaujolais-blanc-selection-georges-duboeuf","status":"publish","type":"product","link":"https:\/\/www.duboeuf.com\/en\/e-boutique\/data-sheet\/beaujolais-blanc-selection-georges-duboeuf\/","title":{"rendered":"Beaujolais Blanc S\u00e9lection Georges Duboeuf"},"content":{"rendered":"<p>Few people know that the region of Beaujolais produces white wines. The Beaujolais blanc area lies on two departments : Rh\u00f4ne and Sa\u00f4ne et Loire. It is divided in two zones : the extreme north of the vineyards, neighbouring M\u00e2connais  and the west-south part of Villefranche, mostly in a triangle limited by the villages of Liergues, le Bois d&#8217;Oingt and Bully.<\/p>\n<p>Beaujolais blanc is often called &#8220;the white pearl&#8221; of  Beaujolais wines : it represents only one percent of the entire region&#8217;s wines. Beaujolais blanc undoubtedly deserves to be tried due to the scarcity of the appellation combined with its excellent quality.<\/p>\n<p>A growing number of connoisseurs are enjoying this magical, unexpected and delicious wine.<\/p>\n","protected":false},"excerpt":{"rendered":"<p>Few people know that the region of Beaujolais produces white wines. The Beaujolais blanc area lies on two departments : Rh\u00f4ne and Sa\u00f4ne et Loire. It is divided in two zones : the extreme north of the vineyards, neighbouring M\u00e2connais and the west-south part of Villefranche, mostly in a triangle limited by the villages of [&hellip;]<\/p>\n","protected":false},"featured_media":3170,"template":"","meta":{"_acf_changed":false},"product_brand":[],"product_cat":[38],"product_tag":[],"region":[98],"aoc":[118],"couleur":[173],"gamme":[],"millesime":[],"collection":[157],"class_list":{"0":"post-9942","1":"product","2":"type-product","3":"status-publish","4":"has-post-thumbnail","6":"product_cat-data-sheet","7":"region-beaujolais","8":"aoc-beaujolais-blanc-en","9":"couleur-white","10":"collection-flowers","12":"first","13":"outofstock","14":"product-type-simple"},"acf":[],"_links":{"self":[{"href":"https:\/\/www.duboeuf.com\/en\/wp-json\/wp\/v2\/product\/9942","targetHints":{"allow":["GET"]}}],"collection":[{"href":"https:\/\/www.duboeuf.com\/en\/wp-json\/wp\/v2\/product"}],"about":[{"href":"https:\/\/www.duboeuf.com\/en\/wp-json\/wp\/v2\/types\/product"}],"wp:featuredmedia":[{"embeddable":true,"href":"https:\/\/www.duboeuf.com\/en\/wp-json\/wp\/v2\/media\/3170"}],"wp:attachment":[{"href":"https:\/\/www.duboeuf.com\/en\/wp-json\/wp\/v2\/media?parent=9942"}],"wp:term":[{"taxonomy":"product_brand","embeddable":true,"href":"https:\/\/www.duboeuf.com\/en\/wp-json\/wp\/v2\/product_brand?post=9942"},{"taxonomy":"product_cat","embeddable":true,"href":"https:\/\/www.duboeuf.com\/en\/wp-json\/wp\/v2\/product_cat?post=9942"},{"taxonomy":"product_tag","embeddable":true,"href":"https:\/\/www.duboeuf.com\/en\/wp-json\/wp\/v2\/product_tag?post=9942"},{"taxonomy":"region","embeddable":true,"href":"https:\/\/www.duboeuf.com\/en\/wp-json\/wp\/v2\/region?post=9942"},{"taxonomy":"aoc","embeddable":true,"href":"https:\/\/www.duboeuf.com\/en\/wp-json\/wp\/v2\/aoc?post=9942"},{"taxonomy":"couleur","embeddable":true,"href":"https:\/\/www.duboeuf.com\/en\/wp-json\/wp\/v2\/couleur?post=9942"},{"taxonomy":"gamme","embeddable":true,"href":"https:\/\/www.duboeuf.com\/en\/wp-json\/wp\/v2\/gamme?post=9942"},{"taxonomy":"millesime","embeddable":true,"href":"https:\/\/www.duboeuf.com\/en\/wp-json\/wp\/v2\/millesime?post=9942"},{"taxonomy":"collection","embeddable":true,"href":"https:\/\/www.duboeuf.com\/en\/wp-json\/wp\/v2\/collection?post=9942"}],"curies":[{"name":"wp","href":"https:\/\/api.w.org\/{rel}","templated":true}]}}