{"id":9950,"date":"2022-06-24T22:07:19","date_gmt":"2022-06-24T20:07:19","guid":{"rendered":"https:\/\/www.duboeuf.com\/e-boutique\/uncategorized\/saint-veran-domaine-du-val-lamartinien\/"},"modified":"2022-06-24T22:07:26","modified_gmt":"2022-06-24T20:07:26","slug":"saint-veran-domaine-du-val-lamartinien","status":"publish","type":"product","link":"https:\/\/www.duboeuf.com\/en\/e-boutique\/data-sheet\/saint-veran-domaine-du-val-lamartinien\/","title":{"rendered":"Saint-V\u00e9ran Domaine Du Val Lamartinien"},"content":{"rendered":"<p>The Estate is located in the commune of Priss\u00e9, one of the six villages in which Saint V\u00e9ran is produced.<br \/>\nThe lovely building, built in the late 17th Century, is attached to the Ch\u00e2teau de Monceau, where a great man of the M\u00e2connais, Lamartine, wrote  L&#8217;histoire des Girondins . To find the peace he needed to write his book, the famous poet hid himself away at the far end of the grounds in a little wooden hut that he named  La solitude . Beno\u00eet TRIBOULET  bought the property in 1932. In 1959, Hubert took over from his father. Today, Hubert&#8217;s son Alain runs the estate with great attention.<\/p>\n<p>Soil tillage up to 3 ploughings per year. Density : 8300 vine-plant\/hectare. Rootstock : SO4, 41B and 3309.<br \/>\nPruning method : guyot.<\/p>\n<p>Vinification : pneumatic press, control of temperatures. Cold settling. Sulphiting is minimised in order to encourage early malolactic fermentation. Dry active yeasts arre used. Stainless steel fermenting room.<\/p>\n","protected":false},"excerpt":{"rendered":"<p>The Estate is located in the commune of Priss\u00e9, one of the six villages in which Saint V\u00e9ran is produced. The lovely building, built in the late 17th Century, is attached to the Ch\u00e2teau de Monceau, where a great man of the M\u00e2connais, Lamartine, wrote L&#8217;histoire des Girondins . To find the peace he needed [&hellip;]<\/p>\n","protected":false},"featured_media":3188,"template":"","meta":{"_acf_changed":false},"product_brand":[],"product_cat":[38],"product_tag":[],"region":[100],"aoc":[138],"couleur":[173],"gamme":[],"millesime":[],"collection":[160],"class_list":{"0":"post-9950","1":"product","2":"type-product","3":"status-publish","4":"has-post-thumbnail","6":"product_cat-data-sheet","7":"region-maconnais","8":"aoc-saint-veran-en","9":"couleur-white","10":"collection-domaines-chateaux-en","12":"first","13":"outofstock","14":"product-type-simple"},"acf":[],"_links":{"self":[{"href":"https:\/\/www.duboeuf.com\/en\/wp-json\/wp\/v2\/product\/9950","targetHints":{"allow":["GET"]}}],"collection":[{"href":"https:\/\/www.duboeuf.com\/en\/wp-json\/wp\/v2\/product"}],"about":[{"href":"https:\/\/www.duboeuf.com\/en\/wp-json\/wp\/v2\/types\/product"}],"wp:featuredmedia":[{"embeddable":true,"href":"https:\/\/www.duboeuf.com\/en\/wp-json\/wp\/v2\/media\/3188"}],"wp:attachment":[{"href":"https:\/\/www.duboeuf.com\/en\/wp-json\/wp\/v2\/media?parent=9950"}],"wp:term":[{"taxonomy":"product_brand","embeddable":true,"href":"https:\/\/www.duboeuf.com\/en\/wp-json\/wp\/v2\/product_brand?post=9950"},{"taxonomy":"product_cat","embeddable":true,"href":"https:\/\/www.duboeuf.com\/en\/wp-json\/wp\/v2\/product_cat?post=9950"},{"taxonomy":"product_tag","embeddable":true,"href":"https:\/\/www.duboeuf.com\/en\/wp-json\/wp\/v2\/product_tag?post=9950"},{"taxonomy":"region","embeddable":true,"href":"https:\/\/www.duboeuf.com\/en\/wp-json\/wp\/v2\/region?post=9950"},{"taxonomy":"aoc","embeddable":true,"href":"https:\/\/www.duboeuf.com\/en\/wp-json\/wp\/v2\/aoc?post=9950"},{"taxonomy":"couleur","embeddable":true,"href":"https:\/\/www.duboeuf.com\/en\/wp-json\/wp\/v2\/couleur?post=9950"},{"taxonomy":"gamme","embeddable":true,"href":"https:\/\/www.duboeuf.com\/en\/wp-json\/wp\/v2\/gamme?post=9950"},{"taxonomy":"millesime","embeddable":true,"href":"https:\/\/www.duboeuf.com\/en\/wp-json\/wp\/v2\/millesime?post=9950"},{"taxonomy":"collection","embeddable":true,"href":"https:\/\/www.duboeuf.com\/en\/wp-json\/wp\/v2\/collection?post=9950"}],"curies":[{"name":"wp","href":"https:\/\/api.w.org\/{rel}","templated":true}]}}