{"id":9954,"date":"2022-06-24T22:07:31","date_gmt":"2022-06-24T20:07:31","guid":{"rendered":"https:\/\/www.duboeuf.com\/e-boutique\/uncategorized\/pouilly-fuisse-premier-cru-2\/"},"modified":"2022-06-24T22:07:41","modified_gmt":"2022-06-24T20:07:41","slug":"pouilly-fuisse-premier-cru-2","status":"publish","type":"product","link":"https:\/\/www.duboeuf.com\/en\/e-boutique\/data-sheet\/pouilly-fuisse-premier-cru-2\/","title":{"rendered":"Pouilly-Fuiss\u00e9 Premier Cru"},"content":{"rendered":"<p>The constant progression of the quality level of the \u201cclimats\u201d of the appellation, recognized at the level of the best classified Burgundian \u201cclimats\u201d, led the Board of Directors of the Union of Producers to initiate a process of recognition as 1er Cru, presented at the General Assembly of March 29, 2008. Documentary research on the history of the \u201cclimats\u201d, a precise geological, pedological and topographical study of the appellation, a survey of all the producers, cultivation practices, economic data, tasting sessions and public meetings have been undertaken.<\/p>\n<p>The Institut National de l&#8217;Origine et de la Qualit\u00e9 has approved the recognition of 22 \u201cclimats\u201d as 1er crus. They represent 24% of the AOC area, spread over the four communes of the appellation: Chaintr\u00e9, Fuiss\u00e9, Solutr\u00e9-Pouilly and Vergisson.<\/p>\n<p>Wines with the &#8220;Premier Cru&#8221; label can be fruitier, more powerful or more mineral, depending on the origin of the grapes. They require a longer ageing period to fully express their balance, length, intensity and complexity.<\/p>\n","protected":false},"excerpt":{"rendered":"<p>The constant progression of the quality level of the \u201cclimats\u201d of the appellation, recognized at the level of the best classified Burgundian \u201cclimats\u201d, led the Board of Directors of the Union of Producers to initiate a process of recognition as 1er Cru, presented at the General Assembly of March 29, 2008. Documentary research on the [&hellip;]<\/p>\n","protected":false},"featured_media":3194,"template":"","meta":{"_acf_changed":false},"product_brand":[],"product_cat":[38],"product_tag":[],"region":[100],"aoc":[136],"couleur":[173],"gamme":[],"millesime":[],"collection":[160],"class_list":{"0":"post-9954","1":"product","2":"type-product","3":"status-publish","4":"has-post-thumbnail","6":"product_cat-data-sheet","7":"region-maconnais","8":"aoc-pouilly-fuisse-premier-cru-en","9":"couleur-white","10":"collection-domaines-chateaux-en","12":"first","13":"outofstock","14":"product-type-simple"},"acf":[],"_links":{"self":[{"href":"https:\/\/www.duboeuf.com\/en\/wp-json\/wp\/v2\/product\/9954","targetHints":{"allow":["GET"]}}],"collection":[{"href":"https:\/\/www.duboeuf.com\/en\/wp-json\/wp\/v2\/product"}],"about":[{"href":"https:\/\/www.duboeuf.com\/en\/wp-json\/wp\/v2\/types\/product"}],"wp:featuredmedia":[{"embeddable":true,"href":"https:\/\/www.duboeuf.com\/en\/wp-json\/wp\/v2\/media\/3194"}],"wp:attachment":[{"href":"https:\/\/www.duboeuf.com\/en\/wp-json\/wp\/v2\/media?parent=9954"}],"wp:term":[{"taxonomy":"product_brand","embeddable":true,"href":"https:\/\/www.duboeuf.com\/en\/wp-json\/wp\/v2\/product_brand?post=9954"},{"taxonomy":"product_cat","embeddable":true,"href":"https:\/\/www.duboeuf.com\/en\/wp-json\/wp\/v2\/product_cat?post=9954"},{"taxonomy":"product_tag","embeddable":true,"href":"https:\/\/www.duboeuf.com\/en\/wp-json\/wp\/v2\/product_tag?post=9954"},{"taxonomy":"region","embeddable":true,"href":"https:\/\/www.duboeuf.com\/en\/wp-json\/wp\/v2\/region?post=9954"},{"taxonomy":"aoc","embeddable":true,"href":"https:\/\/www.duboeuf.com\/en\/wp-json\/wp\/v2\/aoc?post=9954"},{"taxonomy":"couleur","embeddable":true,"href":"https:\/\/www.duboeuf.com\/en\/wp-json\/wp\/v2\/couleur?post=9954"},{"taxonomy":"gamme","embeddable":true,"href":"https:\/\/www.duboeuf.com\/en\/wp-json\/wp\/v2\/gamme?post=9954"},{"taxonomy":"millesime","embeddable":true,"href":"https:\/\/www.duboeuf.com\/en\/wp-json\/wp\/v2\/millesime?post=9954"},{"taxonomy":"collection","embeddable":true,"href":"https:\/\/www.duboeuf.com\/en\/wp-json\/wp\/v2\/collection?post=9954"}],"curies":[{"name":"wp","href":"https:\/\/api.w.org\/{rel}","templated":true}]}}