{"id":9956,"date":"2022-06-24T22:07:51","date_gmt":"2022-06-24T20:07:51","guid":{"rendered":"https:\/\/www.duboeuf.com\/e-boutique\/uncategorized\/bourgogne-aligote-selection-georges-duboeuf\/"},"modified":"2022-06-24T22:07:56","modified_gmt":"2022-06-24T20:07:56","slug":"bourgogne-aligote-selection-georges-duboeuf","status":"publish","type":"product","link":"https:\/\/www.duboeuf.com\/en\/e-boutique\/data-sheet\/bourgogne-aligote-selection-georges-duboeuf\/","title":{"rendered":"Bourgogne Aligot\u00e9 S\u00e9lection Georges Duboeuf"},"content":{"rendered":"<p>Aligot\u00e9 is a grape variety that has given its name to an Appellation Contr\u00f4l\u00e9e. It covers 1 000 hectares and extends over three departments: C\u00f4te d&#8217;Or, Yonne and Sa\u00f4ne et Loire.<\/p>\n<p>Bourgogne Aligot\u00e9 is a white wine.<br \/>\nIt is used as a base for the real &#8220;Kir&#8221;: 2\/3 Bourgogne Aligot\u00e9, 1\/3 cr\u00e8me de cassis. The other preparations can only claim the qualification of &#8220;White Wine &#8211; Blackcurrant&#8221;.<\/p>\n<p>It is a wine that is sufficiently structured to keep its young and fruity character for 3 to 4 years.<\/p>\n","protected":false},"excerpt":{"rendered":"<p>Aligot\u00e9 is a grape variety that has given its name to an Appellation Contr\u00f4l\u00e9e. It covers 1 000 hectares and extends over three departments: C\u00f4te d&#8217;Or, Yonne and Sa\u00f4ne et Loire. Bourgogne Aligot\u00e9 is a white wine. It is used as a base for the real &#8220;Kir&#8221;: 2\/3 Bourgogne Aligot\u00e9, 1\/3 cr\u00e8me de cassis. The [&hellip;]<\/p>\n","protected":false},"featured_media":3198,"template":"","meta":{"_acf_changed":false},"product_brand":[],"product_cat":[38],"product_tag":[],"region":[99],"aoc":[121],"couleur":[173],"gamme":[],"millesime":[],"collection":[157],"class_list":{"0":"post-9956","1":"product","2":"type-product","3":"status-publish","4":"has-post-thumbnail","6":"product_cat-data-sheet","7":"region-burgundy","8":"aoc-bourgogne-aligote-en","9":"couleur-white","10":"collection-flowers","12":"first","13":"outofstock","14":"product-type-simple"},"acf":[],"_links":{"self":[{"href":"https:\/\/www.duboeuf.com\/en\/wp-json\/wp\/v2\/product\/9956","targetHints":{"allow":["GET"]}}],"collection":[{"href":"https:\/\/www.duboeuf.com\/en\/wp-json\/wp\/v2\/product"}],"about":[{"href":"https:\/\/www.duboeuf.com\/en\/wp-json\/wp\/v2\/types\/product"}],"wp:featuredmedia":[{"embeddable":true,"href":"https:\/\/www.duboeuf.com\/en\/wp-json\/wp\/v2\/media\/3198"}],"wp:attachment":[{"href":"https:\/\/www.duboeuf.com\/en\/wp-json\/wp\/v2\/media?parent=9956"}],"wp:term":[{"taxonomy":"product_brand","embeddable":true,"href":"https:\/\/www.duboeuf.com\/en\/wp-json\/wp\/v2\/product_brand?post=9956"},{"taxonomy":"product_cat","embeddable":true,"href":"https:\/\/www.duboeuf.com\/en\/wp-json\/wp\/v2\/product_cat?post=9956"},{"taxonomy":"product_tag","embeddable":true,"href":"https:\/\/www.duboeuf.com\/en\/wp-json\/wp\/v2\/product_tag?post=9956"},{"taxonomy":"region","embeddable":true,"href":"https:\/\/www.duboeuf.com\/en\/wp-json\/wp\/v2\/region?post=9956"},{"taxonomy":"aoc","embeddable":true,"href":"https:\/\/www.duboeuf.com\/en\/wp-json\/wp\/v2\/aoc?post=9956"},{"taxonomy":"couleur","embeddable":true,"href":"https:\/\/www.duboeuf.com\/en\/wp-json\/wp\/v2\/couleur?post=9956"},{"taxonomy":"gamme","embeddable":true,"href":"https:\/\/www.duboeuf.com\/en\/wp-json\/wp\/v2\/gamme?post=9956"},{"taxonomy":"millesime","embeddable":true,"href":"https:\/\/www.duboeuf.com\/en\/wp-json\/wp\/v2\/millesime?post=9956"},{"taxonomy":"collection","embeddable":true,"href":"https:\/\/www.duboeuf.com\/en\/wp-json\/wp\/v2\/collection?post=9956"}],"curies":[{"name":"wp","href":"https:\/\/api.w.org\/{rel}","templated":true}]}}