{"id":9957,"date":"2022-06-24T22:07:51","date_gmt":"2022-06-24T20:07:51","guid":{"rendered":"https:\/\/www.duboeuf.com\/e-boutique\/uncategorized\/cremant-de-bourgogne-selection-georges-duboeuf\/"},"modified":"2022-06-24T22:07:56","modified_gmt":"2022-06-24T20:07:56","slug":"cremant-de-bourgogne-selection-georges-duboeuf","status":"publish","type":"product","link":"https:\/\/www.duboeuf.com\/en\/e-boutique\/data-sheet\/cremant-de-bourgogne-selection-georges-duboeuf\/","title":{"rendered":"Cr\u00e9mant De Bourgogne S\u00e9lection Georges Duboeuf"},"content":{"rendered":"<p>This Cr\u00e9mant is made in the heart of the Auxerrois region, where the Cr\u00e9mant de Bourgogne appellation represents 200 hectares.<br \/>\nThe grapes are harvested by hand in perforated crates to preserve the integrity and quality of the berries. The grapes are pressed whole bunches and only the best part of the juice, the &#8220;cuv\u00e9e&#8221;, is used.<br \/>\nFermentations are carried out in vats, respecting the aromatic qualities and freshness.<\/p>\n<p>After the subtle exercise of blending, the wines begin a long aging in bottle of several years&#8230; During this period, the wine starts to foam and the contact of the lees gives its personality to the wine which is transformed into Cr\u00e9mant de Bourgogne.<\/p>\n","protected":false},"excerpt":{"rendered":"<p>This Cr\u00e9mant is made in the heart of the Auxerrois region, where the Cr\u00e9mant de Bourgogne appellation represents 200 hectares. The grapes are harvested by hand in perforated crates to preserve the integrity and quality of the berries. The grapes are pressed whole bunches and only the best part of the juice, the &#8220;cuv\u00e9e&#8221;, is [&hellip;]<\/p>\n","protected":false},"featured_media":3200,"template":"","meta":{"_acf_changed":false},"product_brand":[],"product_cat":[38],"product_tag":[],"region":[99],"aoc":[128],"couleur":[158],"gamme":[],"millesime":[],"collection":[157],"class_list":{"0":"post-9957","1":"product","2":"type-product","3":"status-publish","4":"has-post-thumbnail","6":"product_cat-data-sheet","7":"region-burgundy","8":"aoc-cremant-de-bourgogne-en","9":"couleur-sparkling","10":"collection-flowers","12":"first","13":"outofstock","14":"product-type-simple"},"acf":[],"_links":{"self":[{"href":"https:\/\/www.duboeuf.com\/en\/wp-json\/wp\/v2\/product\/9957","targetHints":{"allow":["GET"]}}],"collection":[{"href":"https:\/\/www.duboeuf.com\/en\/wp-json\/wp\/v2\/product"}],"about":[{"href":"https:\/\/www.duboeuf.com\/en\/wp-json\/wp\/v2\/types\/product"}],"wp:featuredmedia":[{"embeddable":true,"href":"https:\/\/www.duboeuf.com\/en\/wp-json\/wp\/v2\/media\/3200"}],"wp:attachment":[{"href":"https:\/\/www.duboeuf.com\/en\/wp-json\/wp\/v2\/media?parent=9957"}],"wp:term":[{"taxonomy":"product_brand","embeddable":true,"href":"https:\/\/www.duboeuf.com\/en\/wp-json\/wp\/v2\/product_brand?post=9957"},{"taxonomy":"product_cat","embeddable":true,"href":"https:\/\/www.duboeuf.com\/en\/wp-json\/wp\/v2\/product_cat?post=9957"},{"taxonomy":"product_tag","embeddable":true,"href":"https:\/\/www.duboeuf.com\/en\/wp-json\/wp\/v2\/product_tag?post=9957"},{"taxonomy":"region","embeddable":true,"href":"https:\/\/www.duboeuf.com\/en\/wp-json\/wp\/v2\/region?post=9957"},{"taxonomy":"aoc","embeddable":true,"href":"https:\/\/www.duboeuf.com\/en\/wp-json\/wp\/v2\/aoc?post=9957"},{"taxonomy":"couleur","embeddable":true,"href":"https:\/\/www.duboeuf.com\/en\/wp-json\/wp\/v2\/couleur?post=9957"},{"taxonomy":"gamme","embeddable":true,"href":"https:\/\/www.duboeuf.com\/en\/wp-json\/wp\/v2\/gamme?post=9957"},{"taxonomy":"millesime","embeddable":true,"href":"https:\/\/www.duboeuf.com\/en\/wp-json\/wp\/v2\/millesime?post=9957"},{"taxonomy":"collection","embeddable":true,"href":"https:\/\/www.duboeuf.com\/en\/wp-json\/wp\/v2\/collection?post=9957"}],"curies":[{"name":"wp","href":"https:\/\/api.w.org\/{rel}","templated":true}]}}