{"id":1479,"date":"2022-05-09T16:52:27","date_gmt":"2022-05-09T14:52:27","guid":{"rendered":"https:\/\/www.duboeuf.com\/?page_id=1479"},"modified":"2025-09-03T16:11:24","modified_gmt":"2025-09-03T14:11:24","slug":"acces-cse","status":"publish","type":"page","link":"https:\/\/www.duboeuf.com\/fr\/le-parc\/acces-cse\/","title":{"rendered":"CSE"},"content":{"rendered":"\t\t<div data-elementor-type=\"wp-page\" data-elementor-id=\"1479\" class=\"elementor elementor-1479\" data-elementor-post-type=\"page\">\n\t\t\t\t\t\t<section class=\"elementor-section elementor-top-section elementor-element elementor-element-749cd91 elementor-section-boxed elementor-section-height-default elementor-section-height-default\" data-id=\"749cd91\" data-element_type=\"section\" data-e-type=\"section\">\n\t\t\t\t\t\t<div class=\"elementor-container elementor-column-gap-default\">\n\t\t\t\t\t<div class=\"elementor-column elementor-col-100 elementor-top-column elementor-element elementor-element-9c06080\" data-id=\"9c06080\" data-element_type=\"column\" data-e-type=\"column\">\n\t\t\t<div class=\"elementor-widget-wrap elementor-element-populated\">\n\t\t\t\t\t\t<div class=\"elementor-element elementor-element-e2cbc7f elementor-widget elementor-widget-heading\" data-id=\"e2cbc7f\" data-element_type=\"widget\" data-e-type=\"widget\" data-widget_type=\"heading.default\">\n\t\t\t\t<div class=\"elementor-widget-container\">\n\t\t\t\t\t<h1 class=\"elementor-heading-title elementor-size-default\">CSE<\/h1>\t\t\t\t<\/div>\n\t\t\t\t<\/div>\n\t\t\t\t<div class=\"elementor-element elementor-element-a9c43de elementor-widget elementor-widget-heading\" data-id=\"a9c43de\" data-element_type=\"widget\" data-e-type=\"widget\" data-widget_type=\"heading.default\">\n\t\t\t\t<div class=\"elementor-widget-container\">\n\t\t\t\t\t<h3 class=\"elementor-heading-title elementor-size-default\">Le Hameau Duboeuf&nbsp;? une sortie originale adapt\u00e9e&nbsp;aux Comit\u00e9s d\u2019entreprise et aux collectivit\u00e9s.<\/h3>\t\t\t\t<\/div>\n\t\t\t\t<\/div>\n\t\t\t\t<div class=\"elementor-element elementor-element-bf1f1ef elementor-widget elementor-widget-text-editor\" data-id=\"bf1f1ef\" data-element_type=\"widget\" data-e-type=\"widget\" data-widget_type=\"text-editor.default\">\n\t\t\t\t<div class=\"elementor-widget-container\">\n\t\t\t\t\t\t\t\t\t<p><strong>Vous \u00eates membre d\u2019un CSE (ou assimil\u00e9) et vous souhaitez proposer une billetterie \u00ab Hameau Duboeuf \u00bb au sein de votre entreprise ?<\/strong><\/p><p>Nous offrons \u00e0 vos salari\u00e9s la possibilit\u00e9 d\u2019une d\u00e9couverte originale et ludique mettant \u00e0 votre disposition une billetterie individuelle \u00e0 des conditions tr\u00e8s avantageuses.<\/p><p><strong>Les avantages\u00a0:<\/strong><\/p><p>&#8211; Billets valables 1 an \u00e0 partir de l\u2019\u00e9dition du billet. Ces billets vous donnent droit \u00e0 toute la journ\u00e9e sur l\u2019Oenoparc avec toutes les animations du jour (selon saisonnalit\u00e9).<\/p><p>&#8211; Pas de commande minimum.<\/p>\t\t\t\t\t\t\t\t<\/div>\n\t\t\t\t<\/div>\n\t\t\t\t\t<\/div>\n\t\t<\/div>\n\t\t\t\t\t<\/div>\n\t\t<\/section>\n\t\t\t\t<section class=\"elementor-section elementor-top-section elementor-element elementor-element-96f278b elementor-section-boxed elementor-section-height-default elementor-section-height-default\" data-id=\"96f278b\" data-element_type=\"section\" data-e-type=\"section\" data-settings=\"{&quot;background_background&quot;:&quot;classic&quot;}\">\n\t\t\t\t\t\t<div class=\"elementor-container elementor-column-gap-default\">\n\t\t\t\t\t<div class=\"elementor-column elementor-col-100 elementor-top-column elementor-element elementor-element-bdc801a\" data-id=\"bdc801a\" data-element_type=\"column\" data-e-type=\"column\" data-settings=\"{&quot;background_background&quot;:&quot;classic&quot;}\">\n\t\t\t<div class=\"elementor-widget-wrap elementor-element-populated\">\n\t\t\t\t\t\t<div class=\"elementor-element elementor-element-78c74a3 elementor-widget elementor-widget-heading\" data-id=\"78c74a3\" data-element_type=\"widget\" data-e-type=\"widget\" data-widget_type=\"heading.default\">\n\t\t\t\t<div class=\"elementor-widget-container\">\n\t\t\t\t\t<h3 class=\"elementor-heading-title elementor-size-default\">Commandez vos e-billets ou codes-barres en ligne avec votre acc\u00e8s priv\u00e9\n<\/h3>\t\t\t\t<\/div>\n\t\t\t\t<\/div>\n\t\t\t\t<div class=\"elementor-element elementor-element-9feda7d elementor-widget elementor-widget-text-editor\" data-id=\"9feda7d\" data-element_type=\"widget\" data-e-type=\"widget\" data-widget_type=\"text-editor.default\">\n\t\t\t\t<div class=\"elementor-widget-container\">\n\t\t\t\t\t\t\t\t\t<p><span class=\"s2\">Vous \u00eates d\u00e9j\u00e0 client ? C<\/span><span class=\"s3\">onnectez vous \u00e0 votre espace priv\u00e9 pour commander.<\/span><\/p>\t\t\t\t\t\t\t\t<\/div>\n\t\t\t\t<\/div>\n\t\t\t\t<div class=\"elementor-element elementor-element-66b67be elementor-align-left elementor-widget__width-auto elementor-widget elementor-widget-global elementor-global-5428 elementor-widget-button\" data-id=\"66b67be\" data-element_type=\"widget\" data-e-type=\"widget\" data-widget_type=\"button.default\">\n\t\t\t\t<div class=\"elementor-widget-container\">\n\t\t\t\t\t\t\t\t\t<div class=\"elementor-button-wrapper\">\n\t\t\t\t\t<a class=\"elementor-button elementor-button-link elementor-size-sm elementor-animation-grow\" href=\"https:\/\/billetterie.duboeuf.com\/\">\n\t\t\t\t\t\t<span class=\"elementor-button-content-wrapper\">\n\t\t\t\t\t\t<span class=\"elementor-button-icon\">\n\t\t\t\t<svg xmlns=\"http:\/\/www.w3.org\/2000\/svg\" xmlns:xlink=\"http:\/\/www.w3.org\/1999\/xlink\" id=\"Calque_1\" x=\"0px\" y=\"0px\" viewBox=\"0 0 1488 1586\" xml:space=\"preserve\"><path d=\"M1277.6,979.3l-594.9,594.9l-62.1-62.1l489-489H11.6v-87.8h1098.1l-489-489l62.1-62.1L1277.6,979.3z\"><\/path><\/svg>\t\t\t<\/span>\n\t\t\t\t\t\t\t\t\t<span class=\"elementor-button-text\">J'ACH\u00c8TE MES BILLETS<\/span>\n\t\t\t\t\t<\/span>\n\t\t\t\t\t<\/a>\n\t\t\t\t<\/div>\n\t\t\t\t\t\t\t\t<\/div>\n\t\t\t\t<\/div>\n\t\t\t\t<div class=\"elementor-element elementor-element-978873c elementor-widget elementor-widget-text-editor\" data-id=\"978873c\" data-element_type=\"widget\" data-e-type=\"widget\" data-widget_type=\"text-editor.default\">\n\t\t\t\t<div class=\"elementor-widget-container\">\n\t\t\t\t\t\t\t\t\t<p><span class=\"s2\">1<\/span><span class=\"s3\"><sup>\u00e8re<\/sup><\/span><span class=\"s2\"> commande ? R<\/span><span class=\"s4\">emplissez le <strong>formulaire <\/strong><\/span><span class=\"s2\"><strong>et envoyez-le \u00e0 l\u2019adresse suivante :<\/strong> <\/span><\/p><p><span class=\"s2\">Hameau Duboeuf 796 route de la Gare- 71570 Roman\u00e8che-Thorins ou par mail au service commercial<\/span><\/p>\t\t\t\t\t\t\t\t<\/div>\n\t\t\t\t<\/div>\n\t\t\t\t<div class=\"elementor-element elementor-element-5f90369 elementor-align-center elementor-widget elementor-widget-button\" data-id=\"5f90369\" data-element_type=\"widget\" data-e-type=\"widget\" data-widget_type=\"button.default\">\n\t\t\t\t<div class=\"elementor-widget-container\">\n\t\t\t\t\t\t\t\t\t<div class=\"elementor-button-wrapper\">\n\t\t\t\t\t<a class=\"elementor-button elementor-button-link elementor-size-sm elementor-animation-grow\" href=\"mailto:echarrion@hameauduvin.com\">\n\t\t\t\t\t\t<span class=\"elementor-button-content-wrapper\">\n\t\t\t\t\t\t<span class=\"elementor-button-icon\">\n\t\t\t\t<svg xmlns=\"http:\/\/www.w3.org\/2000\/svg\" xmlns:xlink=\"http:\/\/www.w3.org\/1999\/xlink\" id=\"Calque_1\" x=\"0px\" y=\"0px\" viewBox=\"0 0 1471.9 1523.2\" style=\"enable-background:new 0 0 1471.9 1523.2;\" xml:space=\"preserve\"><path d=\"M1354.2,782.2l-594.9,594.9l-62.1-62.1l489-489H88.2v-87.8h1098.1l-489-489l62.1-62.1L1354.2,782.2z\"><\/path><\/svg>\t\t\t<\/span>\n\t\t\t\t\t\t\t\t\t<span class=\"elementor-button-text\">BESOIN D'AIDE ? CONTACTEZ-NOUS !<\/span>\n\t\t\t\t\t<\/span>\n\t\t\t\t\t<\/a>\n\t\t\t\t<\/div>\n\t\t\t\t\t\t\t\t<\/div>\n\t\t\t\t<\/div>\n\t\t\t\t\t<\/div>\n\t\t<\/div>\n\t\t\t\t\t<\/div>\n\t\t<\/section>\n\t\t\t\t<\/div>\n\t\t","protected":false},"excerpt":{"rendered":"<p>CSE Le Hameau Duboeuf&nbsp;? une sortie originale adapt\u00e9e&nbsp;aux Comit\u00e9s d\u2019entreprise et aux collectivit\u00e9s. Vous \u00eates membre d\u2019un CSE (ou assimil\u00e9) et vous souhaitez proposer une billetterie \u00ab Hameau Duboeuf \u00bb au sein de votre entreprise ? Nous offrons \u00e0 vos salari\u00e9s la possibilit\u00e9 d\u2019une d\u00e9couverte originale et ludique mettant \u00e0 votre disposition une billetterie individuelle [&hellip;]<\/p>\n","protected":false},"author":5,"featured_media":0,"parent":182,"menu_order":0,"comment_status":"closed","ping_status":"closed","template":"","meta":{"_acf_changed":false,"footnotes":""},"class_list":["post-1479","page","type-page","status-publish","hentry"],"acf":[],"_links":{"self":[{"href":"https:\/\/www.duboeuf.com\/fr\/wp-json\/wp\/v2\/pages\/1479","targetHints":{"allow":["GET"]}}],"collection":[{"href":"https:\/\/www.duboeuf.com\/fr\/wp-json\/wp\/v2\/pages"}],"about":[{"href":"https:\/\/www.duboeuf.com\/fr\/wp-json\/wp\/v2\/types\/page"}],"author":[{"embeddable":true,"href":"https:\/\/www.duboeuf.com\/fr\/wp-json\/wp\/v2\/users\/5"}],"replies":[{"embeddable":true,"href":"https:\/\/www.duboeuf.com\/fr\/wp-json\/wp\/v2\/comments?post=1479"}],"version-history":[{"count":0,"href":"https:\/\/www.duboeuf.com\/fr\/wp-json\/wp\/v2\/pages\/1479\/revisions"}],"up":[{"embeddable":true,"href":"https:\/\/www.duboeuf.com\/fr\/wp-json\/wp\/v2\/pages\/182"}],"wp:attachment":[{"href":"https:\/\/www.duboeuf.com\/fr\/wp-json\/wp\/v2\/media?parent=1479"}],"curies":[{"name":"wp","href":"https:\/\/api.w.org\/{rel}","templated":true}]}}