{"id":751,"date":"2022-05-02T22:15:40","date_gmt":"2022-05-02T20:15:40","guid":{"rendered":"https:\/\/www.duboeuf.com\/?page_id=751"},"modified":"2026-04-13T12:06:02","modified_gmt":"2026-04-13T10:06:02","slug":"mentions-legales","status":"publish","type":"page","link":"https:\/\/www.duboeuf.com\/fr\/mentions-legales\/","title":{"rendered":"Mentions L\u00e9gales"},"content":{"rendered":"\t\t<div data-elementor-type=\"wp-page\" data-elementor-id=\"751\" class=\"elementor elementor-751\" data-elementor-post-type=\"page\">\n\t\t\t\t\t\t<section class=\"elementor-section elementor-top-section elementor-element elementor-element-40145aa elementor-section-boxed elementor-section-height-default elementor-section-height-default\" data-id=\"40145aa\" data-element_type=\"section\" data-e-type=\"section\">\n\t\t\t\t\t\t<div class=\"elementor-container elementor-column-gap-default\">\n\t\t\t\t\t<div class=\"elementor-column elementor-col-100 elementor-top-column elementor-element elementor-element-558478c\" data-id=\"558478c\" data-element_type=\"column\" data-e-type=\"column\">\n\t\t\t<div class=\"elementor-widget-wrap elementor-element-populated\">\n\t\t\t\t\t\t<div class=\"elementor-element elementor-element-d252e9c elementor-widget elementor-widget-heading\" data-id=\"d252e9c\" data-element_type=\"widget\" data-e-type=\"widget\" data-widget_type=\"heading.default\">\n\t\t\t\t<div class=\"elementor-widget-container\">\n\t\t\t\t\t<h1 class=\"elementor-heading-title elementor-size-default\">Mentions L\u00e9gales<\/h1>\t\t\t\t<\/div>\n\t\t\t\t<\/div>\n\t\t\t\t\t<\/div>\n\t\t<\/div>\n\t\t\t\t\t<\/div>\n\t\t<\/section>\n\t\t\t\t<section class=\"elementor-section elementor-top-section elementor-element elementor-element-7e4b94f elementor-section-boxed elementor-section-height-default elementor-section-height-default\" data-id=\"7e4b94f\" data-element_type=\"section\" data-e-type=\"section\">\n\t\t\t\t\t\t<div class=\"elementor-container elementor-column-gap-default\">\n\t\t\t\t\t<div class=\"elementor-column elementor-col-100 elementor-top-column elementor-element elementor-element-4b96e67\" data-id=\"4b96e67\" data-element_type=\"column\" data-e-type=\"column\">\n\t\t\t<div class=\"elementor-widget-wrap elementor-element-populated\">\n\t\t\t\t\t\t<div class=\"elementor-element elementor-element-23f6957 elementor-widget elementor-widget-text-editor\" data-id=\"23f6957\" data-element_type=\"widget\" data-e-type=\"widget\" data-widget_type=\"text-editor.default\">\n\t\t\t\t<div class=\"elementor-widget-container\">\n\t\t\t\t\t\t\t\t\t<div data-name=\"custom_html-4_12\"><h2><span id=\"lwptoc20\">1 &#8211; \u00c9dition du site<\/span><\/h2><p>En vertu de <a href=\"https:\/\/www.legifrance.gouv.fr\/affichTexte.do?cidTexte=JORFTEXT000000801164#LEGIARTI000042038977\" target=\"_blank\" rel=\"noreferrer noopener\">l&rsquo;article 6 de la loi n\u00b0 2004-575 du 21 juin 2004<\/a> pour la confiance dans l&rsquo;\u00e9conomie num\u00e9rique, il est pr\u00e9cis\u00e9 aux utilisateurs du site internet https:\/\/duboeuf.com l&rsquo;identit\u00e9 des diff\u00e9rents intervenants dans le cadre de sa r\u00e9alisation et de son suivi:<\/p><h3>Propri\u00e9taire du site<\/h3><p>DUBOEUF.COM est un site de la soci\u00e9t\u00e9 LES VINS GEORGES DUBOEUF S.A.<br \/>Adresse : 208, rue de Lanci\u00e9 \u2013 71570 ROMANECHE-THORINS<br \/>T\u00e9l : 03 85 35 34 20<br \/>Contact : message@duboeuf.com<br \/>SA au Capital de : 793 440 \u20ac<br \/>RCS 686 450 248 MACON 71000<br \/>Num\u00e9ro de TVA INTRACOMMUNAUTAIRE : FR 76 686 450 248<\/p><h3>Identification de l&rsquo;entreprise<\/h3><p>SA LES VINS GEORGES DUBOEUF au capital social de 793 440,00\u20ac &#8211; SIREN : 686450248 &#8211; RCS ou RM : Macon B 686 450 248 &#8211; Adresse postale : LES VINS GEORGES DUBOEUF 208 rue de Lanci\u00e9 71570 Roman\u00e8che-Thorins<\/p><p>Directeur de la publication : Adrien Duboeuf-Lacombe &#8211; Contact : +33 (0) 3 85 35 34 28.<\/p><p>H\u00e9bergeur : <span style=\"text-decoration: underline;\"><a href=\"https:\/\/almarena-it.com\/fr\/\">Almarena IT<\/a><\/span><\/p><p>D\u00e9l\u00e9gu\u00e9 \u00e0 la protection des donn\u00e9es : <u><a href=\"mailto:dpo@duboeuf.com\">dpo@duboeuf.com<\/a><\/u><\/p><p>Autres contributeurs : Cr\u00e9ation <a href=\"https:\/\/almarenacreative.com\" target=\"_blank\" rel=\"noopener\"><span style=\"text-decoration: underline;\">Almarena Creative<\/span><\/a><\/p><h2><span id=\"lwptoc21\">2 &#8211; Propri\u00e9t\u00e9 intellectuelle et contrefa\u00e7ons.<\/span><\/h2><p>LES VINS GEORGES DUBOEUF est propri\u00e9taire des droits de propri\u00e9t\u00e9 intellectuelle et d\u00e9tient les droits d\u2019usage sur tous les \u00e9l\u00e9ments accessibles sur le site internet, notamment les textes, images, graphismes, logos, vid\u00e9os, architecture, ic\u00f4nes et sons.<\/p><p>Toute reproduction, repr\u00e9sentation, modification, publication, adaptation de tout ou partie des \u00e9l\u00e9ments du site, quel que soit le moyen ou le proc\u00e9d\u00e9 utilis\u00e9, est interdite, sauf autorisation \u00e9crite pr\u00e9alable de LES VINS GEORGES DUBOEUF.<\/p><p>Toute exploitation non autoris\u00e9e du site ou de l\u2019un quelconque des \u00e9l\u00e9ments qu\u2019il contient sera consid\u00e9r\u00e9e comme constitutive d\u2019une contrefa\u00e7on et poursuivie conform\u00e9ment aux dispositions des articles <a href=\"https:\/\/www.legifrance.gouv.fr\/affichCodeArticle.do?idArticle=LEGIARTI000032655082&amp;cidTexte=LEGITEXT000006069414&amp;dateTexte=20160605\" target=\"_blank\" rel=\"noreferrer nofollow noopener\">L.335-2 et suivants du Code de Propri\u00e9t\u00e9 Intellectuelle<\/a><\/p><h2><span id=\"lwptoc22\">3 &#8211; Limitations de responsabilit\u00e9.<\/span><\/h2><p>LES VINS GEORGES DUBOEUF ne pourra \u00eatre tenu pour responsable des dommages directs et indirects caus\u00e9s au mat\u00e9riel de l\u2019utilisateur, lors de l\u2019acc\u00e8s au site https:\/\/duboeuf.com.<\/p><p>LES VINS GEORGES DUBOEUF d\u00e9cline toute responsabilit\u00e9 quant \u00e0 l\u2019utilisation qui pourrait \u00eatre faite des informations et contenus pr\u00e9sents sur https:\/\/duboeuf.com.<\/p><p>LES VINS GEORGES DUBOEUF s\u2019engage \u00e0 s\u00e9curiser au mieux le site https:\/\/duboeuf.com, cependant sa responsabilit\u00e9 ne pourra \u00eatre mise en cause si des donn\u00e9es ind\u00e9sirables sont import\u00e9es et install\u00e9es sur son site \u00e0 son insu.<\/p><p>Des espaces interactifs (espace contact ou commentaires) sont \u00e0 la disposition des utilisateurs. LES VINS GEORGES DUBOEUF se r\u00e9serve le droit de supprimer, sans mise en demeure pr\u00e9alable, tout contenu d\u00e9pos\u00e9 dans cet espace qui contreviendrait \u00e0 la l\u00e9gislation applicable en France, en particulier aux dispositions relatives \u00e0 la protection des donn\u00e9es.<\/p><p>Le cas \u00e9ch\u00e9ant, LES VINS GEORGES DUBOEUF se r\u00e9serve \u00e9galement la possibilit\u00e9 de mettre en cause la responsabilit\u00e9 civile et\/ou p\u00e9nale de l\u2019utilisateur, notamment en cas de message \u00e0 caract\u00e8re raciste, injurieux, diffamant, ou pornographique, quel que soit le support utilis\u00e9 (texte, photographie \u2026).<\/p><h2><span id=\"lwptoc23\">4 &#8211; CNIL et gestion des donn\u00e9es personnelles.<\/span><\/h2><p>Conform\u00e9ment aux dispositions de <a href=\"https:\/\/www.legifrance.gouv.fr\/affichTexte.do?cidTexte=JORFTEXT000000886460\" target=\"_blank\" rel=\"noreferrer nofollow noopener\">la loi 78-17 du 6 janvier 1978 modifi\u00e9e<\/a>, l\u2019utilisateur du site https:\/\/duboeuf.com dispose d\u2019un droit d\u2019acc\u00e8s, de modification et de suppression des informations collect\u00e9es. Pour exercer ce droit, envoyez un message \u00e0 notre D\u00e9l\u00e9gu\u00e9 \u00e0 la Protection des Donn\u00e9es : <u><a href=\"mailto:dpo@duboeuf.com\">dpo@duboeuf.com<\/a><\/u><\/p><p>Pour plus d&rsquo;informations sur la fa\u00e7on dont nous traitons vos donn\u00e9es (type de donn\u00e9es, finalit\u00e9, destinataire&#8230;), lisez notre <a href=\"https:\/\/duboeuf.com\/fr\/politique-de-cookies-ue\/\">Politique de Cookies<\/a>.<\/p><h2><span id=\"lwptoc24\">5 &#8211; Liens hypertextes et cookies<\/span><\/h2><p>Le site https:\/\/duboeuf.com contient des liens hypertextes vers d\u2019autres sites et d\u00e9gage toute responsabilit\u00e9 \u00e0 propos de ces liens externes ou des liens cr\u00e9\u00e9s par d\u2019autres sites vers https:\/\/duboeuf.com.<\/p><p>La navigation sur le site https:\/\/duboeuf.com est susceptible de provoquer l\u2019installation de cookie(s) sur l\u2019ordinateur de l\u2019utilisateur.<\/p><p>Un \u00ab\u00a0cookie\u00a0\u00bb est un fichier de petite taille qui enregistre des informations relatives \u00e0 la navigation d\u2019un utilisateur sur un site. Les donn\u00e9es ainsi obtenues permettent d&rsquo;obtenir des mesures de fr\u00e9quentation, par exemple.<\/p><p>Vous avez la possibilit\u00e9 d\u2019accepter ou de refuser les cookies en modifiant les param\u00e8tres de votre navigateur. Aucun cookie ne sera d\u00e9pos\u00e9 sans votre consentement.<\/p><p>Les cookies sont enregistr\u00e9s pour une dur\u00e9e maximale de 1 mois.<\/p><p>Pour plus d&rsquo;informations sur la fa\u00e7on dont nous faisons usage des cookies, lisez notre <a href=\"https:\/\/duboeuf.com\/fr\/politique-de-cookies-ue\/\">Politique de Confidentialit\u00e9<\/a>.<\/p><h2><span id=\"lwptoc25\">6 &#8211; Droit applicable et attribution de juridiction.<\/span><\/h2><p>Tout litige en relation avec l\u2019utilisation du site https:\/\/duboeuf.com est soumis au droit fran\u00e7ais. En dehors des cas o\u00f9 la loi ne le permet pas, il est fait attribution exclusive de juridiction aux tribunaux comp\u00e9tents de Macon.<\/p><div aria-hidden=\"true\">\u00a0<\/div><\/div><div><div><div>\u00a0<\/div><\/div><\/div><div data-name=\"form_step-4_10\"><div><div><div>\u00a0<\/div><\/div><\/div><\/div>\t\t\t\t\t\t\t\t<\/div>\n\t\t\t\t<\/div>\n\t\t\t\t\t<\/div>\n\t\t<\/div>\n\t\t\t\t\t<\/div>\n\t\t<\/section>\n\t\t\t\t<\/div>\n\t\t","protected":false},"excerpt":{"rendered":"<p>Mentions L\u00e9gales 1 &#8211; \u00c9dition du site En vertu de l&rsquo;article 6 de la loi n\u00b0 2004-575 du 21 juin 2004 pour la confiance dans l&rsquo;\u00e9conomie num\u00e9rique, il est pr\u00e9cis\u00e9 aux utilisateurs du site internet https:\/\/duboeuf.com l&rsquo;identit\u00e9 des diff\u00e9rents intervenants dans le cadre de sa r\u00e9alisation et de son suivi: Propri\u00e9taire du site DUBOEUF.COM est [&hellip;]<\/p>\n","protected":false},"author":2,"featured_media":0,"parent":0,"menu_order":0,"comment_status":"closed","ping_status":"closed","template":"","meta":{"_acf_changed":false,"footnotes":""},"class_list":["post-751","page","type-page","status-publish","hentry"],"acf":[],"_links":{"self":[{"href":"https:\/\/www.duboeuf.com\/fr\/wp-json\/wp\/v2\/pages\/751","targetHints":{"allow":["GET"]}}],"collection":[{"href":"https:\/\/www.duboeuf.com\/fr\/wp-json\/wp\/v2\/pages"}],"about":[{"href":"https:\/\/www.duboeuf.com\/fr\/wp-json\/wp\/v2\/types\/page"}],"author":[{"embeddable":true,"href":"https:\/\/www.duboeuf.com\/fr\/wp-json\/wp\/v2\/users\/2"}],"replies":[{"embeddable":true,"href":"https:\/\/www.duboeuf.com\/fr\/wp-json\/wp\/v2\/comments?post=751"}],"version-history":[{"count":0,"href":"https:\/\/www.duboeuf.com\/fr\/wp-json\/wp\/v2\/pages\/751\/revisions"}],"wp:attachment":[{"href":"https:\/\/www.duboeuf.com\/fr\/wp-json\/wp\/v2\/media?parent=751"}],"curies":[{"name":"wp","href":"https:\/\/api.w.org\/{rel}","templated":true}]}}