{"id":78604,"date":"2023-02-27T10:44:45","date_gmt":"2023-02-27T09:44:45","guid":{"rendered":"https:\/\/www.duboeuf.com\/?page_id=78604"},"modified":"2026-02-18T10:36:19","modified_gmt":"2026-02-18T09:36:19","slug":"index-egalite-professionnelle","status":"publish","type":"page","link":"https:\/\/www.duboeuf.com\/fr\/index-egalite-professionnelle\/","title":{"rendered":"Index Egalit\u00e9 Professionnelle"},"content":{"rendered":"\t\t<div data-elementor-type=\"wp-page\" data-elementor-id=\"78604\" class=\"elementor elementor-78604\" data-elementor-post-type=\"page\">\n\t\t\t\t\t\t<section class=\"elementor-section elementor-top-section elementor-element elementor-element-bc101ef elementor-section-boxed elementor-section-height-default elementor-section-height-default\" data-id=\"bc101ef\" data-element_type=\"section\" data-e-type=\"section\">\n\t\t\t\t\t\t<div class=\"elementor-container elementor-column-gap-default\">\n\t\t\t\t\t<div class=\"elementor-column elementor-col-100 elementor-top-column elementor-element elementor-element-396d364\" data-id=\"396d364\" data-element_type=\"column\" data-e-type=\"column\">\n\t\t\t<div class=\"elementor-widget-wrap elementor-element-populated\">\n\t\t\t\t\t\t<div class=\"elementor-element elementor-element-4638a26 elementor-widget elementor-widget-heading\" data-id=\"4638a26\" data-element_type=\"widget\" data-e-type=\"widget\" data-widget_type=\"heading.default\">\n\t\t\t\t<div class=\"elementor-widget-container\">\n\t\t\t\t\t<h2 class=\"elementor-heading-title elementor-size-default\">Index Egalit\u00e9 Professionnelle<\/h2>\t\t\t\t<\/div>\n\t\t\t\t<\/div>\n\t\t\t\t<div class=\"elementor-element elementor-element-893c5de elementor-widget elementor-widget-text-editor\" data-id=\"893c5de\" data-element_type=\"widget\" data-e-type=\"widget\" data-widget_type=\"text-editor.default\">\n\t\t\t\t<div class=\"elementor-widget-container\">\n\t\t\t\t\t\t\t\t\t<h2>2026<\/h2><h3>(donn\u00e9es 2025)<\/h3>\t\t\t\t\t\t\t\t<\/div>\n\t\t\t\t<\/div>\n\t\t\t\t<div class=\"elementor-element elementor-element-49071e2 elementor-widget elementor-widget-text-editor\" data-id=\"49071e2\" data-element_type=\"widget\" data-e-type=\"widget\" data-widget_type=\"text-editor.default\">\n\t\t\t\t<div class=\"elementor-widget-container\">\n\t\t\t\t\t\t\t\t\t<p><b><span style=\"font-size: 14.0pt; mso-bidi-font-size: 11.0pt; line-height: 107%;\">Index non calculable<\/span><\/b><\/p>\n<p style=\"text-align: justify;\"><span style=\"font-size: 12.0pt; line-height: 107%;\">L\u2019Index d\u00e9di\u00e9 \u00e0 l\u2019\u00e9galit\u00e9 professionnelle entre les femmes et les hommes de l\u2019entreprise ressort au global comme incalculable pour l\u2019ann\u00e9e&nbsp;2025. <\/span><\/p>\n<p style=\"text-align: justify;\"><span style=\"font-size: 12.0pt; line-height: 107%;\">La note globale sur 100 ne peut \u00eatre calcul\u00e9e, 2 indicateurs&nbsp;sur 4 \u00e9tant incalculables et les indicateurs calculables repr\u00e9sentent moins de&nbsp;60 points.&nbsp;<\/span><\/p>\n<ul style=\"margin-top: 0cm;\" type=\"disc\">\n<li style=\"text-align: justify; mso-list: l0 level1 lfo1; tab-stops: list 36.0pt;\"><b><span style=\"font-size: 12.0pt; line-height: 107%;\">Indicateur&nbsp;\u00e9cart de r\u00e9mun\u00e9ration entre les femmes et les hommes&nbsp;:<\/span><\/b><span style=\"font-size: 12.0pt; line-height: 107%;\">&nbsp;&nbsp;Non calculable &#8211; l\u2019ensemble&nbsp;des groupes valables repr\u00e9sentent moins de 40% des effectifs.<\/span><\/li>\n<li style=\"text-align: justify; mso-list: l0 level1 lfo1; tab-stops: list 36.0pt;\"><b><span style=\"font-size: 12.0pt; line-height: 107%;\">Indicateur&nbsp;\u00e9cart de taux d\u2019augmentations individuelles entre les femmes et les&nbsp;hommes&nbsp;:<\/span><\/b><span style=\"font-size: 12.0pt; line-height: 107%;\">&nbsp;35\/35<\/span>&nbsp;<\/li>\n<li style=\"text-align: justify; mso-list: l0 level1 lfo1; tab-stops: list 36.0pt;\"><b style=\"background-color: transparent; color: var( --e-global-color-primary );\"><span style=\"font-size: 12.0pt; line-height: 107%;\">Indicateur&nbsp;pourcentage de salari\u00e9es augment\u00e9es dans l\u2019ann\u00e9e suivant leur retour de&nbsp;cong\u00e9 maternit\u00e9.<\/span><\/b><span style=\"background-color: transparent; color: var( --e-global-color-primary ); font-size: 12pt; line-height: 107%;\">&nbsp;Non&nbsp;calculable&nbsp;<\/span><\/li>\n<li style=\"text-align: justify; mso-list: l0 level1 lfo1; tab-stops: list 36.0pt;\"><b style=\"background-color: transparent; color: var( --e-global-color-primary );\"><span style=\"font-size: 12.0pt; line-height: 107%;\">Indicateur nombre de salari\u00e9s du sexe sous- repr\u00e9sent\u00e9 parmi les 10 plus hautes r\u00e9mun\u00e9rations<\/span><\/b><span style=\"background-color: transparent; color: var( --e-global-color-primary ); font-size: 12pt; line-height: 107%;\">&nbsp;: 5\/10.<\/span><\/li>\n<\/ul>\t\t\t\t\t\t\t\t<\/div>\n\t\t\t\t<\/div>\n\t\t\t\t<div class=\"elementor-element elementor-element-935e5d4 elementor-widget elementor-widget-image\" data-id=\"935e5d4\" data-element_type=\"widget\" data-e-type=\"widget\" data-widget_type=\"image.default\">\n\t\t\t\t<div class=\"elementor-widget-container\">\n\t\t\t\t\t\t\t\t\t\t\t\t\t\t\t<img fetchpriority=\"high\" decoding=\"async\" width=\"720\" height=\"308\" src=\"https:\/\/www.duboeuf.com\/wp-content\/uploads\/2024\/02\/picto-index.png\" class=\"attachment-large size-large wp-image-122196\" alt=\"\" srcset=\"https:\/\/www.duboeuf.com\/wp-content\/uploads\/2024\/02\/picto-index.png 720w, https:\/\/www.duboeuf.com\/wp-content\/uploads\/2024\/02\/picto-index-300x128.png 300w, https:\/\/www.duboeuf.com\/wp-content\/uploads\/2024\/02\/picto-index-600x257.png 600w\" sizes=\"(max-width: 720px) 100vw, 720px\" \/>\t\t\t\t\t\t\t\t\t\t\t\t\t\t\t<\/div>\n\t\t\t\t<\/div>\n\t\t\t\t\t<\/div>\n\t\t<\/div>\n\t\t\t\t\t<\/div>\n\t\t<\/section>\n\t\t\t\t<\/div>\n\t\t","protected":false},"excerpt":{"rendered":"<p>2026 (donn\u00e9es 2025) Index non calculable L\u2019Index d\u00e9di\u00e9 \u00e0 l\u2019\u00e9galit\u00e9 professionnelle entre les femmes et les hommes de l\u2019entreprise ressort au global comme incalculable pour l\u2019ann\u00e9e&nbsp;2025. La note globale sur 100 ne peut \u00eatre calcul\u00e9e, 2 indicateurs&nbsp;sur 4 \u00e9tant incalculables et les indicateurs calculables repr\u00e9sentent moins de&nbsp;60 points.&nbsp; Indicateur&nbsp;\u00e9cart de r\u00e9mun\u00e9ration entre les femmes et [&hellip;]<\/p>\n","protected":false},"author":2,"featured_media":0,"parent":0,"menu_order":0,"comment_status":"closed","ping_status":"closed","template":"","meta":{"_acf_changed":false,"footnotes":""},"class_list":["post-78604","page","type-page","status-publish","hentry"],"acf":[],"_links":{"self":[{"href":"https:\/\/www.duboeuf.com\/fr\/wp-json\/wp\/v2\/pages\/78604","targetHints":{"allow":["GET"]}}],"collection":[{"href":"https:\/\/www.duboeuf.com\/fr\/wp-json\/wp\/v2\/pages"}],"about":[{"href":"https:\/\/www.duboeuf.com\/fr\/wp-json\/wp\/v2\/types\/page"}],"author":[{"embeddable":true,"href":"https:\/\/www.duboeuf.com\/fr\/wp-json\/wp\/v2\/users\/2"}],"replies":[{"embeddable":true,"href":"https:\/\/www.duboeuf.com\/fr\/wp-json\/wp\/v2\/comments?post=78604"}],"version-history":[{"count":0,"href":"https:\/\/www.duboeuf.com\/fr\/wp-json\/wp\/v2\/pages\/78604\/revisions"}],"wp:attachment":[{"href":"https:\/\/www.duboeuf.com\/fr\/wp-json\/wp\/v2\/media?parent=78604"}],"curies":[{"name":"wp","href":"https:\/\/api.w.org\/{rel}","templated":true}]}}