{"id":8855,"date":"2022-06-21T18:00:24","date_gmt":"2022-06-21T16:00:24","guid":{"rendered":"https:\/\/www.duboeuf.com\/?page_id=8855"},"modified":"2026-03-23T16:19:02","modified_gmt":"2026-03-23T15:19:02","slug":"groupes-scolaires","status":"publish","type":"page","link":"https:\/\/www.duboeuf.com\/fr\/le-parc\/groupes-scolaires\/","title":{"rendered":"Groupes Scolaires"},"content":{"rendered":"\t\t<div data-elementor-type=\"wp-page\" data-elementor-id=\"8855\" class=\"elementor elementor-8855\" data-elementor-post-type=\"page\">\n\t\t\t\t\t\t<section class=\"elementor-section elementor-top-section elementor-element elementor-element-147d3251 elementor-section-boxed elementor-section-height-default elementor-section-height-default\" data-id=\"147d3251\" data-element_type=\"section\" data-e-type=\"section\">\n\t\t\t\t\t\t<div class=\"elementor-container elementor-column-gap-default\">\n\t\t\t\t\t<div class=\"elementor-column elementor-col-100 elementor-top-column elementor-element elementor-element-3f8c47df\" data-id=\"3f8c47df\" data-element_type=\"column\" data-e-type=\"column\">\n\t\t\t<div class=\"elementor-widget-wrap elementor-element-populated\">\n\t\t\t\t\t\t<div class=\"elementor-element elementor-element-663bd983 elementor-widget elementor-widget-heading\" data-id=\"663bd983\" data-element_type=\"widget\" data-e-type=\"widget\" data-widget_type=\"heading.default\">\n\t\t\t\t<div class=\"elementor-widget-container\">\n\t\t\t\t\t<h1 class=\"elementor-heading-title elementor-size-default\">Pour les scolaires<\/h1>\t\t\t\t<\/div>\n\t\t\t\t<\/div>\n\t\t\t\t<div class=\"elementor-element elementor-element-37d94c75 elementor-widget elementor-widget-heading\" data-id=\"37d94c75\" data-element_type=\"widget\" data-e-type=\"widget\" data-widget_type=\"heading.default\">\n\t\t\t\t<div class=\"elementor-widget-container\">\n\t\t\t\t\t<h3 class=\"elementor-heading-title elementor-size-default\">Vous souhaitez organiser une journ\u00e9e ou une demi-journ\u00e9e avec vos \u00e9l\u00e8ves au Hameau Dub\u0153uf ?\n<\/h3>\t\t\t\t<\/div>\n\t\t\t\t<\/div>\n\t\t\t\t<div class=\"elementor-element elementor-element-1d4198cf elementor-widget elementor-widget-text-editor\" data-id=\"1d4198cf\" data-element_type=\"widget\" data-e-type=\"widget\" data-widget_type=\"text-editor.default\">\n\t\t\t\t<div class=\"elementor-widget-container\">\n\t\t\t\t\t\t\t\t\t<p>Le Hameau Dub\u0153uf accueille r\u00e9guli\u00e8rement des groupes d&rsquo;enfants : maternelle, primaire, coll\u00e8ge et Lyc\u00e9e. Pour b\u00e9n\u00e9ficier des tarifs scolaires, vous devez \u00eatre :<\/p><ul><li>un centre a\u00e9r\u00e9, un centre de loisirs, un coll\u00e8ge, un lyc\u00e9e, une \u00e9cole maternelle, une \u00e9cole \u00e9l\u00e9mentaire.\u00a0<\/li><\/ul><p><strong>Nous vous proposons plusieurs programmes types qui sont modifiables selon vos besoins et vos envies.<\/strong><\/p>\t\t\t\t\t\t\t\t<\/div>\n\t\t\t\t<\/div>\n\t\t\t\t\t<\/div>\n\t\t<\/div>\n\t\t\t\t\t<\/div>\n\t\t<\/section>\n\t\t\t\t<section class=\"elementor-section elementor-top-section elementor-element elementor-element-4d253352 elementor-section-boxed elementor-section-height-default elementor-section-height-default\" data-id=\"4d253352\" data-element_type=\"section\" data-e-type=\"section\" data-settings=\"{&quot;background_background&quot;:&quot;classic&quot;}\">\n\t\t\t\t\t\t<div class=\"elementor-container elementor-column-gap-default\">\n\t\t\t\t\t<div class=\"elementor-column elementor-col-100 elementor-top-column elementor-element elementor-element-356a61f6\" data-id=\"356a61f6\" data-element_type=\"column\" data-e-type=\"column\" data-settings=\"{&quot;background_background&quot;:&quot;classic&quot;}\">\n\t\t\t<div class=\"elementor-widget-wrap elementor-element-populated\">\n\t\t\t\t\t\t<section class=\"elementor-section elementor-inner-section elementor-element elementor-element-2aed873b elementor-section-boxed elementor-section-height-default elementor-section-height-default\" data-id=\"2aed873b\" data-element_type=\"section\" data-e-type=\"section\">\n\t\t\t\t\t\t<div class=\"elementor-container elementor-column-gap-default\">\n\t\t\t\t\t<div class=\"elementor-column elementor-col-100 elementor-inner-column elementor-element elementor-element-780cad1a\" data-id=\"780cad1a\" data-element_type=\"column\" data-e-type=\"column\">\n\t\t\t<div class=\"elementor-widget-wrap elementor-element-populated\">\n\t\t\t\t\t\t<div class=\"elementor-element elementor-element-2d3b3c14 elementor-widget elementor-widget-heading\" data-id=\"2d3b3c14\" data-element_type=\"widget\" data-e-type=\"widget\" data-widget_type=\"heading.default\">\n\t\t\t\t<div class=\"elementor-widget-container\">\n\t\t\t\t\t<h3 class=\"elementor-heading-title elementor-size-xl\">Tarifs scolaires<\/h3>\t\t\t\t<\/div>\n\t\t\t\t<\/div>\n\t\t\t\t<div class=\"elementor-element elementor-element-1745fbbf elementor-widget__width-initial elementor-widget elementor-widget-text-editor\" data-id=\"1745fbbf\" data-element_type=\"widget\" data-e-type=\"widget\" data-widget_type=\"text-editor.default\">\n\t\t\t\t<div class=\"elementor-widget-container\">\n\t\t\t\t\t\t\t\t\t<p>Le Billet scolaire du Hameau Dub\u0153uf<\/p>\t\t\t\t\t\t\t\t<\/div>\n\t\t\t\t<\/div>\n\t\t\t\t<div class=\"elementor-element elementor-element-5ef87f1 elementor-widget elementor-widget-heading\" data-id=\"5ef87f1\" data-element_type=\"widget\" data-e-type=\"widget\" data-widget_type=\"heading.default\">\n\t\t\t\t<div class=\"elementor-widget-container\">\n\t\t\t\t\t<h3 class=\"elementor-heading-title elementor-size-default\">11.00\u20ac \/ personne <br>\u00e0 partir de 10 \u00e9l\u00e8ves.<\/h3>\t\t\t\t<\/div>\n\t\t\t\t<\/div>\n\t\t\t\t<div class=\"elementor-element elementor-element-68c27bf elementor-widget elementor-widget-text-editor\" data-id=\"68c27bf\" data-element_type=\"widget\" data-e-type=\"widget\" data-widget_type=\"text-editor.default\">\n\t\t\t\t<div class=\"elementor-widget-container\">\n\t\t\t\t\t\t\t\t\t<div class=\"head\"><p>Ce billet comprend la visite du Hameau du Vin et un jus de raisin.<\/p><\/div>\t\t\t\t\t\t\t\t<\/div>\n\t\t\t\t<\/div>\n\t\t\t\t\t<\/div>\n\t\t<\/div>\n\t\t\t\t\t<\/div>\n\t\t<\/section>\n\t\t\t\t<div class=\"elementor-element elementor-element-7c7b2cd2 elementor-align-center elementor-widget elementor-widget-button\" data-id=\"7c7b2cd2\" data-element_type=\"widget\" data-e-type=\"widget\" data-widget_type=\"button.default\">\n\t\t\t\t<div class=\"elementor-widget-container\">\n\t\t\t\t\t\t\t\t\t<div class=\"elementor-button-wrapper\">\n\t\t\t\t\t<a class=\"elementor-button elementor-button-link elementor-size-sm elementor-animation-grow\" href=\"mailto:message@hameauduboeuf.com\">\n\t\t\t\t\t\t<span class=\"elementor-button-content-wrapper\">\n\t\t\t\t\t\t<span class=\"elementor-button-icon\">\n\t\t\t\t<svg xmlns=\"http:\/\/www.w3.org\/2000\/svg\" xmlns:xlink=\"http:\/\/www.w3.org\/1999\/xlink\" id=\"Calque_1\" x=\"0px\" y=\"0px\" viewBox=\"0 0 1471.9 1523.2\" style=\"enable-background:new 0 0 1471.9 1523.2;\" xml:space=\"preserve\"><path d=\"M1354.2,782.2l-594.9,594.9l-62.1-62.1l489-489H88.2v-87.8h1098.1l-489-489l62.1-62.1L1354.2,782.2z\"><\/path><\/svg>\t\t\t<\/span>\n\t\t\t\t\t\t\t\t\t<span class=\"elementor-button-text\">ENVIE DE R\u00c9SERVER ? CONTACTEZ-NOUS !<\/span>\n\t\t\t\t\t<\/span>\n\t\t\t\t\t<\/a>\n\t\t\t\t<\/div>\n\t\t\t\t\t\t\t\t<\/div>\n\t\t\t\t<\/div>\n\t\t\t\t\t<\/div>\n\t\t<\/div>\n\t\t\t\t\t<\/div>\n\t\t<\/section>\n\t\t\t\t<\/div>\n\t\t","protected":false},"excerpt":{"rendered":"<p>Pour les scolaires Vous souhaitez organiser une journ\u00e9e ou une demi-journ\u00e9e avec vos \u00e9l\u00e8ves au Hameau Dub\u0153uf ? Le Hameau Dub\u0153uf accueille r\u00e9guli\u00e8rement des groupes d&rsquo;enfants : maternelle, primaire, coll\u00e8ge et Lyc\u00e9e. Pour b\u00e9n\u00e9ficier des tarifs scolaires, vous devez \u00eatre : un centre a\u00e9r\u00e9, un centre de loisirs, un coll\u00e8ge, un lyc\u00e9e, une \u00e9cole maternelle, [&hellip;]<\/p>\n","protected":false},"author":5,"featured_media":0,"parent":182,"menu_order":0,"comment_status":"closed","ping_status":"closed","template":"","meta":{"_acf_changed":false,"footnotes":""},"class_list":["post-8855","page","type-page","status-publish","hentry"],"acf":[],"_links":{"self":[{"href":"https:\/\/www.duboeuf.com\/fr\/wp-json\/wp\/v2\/pages\/8855","targetHints":{"allow":["GET"]}}],"collection":[{"href":"https:\/\/www.duboeuf.com\/fr\/wp-json\/wp\/v2\/pages"}],"about":[{"href":"https:\/\/www.duboeuf.com\/fr\/wp-json\/wp\/v2\/types\/page"}],"author":[{"embeddable":true,"href":"https:\/\/www.duboeuf.com\/fr\/wp-json\/wp\/v2\/users\/5"}],"replies":[{"embeddable":true,"href":"https:\/\/www.duboeuf.com\/fr\/wp-json\/wp\/v2\/comments?post=8855"}],"version-history":[{"count":0,"href":"https:\/\/www.duboeuf.com\/fr\/wp-json\/wp\/v2\/pages\/8855\/revisions"}],"up":[{"embeddable":true,"href":"https:\/\/www.duboeuf.com\/fr\/wp-json\/wp\/v2\/pages\/182"}],"wp:attachment":[{"href":"https:\/\/www.duboeuf.com\/fr\/wp-json\/wp\/v2\/media?parent=8855"}],"curies":[{"name":"wp","href":"https:\/\/api.w.org\/{rel}","templated":true}]}}