{"id":109427,"date":"2023-06-21T05:53:14","date_gmt":"2023-06-21T03:53:14","guid":{"rendered":"https:\/\/www.duboeuf.com\/e-boutique\/non%20class\u00e9\/chenas-2022-selection-georges-duboeuf\/"},"modified":"2026-03-24T07:50:39","modified_gmt":"2026-03-24T06:50:39","slug":"chenas-2022-selection-georges-duboeuf","status":"publish","type":"product","link":"https:\/\/www.duboeuf.com\/fr\/e-boutique\/produit\/chenas-2022-selection-georges-duboeuf\/","title":{"rendered":"Ch\u00e9nas 2022 S\u00e9lection Georges Duboeuf"},"content":{"rendered":"<p>Ch\u00e9nas, village qui a donn\u00e9 son  nom au vin (\u00e0 moins que ce ne soit le contraire !), repr\u00e9sente le plus petit des dix Crus de par son volume. C&rsquo;est probablement pour cela qu&rsquo;il est si injustement m\u00e9connu, pourtant son rapport qualit\u00e9 prix est exceptionnel. L&rsquo;origine de son nom serait li\u00e9e au mot gaulois  \u00ab\u00a0cassanus\u00a0\u00bb  qui signifie un lieu plant\u00e9 de ch\u00eanes, ou encore \u00e0 un patricien  romain appel\u00e9 Canus. Quoi qu&rsquo;il en soit, il est av\u00e9r\u00e9 que le territoire de la commune \u00e9tait tr\u00e8s longtemps couvert d&rsquo;une for\u00eat de ch\u00eanes, depuis la lointaine<br \/>\nAntiquit\u00e9 nous savons toute l&rsquo;importance que les druides attachaient \u00e0 cet arbre sacr\u00e9. D&rsquo;ailleurs, les Gaulois n&rsquo;ont-ils pas invent\u00e9 le f\u00fbt, ce contenant de g\u00e9nie qui permet non seulement de loger le vin pour son \u00e9levage  et m\u00eame sa vinification, mais aussi de le transporter ? D&rsquo;aucuns affirment que le Ch\u00e9nas \u00e9tait le  vin pr\u00e9f\u00e9r\u00e9 de Louis XIII. M\u00e9riter ainsi la confiance royale n&rsquo;est pas un pi\u00e8tre compliment. C&rsquo;est, en effet, un vin g\u00e9n\u00e9reux et fin, digne des meilleures tables.<\/p>\n","protected":false},"excerpt":{"rendered":"<p>Ch\u00e9nas, village qui a donn\u00e9 son nom au vin (\u00e0 moins que ce ne soit le contraire !), repr\u00e9sente le plus petit des dix Crus de par son volume. C&rsquo;est probablement pour cela qu&rsquo;il est si injustement m\u00e9connu, pourtant son rapport qualit\u00e9 prix est exceptionnel. L&rsquo;origine de son nom serait li\u00e9e au mot gaulois \u00ab\u00a0cassanus\u00a0\u00bb [&hellip;]<\/p>\n","protected":false},"featured_media":109428,"template":"","meta":{"_acf_changed":false},"product_brand":[],"product_cat":[29],"product_tag":[],"region":[33],"aoc":[79],"couleur":[92],"gamme":[],"millesime":[177],"collection":[156],"class_list":{"0":"post-109427","1":"product","2":"type-product","3":"status-publish","4":"has-post-thumbnail","6":"product_cat-produit","7":"region-vins-du-beaujolais","8":"aoc-chenas","9":"couleur-rouge","10":"millesime-177","11":"collection-fleurs","13":"first","14":"instock","15":"shipping-taxable","16":"purchasable","17":"product-type-simple"},"acf":[],"_links":{"self":[{"href":"https:\/\/www.duboeuf.com\/fr\/wp-json\/wp\/v2\/product\/109427","targetHints":{"allow":["GET"]}}],"collection":[{"href":"https:\/\/www.duboeuf.com\/fr\/wp-json\/wp\/v2\/product"}],"about":[{"href":"https:\/\/www.duboeuf.com\/fr\/wp-json\/wp\/v2\/types\/product"}],"wp:featuredmedia":[{"embeddable":true,"href":"https:\/\/www.duboeuf.com\/fr\/wp-json\/wp\/v2\/media\/109428"}],"wp:attachment":[{"href":"https:\/\/www.duboeuf.com\/fr\/wp-json\/wp\/v2\/media?parent=109427"}],"wp:term":[{"taxonomy":"product_brand","embeddable":true,"href":"https:\/\/www.duboeuf.com\/fr\/wp-json\/wp\/v2\/product_brand?post=109427"},{"taxonomy":"product_cat","embeddable":true,"href":"https:\/\/www.duboeuf.com\/fr\/wp-json\/wp\/v2\/product_cat?post=109427"},{"taxonomy":"product_tag","embeddable":true,"href":"https:\/\/www.duboeuf.com\/fr\/wp-json\/wp\/v2\/product_tag?post=109427"},{"taxonomy":"region","embeddable":true,"href":"https:\/\/www.duboeuf.com\/fr\/wp-json\/wp\/v2\/region?post=109427"},{"taxonomy":"aoc","embeddable":true,"href":"https:\/\/www.duboeuf.com\/fr\/wp-json\/wp\/v2\/aoc?post=109427"},{"taxonomy":"couleur","embeddable":true,"href":"https:\/\/www.duboeuf.com\/fr\/wp-json\/wp\/v2\/couleur?post=109427"},{"taxonomy":"gamme","embeddable":true,"href":"https:\/\/www.duboeuf.com\/fr\/wp-json\/wp\/v2\/gamme?post=109427"},{"taxonomy":"millesime","embeddable":true,"href":"https:\/\/www.duboeuf.com\/fr\/wp-json\/wp\/v2\/millesime?post=109427"},{"taxonomy":"collection","embeddable":true,"href":"https:\/\/www.duboeuf.com\/fr\/wp-json\/wp\/v2\/collection?post=109427"}],"curies":[{"name":"wp","href":"https:\/\/api.w.org\/{rel}","templated":true}]}}