{"id":109430,"date":"2023-06-21T05:53:14","date_gmt":"2023-06-21T03:53:14","guid":{"rendered":"https:\/\/www.duboeuf.com\/e-boutique\/non%20class\u00e9\/chiroubles-2022-domaine-des-pontheux\/"},"modified":"2026-04-21T15:50:39","modified_gmt":"2026-04-21T13:50:39","slug":"chiroubles-2022-domaine-des-pontheux","status":"publish","type":"product","link":"https:\/\/www.duboeuf.com\/fr\/e-boutique\/produit\/chiroubles-2022-domaine-des-pontheux\/","title":{"rendered":"Chiroubles 2022 Domaine des Pontheux"},"content":{"rendered":"<p>Situ\u00e9 enti\u00e8rement sur la commune de Chiroubles, au lieu dit Pontheux (variation de \u00ab\u00a0petit pont\u00a0\u00bb), ce domaine produit uniquement du Chiroubles. Il est exploit\u00e9 par la famille MEZIAT, de p\u00e8re en fils, depuis 1889.<\/p>\n<p>Les vignes sont expos\u00e9es sud-sud\/ouest sur des coteaux plut\u00f4t pentus, le travail des vignes se fait en grande partie manuellement et selon des m\u00e9thodes traditionnelles.<\/p>\n","protected":false},"excerpt":{"rendered":"<p>Situ\u00e9 enti\u00e8rement sur la commune de Chiroubles, au lieu dit Pontheux (variation de \u00ab\u00a0petit pont\u00a0\u00bb), ce domaine produit uniquement du Chiroubles. Il est exploit\u00e9 par la famille MEZIAT, de p\u00e8re en fils, depuis 1889. Les vignes sont expos\u00e9es sud-sud\/ouest sur des coteaux plut\u00f4t pentus, le travail des vignes se fait en grande partie manuellement et [&hellip;]<\/p>\n","protected":false},"featured_media":109431,"template":"","meta":{"_acf_changed":false},"product_brand":[],"product_cat":[29],"product_tag":[],"region":[33],"aoc":[77],"couleur":[92],"gamme":[],"millesime":[177],"collection":[151],"class_list":{"0":"post-109430","1":"product","2":"type-product","3":"status-publish","4":"has-post-thumbnail","6":"product_cat-produit","7":"region-vins-du-beaujolais","8":"aoc-chiroubles","9":"couleur-rouge","10":"millesime-177","11":"collection-domaines-chateaux","13":"first","14":"instock","15":"shipping-taxable","16":"purchasable","17":"product-type-simple"},"acf":[],"_links":{"self":[{"href":"https:\/\/www.duboeuf.com\/fr\/wp-json\/wp\/v2\/product\/109430","targetHints":{"allow":["GET"]}}],"collection":[{"href":"https:\/\/www.duboeuf.com\/fr\/wp-json\/wp\/v2\/product"}],"about":[{"href":"https:\/\/www.duboeuf.com\/fr\/wp-json\/wp\/v2\/types\/product"}],"wp:featuredmedia":[{"embeddable":true,"href":"https:\/\/www.duboeuf.com\/fr\/wp-json\/wp\/v2\/media\/109431"}],"wp:attachment":[{"href":"https:\/\/www.duboeuf.com\/fr\/wp-json\/wp\/v2\/media?parent=109430"}],"wp:term":[{"taxonomy":"product_brand","embeddable":true,"href":"https:\/\/www.duboeuf.com\/fr\/wp-json\/wp\/v2\/product_brand?post=109430"},{"taxonomy":"product_cat","embeddable":true,"href":"https:\/\/www.duboeuf.com\/fr\/wp-json\/wp\/v2\/product_cat?post=109430"},{"taxonomy":"product_tag","embeddable":true,"href":"https:\/\/www.duboeuf.com\/fr\/wp-json\/wp\/v2\/product_tag?post=109430"},{"taxonomy":"region","embeddable":true,"href":"https:\/\/www.duboeuf.com\/fr\/wp-json\/wp\/v2\/region?post=109430"},{"taxonomy":"aoc","embeddable":true,"href":"https:\/\/www.duboeuf.com\/fr\/wp-json\/wp\/v2\/aoc?post=109430"},{"taxonomy":"couleur","embeddable":true,"href":"https:\/\/www.duboeuf.com\/fr\/wp-json\/wp\/v2\/couleur?post=109430"},{"taxonomy":"gamme","embeddable":true,"href":"https:\/\/www.duboeuf.com\/fr\/wp-json\/wp\/v2\/gamme?post=109430"},{"taxonomy":"millesime","embeddable":true,"href":"https:\/\/www.duboeuf.com\/fr\/wp-json\/wp\/v2\/millesime?post=109430"},{"taxonomy":"collection","embeddable":true,"href":"https:\/\/www.duboeuf.com\/fr\/wp-json\/wp\/v2\/collection?post=109430"}],"curies":[{"name":"wp","href":"https:\/\/api.w.org\/{rel}","templated":true}]}}