{"id":118283,"date":"2023-07-18T14:20:03","date_gmt":"2023-07-18T12:20:03","guid":{"rendered":"https:\/\/www.duboeuf.com\/?post_type=product&#038;p=118283"},"modified":"2026-04-21T15:50:37","modified_gmt":"2026-04-21T13:50:37","slug":"fleurie-2022-chateau-des-deduits","status":"publish","type":"product","link":"https:\/\/www.duboeuf.com\/fr\/e-boutique\/produit\/fleurie-2022-chateau-des-deduits\/","title":{"rendered":"Fleurie 2022 Ch\u00e2teau des D\u00e9duits"},"content":{"rendered":"<p>Le ch\u00e2teau situ\u00e9 au hameau des \u201d D\u00e9duits \u201d sur la commune de Fleurie, poss\u00e8de 7 hectares de vignes d\u2019un seul tenant.<\/p>\n<p>La plus vieille partie de la b\u00e2tisse fut construite au XVII si\u00e8cle et r\u00e9nov\u00e9e en 1880.<\/p>\n<p>Les actuels propri\u00e9taires, Monsieur et Madame BOISSIER, sont les descendants d\u2019une vieille famille Beaujolaise qui exploite le Domaine depuis plusieurs si\u00e8cles.<\/p>\n<p>Passionn\u00e9s par la vigne et le vin ils allient habilement tradition et modernit\u00e9 au b\u00e9n\u00e9fice de la qualit\u00e9, dans le respect d\u2019un terroir exceptionnel.<\/p>\n<p>&nbsp;<\/p>\n","protected":false},"excerpt":{"rendered":"<p>Le ch\u00e2teau situ\u00e9 au hameau des \u201d D\u00e9duits \u201d sur la commune de Fleurie, poss\u00e8de 7 hectares de vignes d\u2019un seul tenant. La plus vieille partie de la b\u00e2tisse fut construite au XVII si\u00e8cle et r\u00e9nov\u00e9e en 1880. Les actuels propri\u00e9taires, Monsieur et Madame BOISSIER, sont les descendants d\u2019une vieille famille Beaujolaise qui exploite le [&hellip;]<\/p>\n","protected":false},"featured_media":118284,"template":"","meta":{"_acf_changed":false},"product_brand":[],"product_cat":[29],"product_tag":[],"region":[33],"aoc":[73],"couleur":[92],"gamme":[],"millesime":[177],"collection":[151],"class_list":{"0":"post-118283","1":"product","2":"type-product","3":"status-publish","4":"has-post-thumbnail","6":"product_cat-produit","7":"region-vins-du-beaujolais","8":"aoc-fleurie","9":"couleur-rouge","10":"millesime-177","11":"collection-domaines-chateaux","13":"first","14":"instock","15":"shipping-taxable","16":"purchasable","17":"product-type-simple"},"acf":[],"_links":{"self":[{"href":"https:\/\/www.duboeuf.com\/fr\/wp-json\/wp\/v2\/product\/118283","targetHints":{"allow":["GET"]}}],"collection":[{"href":"https:\/\/www.duboeuf.com\/fr\/wp-json\/wp\/v2\/product"}],"about":[{"href":"https:\/\/www.duboeuf.com\/fr\/wp-json\/wp\/v2\/types\/product"}],"wp:featuredmedia":[{"embeddable":true,"href":"https:\/\/www.duboeuf.com\/fr\/wp-json\/wp\/v2\/media\/118284"}],"wp:attachment":[{"href":"https:\/\/www.duboeuf.com\/fr\/wp-json\/wp\/v2\/media?parent=118283"}],"wp:term":[{"taxonomy":"product_brand","embeddable":true,"href":"https:\/\/www.duboeuf.com\/fr\/wp-json\/wp\/v2\/product_brand?post=118283"},{"taxonomy":"product_cat","embeddable":true,"href":"https:\/\/www.duboeuf.com\/fr\/wp-json\/wp\/v2\/product_cat?post=118283"},{"taxonomy":"product_tag","embeddable":true,"href":"https:\/\/www.duboeuf.com\/fr\/wp-json\/wp\/v2\/product_tag?post=118283"},{"taxonomy":"region","embeddable":true,"href":"https:\/\/www.duboeuf.com\/fr\/wp-json\/wp\/v2\/region?post=118283"},{"taxonomy":"aoc","embeddable":true,"href":"https:\/\/www.duboeuf.com\/fr\/wp-json\/wp\/v2\/aoc?post=118283"},{"taxonomy":"couleur","embeddable":true,"href":"https:\/\/www.duboeuf.com\/fr\/wp-json\/wp\/v2\/couleur?post=118283"},{"taxonomy":"gamme","embeddable":true,"href":"https:\/\/www.duboeuf.com\/fr\/wp-json\/wp\/v2\/gamme?post=118283"},{"taxonomy":"millesime","embeddable":true,"href":"https:\/\/www.duboeuf.com\/fr\/wp-json\/wp\/v2\/millesime?post=118283"},{"taxonomy":"collection","embeddable":true,"href":"https:\/\/www.duboeuf.com\/fr\/wp-json\/wp\/v2\/collection?post=118283"}],"curies":[{"name":"wp","href":"https:\/\/api.w.org\/{rel}","templated":true}]}}