{"id":118286,"date":"2025-01-29T14:59:38","date_gmt":"2025-01-29T13:59:38","guid":{"rendered":"https:\/\/www.duboeuf.com\/?post_type=product&#038;p=118286"},"modified":"2026-03-24T07:50:31","modified_gmt":"2026-03-24T06:50:31","slug":"fleurie-2022-domaine-des-quatre-vents","status":"publish","type":"product","link":"https:\/\/www.duboeuf.com\/fr\/e-boutique\/produit\/fleurie-2022-domaine-des-quatre-vents\/","title":{"rendered":"Fleurie 2022 Domaine Des Quatre Vents"},"content":{"rendered":"<p>Philippe BARON est l&rsquo;actuel propri\u00e9taire du domaine.<br \/>\nCe domaine est exemplaire par sa magnifique exposition sud-est.<\/p>\n<p>Les vignes sont cultiv\u00e9es en limitant l&rsquo;impact carbone : tr\u00e8s peu d&rsquo;interventions du tracteur, surtout la main de l&rsquo;homme. <\/p>\n<p>Le rendement moyen est de 50 hl\/hectare.<\/p>\n<p>La cuverie se trouve au rez de chauss\u00e9e d&rsquo;une belle b\u00e2tisse situ\u00e9e derri\u00e8re un massif de sapins et de c\u00e8dres.<\/p>\n<p>Vinification : mac\u00e9ration semi-carbonique et grillage.<\/p>\n<p>Cyril COPERET, vigneron talentueux, entretient et vinifie avec soin les vignes du domaine.<\/p>\n","protected":false},"excerpt":{"rendered":"<p>Philippe BARON est l&rsquo;actuel propri\u00e9taire du domaine. Ce domaine est exemplaire par sa magnifique exposition sud-est. Les vignes sont cultiv\u00e9es en limitant l&rsquo;impact carbone : tr\u00e8s peu d&rsquo;interventions du tracteur, surtout la main de l&rsquo;homme. Le rendement moyen est de 50 hl\/hectare. La cuverie se trouve au rez de chauss\u00e9e d&rsquo;une belle b\u00e2tisse situ\u00e9e derri\u00e8re [&hellip;]<\/p>\n","protected":false},"featured_media":118287,"template":"","meta":{"_acf_changed":false},"product_brand":[],"product_cat":[29],"product_tag":[],"region":[33],"aoc":[73],"couleur":[92],"gamme":[],"millesime":[177],"collection":[151],"class_list":{"0":"post-118286","1":"product","2":"type-product","3":"status-publish","4":"has-post-thumbnail","6":"product_cat-produit","7":"region-vins-du-beaujolais","8":"aoc-fleurie","9":"couleur-rouge","10":"millesime-177","11":"collection-domaines-chateaux","13":"first","14":"instock","15":"shipping-taxable","16":"purchasable","17":"product-type-simple"},"acf":[],"_links":{"self":[{"href":"https:\/\/www.duboeuf.com\/fr\/wp-json\/wp\/v2\/product\/118286","targetHints":{"allow":["GET"]}}],"collection":[{"href":"https:\/\/www.duboeuf.com\/fr\/wp-json\/wp\/v2\/product"}],"about":[{"href":"https:\/\/www.duboeuf.com\/fr\/wp-json\/wp\/v2\/types\/product"}],"wp:featuredmedia":[{"embeddable":true,"href":"https:\/\/www.duboeuf.com\/fr\/wp-json\/wp\/v2\/media\/118287"}],"wp:attachment":[{"href":"https:\/\/www.duboeuf.com\/fr\/wp-json\/wp\/v2\/media?parent=118286"}],"wp:term":[{"taxonomy":"product_brand","embeddable":true,"href":"https:\/\/www.duboeuf.com\/fr\/wp-json\/wp\/v2\/product_brand?post=118286"},{"taxonomy":"product_cat","embeddable":true,"href":"https:\/\/www.duboeuf.com\/fr\/wp-json\/wp\/v2\/product_cat?post=118286"},{"taxonomy":"product_tag","embeddable":true,"href":"https:\/\/www.duboeuf.com\/fr\/wp-json\/wp\/v2\/product_tag?post=118286"},{"taxonomy":"region","embeddable":true,"href":"https:\/\/www.duboeuf.com\/fr\/wp-json\/wp\/v2\/region?post=118286"},{"taxonomy":"aoc","embeddable":true,"href":"https:\/\/www.duboeuf.com\/fr\/wp-json\/wp\/v2\/aoc?post=118286"},{"taxonomy":"couleur","embeddable":true,"href":"https:\/\/www.duboeuf.com\/fr\/wp-json\/wp\/v2\/couleur?post=118286"},{"taxonomy":"gamme","embeddable":true,"href":"https:\/\/www.duboeuf.com\/fr\/wp-json\/wp\/v2\/gamme?post=118286"},{"taxonomy":"millesime","embeddable":true,"href":"https:\/\/www.duboeuf.com\/fr\/wp-json\/wp\/v2\/millesime?post=118286"},{"taxonomy":"collection","embeddable":true,"href":"https:\/\/www.duboeuf.com\/fr\/wp-json\/wp\/v2\/collection?post=118286"}],"curies":[{"name":"wp","href":"https:\/\/api.w.org\/{rel}","templated":true}]}}