{"id":118289,"date":"2023-07-18T14:20:22","date_gmt":"2023-07-18T12:20:22","guid":{"rendered":"https:\/\/www.duboeuf.com\/?post_type=product&#038;p=118289"},"modified":"2026-04-21T15:50:42","modified_gmt":"2026-04-21T13:50:42","slug":"julienas-2022-selection-georges-duboeuf","status":"publish","type":"product","link":"https:\/\/www.duboeuf.com\/fr\/e-boutique\/produit\/julienas-2022-selection-georges-duboeuf\/","title":{"rendered":"Juli\u00e9nas 2022 S\u00e9lection Georges Duboeuf"},"content":{"rendered":"<p>Cru imp\u00e9rial, de par son nom. Il en fallait un. En hommage au divin C\u00e9sar pr\u00e9nomm\u00e9 Julius. Cru \u00e9ditorial aussi, car le pr\u00e9f\u00e9r\u00e9 des \u00e9crivains et de certains journalistes, surtout au Canard Encha\u00een\u00e9. Ces derniers auraient invent\u00e9 cette expression tr\u00e8s amusante, \u00a0\u00bb aller prendre les eaux \u00e0 Juli\u00e9nas \u00a0\u00bb ! En assurant au Juli\u00e9nas une joyeuse publicit\u00e9, tous ces illustres parrains l&rsquo;ont rendu tr\u00e8s populaire. La joie va si bien au Juli\u00e9nas que la dynamique association des producteurs a cr\u00e9\u00e9 en son honneur un grand Cellier aux fresques bachiques pleines de gaiet\u00e9.<br \/>\nPas n&rsquo;importe o\u00f9, d&rsquo;ailleurs : dans une vieille \u00e9glise d\u00e9saffect\u00e9e situ\u00e9e au c ur de son village \u00e9ponyme. Tous les villageois y font la f\u00eate chaque deuxi\u00e8me week-end de novembre. C&rsquo;est l&rsquo;occasion de go\u00fbter le mill\u00e9sime nouveau-n\u00e9, et d&rsquo;honorer un \u00e9crivain qui a su chanter la gloire de leur nectar bien-aim\u00e9. A ce dernier sont remises tr\u00e8s pr\u00e9cis\u00e9ment 104 bouteilles de Juli\u00e9nas, de quoi le fr\u00e9quenter tous les samedis et dimanches de l&rsquo;ann\u00e9e !<\/p>\n<p>Vins color\u00e9s, solides, fermes, en un mot \u00a0\u00bb d&rsquo;arri\u00e8re-saison \u00ab\u00a0, les Juli\u00e9nas m\u00e9ritent quelques ann\u00e9es de vieillissement dans une bonne cave pour atteindre toute leur riche pl\u00e9nitude.<\/p>\n","protected":false},"excerpt":{"rendered":"<p>Cru imp\u00e9rial, de par son nom. Il en fallait un. En hommage au divin C\u00e9sar pr\u00e9nomm\u00e9 Julius. Cru \u00e9ditorial aussi, car le pr\u00e9f\u00e9r\u00e9 des \u00e9crivains et de certains journalistes, surtout au Canard Encha\u00een\u00e9. Ces derniers auraient invent\u00e9 cette expression tr\u00e8s amusante, \u00a0\u00bb aller prendre les eaux \u00e0 Juli\u00e9nas \u00a0\u00bb ! En assurant au Juli\u00e9nas une [&hellip;]<\/p>\n","protected":false},"featured_media":118290,"template":"","meta":{"_acf_changed":false},"product_brand":[],"product_cat":[29],"product_tag":[],"region":[33],"aoc":[78],"couleur":[92],"gamme":[],"millesime":[177],"collection":[156],"class_list":{"0":"post-118289","1":"product","2":"type-product","3":"status-publish","4":"has-post-thumbnail","6":"product_cat-produit","7":"region-vins-du-beaujolais","8":"aoc-julienas","9":"couleur-rouge","10":"millesime-177","11":"collection-fleurs","13":"first","14":"instock","15":"shipping-taxable","16":"purchasable","17":"product-type-simple"},"acf":[],"_links":{"self":[{"href":"https:\/\/www.duboeuf.com\/fr\/wp-json\/wp\/v2\/product\/118289","targetHints":{"allow":["GET"]}}],"collection":[{"href":"https:\/\/www.duboeuf.com\/fr\/wp-json\/wp\/v2\/product"}],"about":[{"href":"https:\/\/www.duboeuf.com\/fr\/wp-json\/wp\/v2\/types\/product"}],"wp:featuredmedia":[{"embeddable":true,"href":"https:\/\/www.duboeuf.com\/fr\/wp-json\/wp\/v2\/media\/118290"}],"wp:attachment":[{"href":"https:\/\/www.duboeuf.com\/fr\/wp-json\/wp\/v2\/media?parent=118289"}],"wp:term":[{"taxonomy":"product_brand","embeddable":true,"href":"https:\/\/www.duboeuf.com\/fr\/wp-json\/wp\/v2\/product_brand?post=118289"},{"taxonomy":"product_cat","embeddable":true,"href":"https:\/\/www.duboeuf.com\/fr\/wp-json\/wp\/v2\/product_cat?post=118289"},{"taxonomy":"product_tag","embeddable":true,"href":"https:\/\/www.duboeuf.com\/fr\/wp-json\/wp\/v2\/product_tag?post=118289"},{"taxonomy":"region","embeddable":true,"href":"https:\/\/www.duboeuf.com\/fr\/wp-json\/wp\/v2\/region?post=118289"},{"taxonomy":"aoc","embeddable":true,"href":"https:\/\/www.duboeuf.com\/fr\/wp-json\/wp\/v2\/aoc?post=118289"},{"taxonomy":"couleur","embeddable":true,"href":"https:\/\/www.duboeuf.com\/fr\/wp-json\/wp\/v2\/couleur?post=118289"},{"taxonomy":"gamme","embeddable":true,"href":"https:\/\/www.duboeuf.com\/fr\/wp-json\/wp\/v2\/gamme?post=118289"},{"taxonomy":"millesime","embeddable":true,"href":"https:\/\/www.duboeuf.com\/fr\/wp-json\/wp\/v2\/millesime?post=118289"},{"taxonomy":"collection","embeddable":true,"href":"https:\/\/www.duboeuf.com\/fr\/wp-json\/wp\/v2\/collection?post=118289"}],"curies":[{"name":"wp","href":"https:\/\/api.w.org\/{rel}","templated":true}]}}