{"id":118295,"date":"2023-07-18T14:20:22","date_gmt":"2023-07-18T12:20:22","guid":{"rendered":"https:\/\/www.duboeuf.com\/?post_type=product&#038;p=118295"},"modified":"2026-04-21T15:50:36","modified_gmt":"2026-04-21T13:50:36","slug":"morgon-2022-domaine-mont-chavy","status":"publish","type":"product","link":"https:\/\/www.duboeuf.com\/fr\/e-boutique\/produit\/morgon-2022-domaine-mont-chavy\/","title":{"rendered":"Morgon 2022 Domaine Mont Chavy"},"content":{"rendered":"<p>Franck et Cyrille CHAVY sont la quatri\u00e8me g\u00e9n\u00e9ration de vignerons sur le cru MORGON, ils exploitent  une surface situ\u00e9e principalement sur les climats \u00a0\u00bb Charmes \u00a0\u00bb et \u00a0\u00bb Corcelette \u00ab\u00a0.<\/p>\n<p>Les vignes \u00e2g\u00e9es en moyenne de 50 ans sont conduites en lutte raisonn\u00e9e avec un oeil tr\u00e8s attentif au contr\u00f4le des rendements.<\/p>\n<p>Ils \u00e9laborent,  apr\u00e8s une mac\u00e9ration de 6 \u00e0 12 jours, des vins pleins de finesse et de rondeur r\u00e9compens\u00e9s tous les ans par de nombreuses m\u00e9dailles.<\/p>\n","protected":false},"excerpt":{"rendered":"<p>Franck et Cyrille CHAVY sont la quatri\u00e8me g\u00e9n\u00e9ration de vignerons sur le cru MORGON, ils exploitent une surface situ\u00e9e principalement sur les climats \u00a0\u00bb Charmes \u00a0\u00bb et \u00a0\u00bb Corcelette \u00ab\u00a0. Les vignes \u00e2g\u00e9es en moyenne de 50 ans sont conduites en lutte raisonn\u00e9e avec un oeil tr\u00e8s attentif au contr\u00f4le des rendements. Ils \u00e9laborent, apr\u00e8s [&hellip;]<\/p>\n","protected":false},"featured_media":118296,"template":"","meta":{"_acf_changed":false},"product_brand":[],"product_cat":[29],"product_tag":[],"region":[33],"aoc":[74],"couleur":[92],"gamme":[],"millesime":[177],"collection":[151],"class_list":{"0":"post-118295","1":"product","2":"type-product","3":"status-publish","4":"has-post-thumbnail","6":"product_cat-produit","7":"region-vins-du-beaujolais","8":"aoc-morgon","9":"couleur-rouge","10":"millesime-177","11":"collection-domaines-chateaux","13":"first","14":"instock","15":"shipping-taxable","16":"purchasable","17":"product-type-simple"},"acf":[],"_links":{"self":[{"href":"https:\/\/www.duboeuf.com\/fr\/wp-json\/wp\/v2\/product\/118295","targetHints":{"allow":["GET"]}}],"collection":[{"href":"https:\/\/www.duboeuf.com\/fr\/wp-json\/wp\/v2\/product"}],"about":[{"href":"https:\/\/www.duboeuf.com\/fr\/wp-json\/wp\/v2\/types\/product"}],"wp:featuredmedia":[{"embeddable":true,"href":"https:\/\/www.duboeuf.com\/fr\/wp-json\/wp\/v2\/media\/118296"}],"wp:attachment":[{"href":"https:\/\/www.duboeuf.com\/fr\/wp-json\/wp\/v2\/media?parent=118295"}],"wp:term":[{"taxonomy":"product_brand","embeddable":true,"href":"https:\/\/www.duboeuf.com\/fr\/wp-json\/wp\/v2\/product_brand?post=118295"},{"taxonomy":"product_cat","embeddable":true,"href":"https:\/\/www.duboeuf.com\/fr\/wp-json\/wp\/v2\/product_cat?post=118295"},{"taxonomy":"product_tag","embeddable":true,"href":"https:\/\/www.duboeuf.com\/fr\/wp-json\/wp\/v2\/product_tag?post=118295"},{"taxonomy":"region","embeddable":true,"href":"https:\/\/www.duboeuf.com\/fr\/wp-json\/wp\/v2\/region?post=118295"},{"taxonomy":"aoc","embeddable":true,"href":"https:\/\/www.duboeuf.com\/fr\/wp-json\/wp\/v2\/aoc?post=118295"},{"taxonomy":"couleur","embeddable":true,"href":"https:\/\/www.duboeuf.com\/fr\/wp-json\/wp\/v2\/couleur?post=118295"},{"taxonomy":"gamme","embeddable":true,"href":"https:\/\/www.duboeuf.com\/fr\/wp-json\/wp\/v2\/gamme?post=118295"},{"taxonomy":"millesime","embeddable":true,"href":"https:\/\/www.duboeuf.com\/fr\/wp-json\/wp\/v2\/millesime?post=118295"},{"taxonomy":"collection","embeddable":true,"href":"https:\/\/www.duboeuf.com\/fr\/wp-json\/wp\/v2\/collection?post=118295"}],"curies":[{"name":"wp","href":"https:\/\/api.w.org\/{rel}","templated":true}]}}