{"id":118298,"date":"2023-07-18T14:20:40","date_gmt":"2023-07-18T12:20:40","guid":{"rendered":"https:\/\/www.duboeuf.com\/?post_type=product&#038;p=118298"},"modified":"2026-03-24T07:50:37","modified_gmt":"2026-03-24T06:50:37","slug":"morgon-2022-domaine-de-la-chaponne","status":"publish","type":"product","link":"https:\/\/www.duboeuf.com\/fr\/e-boutique\/produit\/morgon-2022-domaine-de-la-chaponne\/","title":{"rendered":"Morgon 2022 Domaine de la Chaponne"},"content":{"rendered":"<p>C&rsquo;est en 1987 que Laurent GUILLET et son \u00e9pouse reprennent l&rsquo;exploitation familiale. Le Domaine de la Chaponne est une v\u00e9ritable histoire de famille. Tout le monde y compris le grand-p\u00e8re et la grand-m\u00e8re participent aux diff\u00e9rents travaux de l&rsquo;exploitation.<br \/>\nLaurent dit toujours qu&rsquo;il \u00a0\u00bb aime son terroir \u00ab\u00a0, il s&rsquo;attache \u00e0 tout mettre en  uvre pour que le vin refl\u00e8te la typicit\u00e9 de l&rsquo;Appellation Morgon.<\/p>\n<p>La majorit\u00e9 des parcelles de vigne se situent sur le meilleur Climat de l&rsquo;Appellation \u00a0\u00bb la C\u00f4te du Py \u00ab\u00a0. Pour que le terroir puisse s&rsquo;exprimer, Laurent adapte les travaux de la vigne et sa vinification.<br \/>\nTous les deux ou trois ans, un labour entre les rangs de vigne est effectu\u00e9. Cette op\u00e9ration a pour but de supprimer les racines superficielles, for\u00e7ant ainsi les racines principales \u00e0 puiser en profondeur l&rsquo;expression de son terroir.<br \/>\nC&rsquo;est une v\u00e9ritable relation de partenariat qui existe entre la maison DUBOEUF et le Domaine de la Chaponne. Chaque ann\u00e9e, Georges DUBOEUF ach\u00e8te la majorit\u00e9 de la production.<\/p>\n","protected":false},"excerpt":{"rendered":"<p>C&rsquo;est en 1987 que Laurent GUILLET et son \u00e9pouse reprennent l&rsquo;exploitation familiale. Le Domaine de la Chaponne est une v\u00e9ritable histoire de famille. Tout le monde y compris le grand-p\u00e8re et la grand-m\u00e8re participent aux diff\u00e9rents travaux de l&rsquo;exploitation. Laurent dit toujours qu&rsquo;il \u00a0\u00bb aime son terroir \u00ab\u00a0, il s&rsquo;attache \u00e0 tout mettre en uvre [&hellip;]<\/p>\n","protected":false},"featured_media":118299,"template":"","meta":{"_acf_changed":false},"product_brand":[],"product_cat":[29],"product_tag":[],"region":[33],"aoc":[74],"couleur":[92],"gamme":[],"millesime":[177],"collection":[151],"class_list":{"0":"post-118298","1":"product","2":"type-product","3":"status-publish","4":"has-post-thumbnail","6":"product_cat-produit","7":"region-vins-du-beaujolais","8":"aoc-morgon","9":"couleur-rouge","10":"millesime-177","11":"collection-domaines-chateaux","13":"first","14":"instock","15":"shipping-taxable","16":"purchasable","17":"product-type-simple"},"acf":[],"_links":{"self":[{"href":"https:\/\/www.duboeuf.com\/fr\/wp-json\/wp\/v2\/product\/118298","targetHints":{"allow":["GET"]}}],"collection":[{"href":"https:\/\/www.duboeuf.com\/fr\/wp-json\/wp\/v2\/product"}],"about":[{"href":"https:\/\/www.duboeuf.com\/fr\/wp-json\/wp\/v2\/types\/product"}],"wp:featuredmedia":[{"embeddable":true,"href":"https:\/\/www.duboeuf.com\/fr\/wp-json\/wp\/v2\/media\/118299"}],"wp:attachment":[{"href":"https:\/\/www.duboeuf.com\/fr\/wp-json\/wp\/v2\/media?parent=118298"}],"wp:term":[{"taxonomy":"product_brand","embeddable":true,"href":"https:\/\/www.duboeuf.com\/fr\/wp-json\/wp\/v2\/product_brand?post=118298"},{"taxonomy":"product_cat","embeddable":true,"href":"https:\/\/www.duboeuf.com\/fr\/wp-json\/wp\/v2\/product_cat?post=118298"},{"taxonomy":"product_tag","embeddable":true,"href":"https:\/\/www.duboeuf.com\/fr\/wp-json\/wp\/v2\/product_tag?post=118298"},{"taxonomy":"region","embeddable":true,"href":"https:\/\/www.duboeuf.com\/fr\/wp-json\/wp\/v2\/region?post=118298"},{"taxonomy":"aoc","embeddable":true,"href":"https:\/\/www.duboeuf.com\/fr\/wp-json\/wp\/v2\/aoc?post=118298"},{"taxonomy":"couleur","embeddable":true,"href":"https:\/\/www.duboeuf.com\/fr\/wp-json\/wp\/v2\/couleur?post=118298"},{"taxonomy":"gamme","embeddable":true,"href":"https:\/\/www.duboeuf.com\/fr\/wp-json\/wp\/v2\/gamme?post=118298"},{"taxonomy":"millesime","embeddable":true,"href":"https:\/\/www.duboeuf.com\/fr\/wp-json\/wp\/v2\/millesime?post=118298"},{"taxonomy":"collection","embeddable":true,"href":"https:\/\/www.duboeuf.com\/fr\/wp-json\/wp\/v2\/collection?post=118298"}],"curies":[{"name":"wp","href":"https:\/\/api.w.org\/{rel}","templated":true}]}}