{"id":118310,"date":"2023-07-18T14:20:59","date_gmt":"2023-07-18T12:20:59","guid":{"rendered":"https:\/\/www.duboeuf.com\/?post_type=product&#038;p=118310"},"modified":"2026-04-21T15:50:44","modified_gmt":"2026-04-21T13:50:44","slug":"saint-veran-2022-selection-georges-duboeuf","status":"publish","type":"product","link":"https:\/\/www.duboeuf.com\/fr\/e-boutique\/produit\/saint-veran-2022-selection-georges-duboeuf\/","title":{"rendered":"Saint-V\u00e9ran 2022 S\u00e9lection Georges Duboeuf"},"content":{"rendered":"<p>Bien qu&rsquo;il fall\u00fbt patienter 18 ans, la naissance du SAINT-VERAN en 1971 fut un \u00e9v\u00e8nement logique. Ce fut la cons\u00e9cration d&rsquo;un vin qui, depuis toujours, se distinguait tr\u00e8s nettement des autres vins blancs du M\u00e2connais.<br \/>\nL&rsquo;appellation s&rsquo;\u00e9tale sur 7 communes de production : Ch\u00e2nes, Chasselas, Davay\u00e9, Leynes, Fuiss\u00e9, Saint V\u00e9rand et Solutr\u00e9-Pouilly.<br \/>\nG\u00e9ographiquement, il encercle le c\u00e9l\u00e8bre POUILLY-FUISSE. Aussi, certains cherchent des analogies avec ce grand voisin.<br \/>\nLe sol, le relief, le c\u00e9page et la technique de vinification offrent des points communs, certes, mais le SAINT-VERAN poss\u00e8de sa v\u00e9ritable originalit\u00e9 sur le plan gustatif.<\/p>\n","protected":false},"excerpt":{"rendered":"<p>Bien qu&rsquo;il fall\u00fbt patienter 18 ans, la naissance du SAINT-VERAN en 1971 fut un \u00e9v\u00e8nement logique. Ce fut la cons\u00e9cration d&rsquo;un vin qui, depuis toujours, se distinguait tr\u00e8s nettement des autres vins blancs du M\u00e2connais. L&rsquo;appellation s&rsquo;\u00e9tale sur 7 communes de production : Ch\u00e2nes, Chasselas, Davay\u00e9, Leynes, Fuiss\u00e9, Saint V\u00e9rand et Solutr\u00e9-Pouilly. G\u00e9ographiquement, il encercle [&hellip;]<\/p>\n","protected":false},"featured_media":118311,"template":"","meta":{"_acf_changed":false},"product_brand":[],"product_cat":[29],"product_tag":[],"region":[37],"aoc":[84],"couleur":[94],"gamme":[],"millesime":[177],"collection":[156],"class_list":{"0":"post-118310","1":"product","2":"type-product","3":"status-publish","4":"has-post-thumbnail","6":"product_cat-produit","7":"region-vins-du-maconnais","8":"aoc-saint-veran","9":"couleur-blanc","10":"millesime-177","11":"collection-fleurs","13":"first","14":"instock","15":"shipping-taxable","16":"purchasable","17":"product-type-simple"},"acf":[],"_links":{"self":[{"href":"https:\/\/www.duboeuf.com\/fr\/wp-json\/wp\/v2\/product\/118310","targetHints":{"allow":["GET"]}}],"collection":[{"href":"https:\/\/www.duboeuf.com\/fr\/wp-json\/wp\/v2\/product"}],"about":[{"href":"https:\/\/www.duboeuf.com\/fr\/wp-json\/wp\/v2\/types\/product"}],"wp:featuredmedia":[{"embeddable":true,"href":"https:\/\/www.duboeuf.com\/fr\/wp-json\/wp\/v2\/media\/118311"}],"wp:attachment":[{"href":"https:\/\/www.duboeuf.com\/fr\/wp-json\/wp\/v2\/media?parent=118310"}],"wp:term":[{"taxonomy":"product_brand","embeddable":true,"href":"https:\/\/www.duboeuf.com\/fr\/wp-json\/wp\/v2\/product_brand?post=118310"},{"taxonomy":"product_cat","embeddable":true,"href":"https:\/\/www.duboeuf.com\/fr\/wp-json\/wp\/v2\/product_cat?post=118310"},{"taxonomy":"product_tag","embeddable":true,"href":"https:\/\/www.duboeuf.com\/fr\/wp-json\/wp\/v2\/product_tag?post=118310"},{"taxonomy":"region","embeddable":true,"href":"https:\/\/www.duboeuf.com\/fr\/wp-json\/wp\/v2\/region?post=118310"},{"taxonomy":"aoc","embeddable":true,"href":"https:\/\/www.duboeuf.com\/fr\/wp-json\/wp\/v2\/aoc?post=118310"},{"taxonomy":"couleur","embeddable":true,"href":"https:\/\/www.duboeuf.com\/fr\/wp-json\/wp\/v2\/couleur?post=118310"},{"taxonomy":"gamme","embeddable":true,"href":"https:\/\/www.duboeuf.com\/fr\/wp-json\/wp\/v2\/gamme?post=118310"},{"taxonomy":"millesime","embeddable":true,"href":"https:\/\/www.duboeuf.com\/fr\/wp-json\/wp\/v2\/millesime?post=118310"},{"taxonomy":"collection","embeddable":true,"href":"https:\/\/www.duboeuf.com\/fr\/wp-json\/wp\/v2\/collection?post=118310"}],"curies":[{"name":"wp","href":"https:\/\/api.w.org\/{rel}","templated":true}]}}