{"id":120626,"date":"2023-08-30T16:15:02","date_gmt":"2023-08-30T14:15:02","guid":{"rendered":"https:\/\/www.duboeuf.com\/e-boutique\/non%20class\u00e9\/beaujolais-domaine-pignard\/"},"modified":"2023-08-31T14:14:41","modified_gmt":"2023-08-31T12:14:41","slug":"beaujolais-domaine-pignard","status":"publish","type":"product","link":"https:\/\/www.duboeuf.com\/fr\/e-boutique\/fiche-technique\/beaujolais-domaine-pignard\/","title":{"rendered":"Beaujolais Domaine Pignard"},"content":{"rendered":"<p>Cr\u00e9\u00e9 en 1953 par Marcel PIGNARD, le Domaine est exploit\u00e9 par ses trois fils, Guy, Jean-Claude et Eric.<\/p>\n<p>Ce tr\u00e8s beau Domaine est situ\u00e9 sur la commune d&rsquo;Arnas aux portes de<br \/>\nVillefranche sur Sa\u00f4ne.<\/p>\n<p>La conduite de la vigne est r\u00e9fl\u00e9chie et rigoureuse. Une tr\u00e8s bonne ma\u00eetrise des rendements est faite sur l&rsquo;ensemble des parcelles (travaux et vendanges en vert).<\/p>\n<p>Les raisins sont cueillis \u00e0 une maturit\u00e9 optimum dans un secteur pr\u00e9coce et vinifi\u00e9s dans un cuvage enti\u00e8rement r\u00e9nov\u00e9 (cuves thermo r\u00e9gul\u00e9es et pressoir pneumatique).<\/p>\n","protected":false},"excerpt":{"rendered":"<p>Cr\u00e9\u00e9 en 1953 par Marcel PIGNARD, le Domaine est exploit\u00e9 par ses trois fils, Guy, Jean-Claude et Eric. Ce tr\u00e8s beau Domaine est situ\u00e9 sur la commune d&rsquo;Arnas aux portes de Villefranche sur Sa\u00f4ne. La conduite de la vigne est r\u00e9fl\u00e9chie et rigoureuse. Une tr\u00e8s bonne ma\u00eetrise des rendements est faite sur l&rsquo;ensemble des parcelles [&hellip;]<\/p>\n","protected":false},"featured_media":120627,"template":"","meta":{"_acf_changed":false},"product_brand":[],"product_cat":[30],"product_tag":[],"region":[33],"aoc":[69],"couleur":[92],"gamme":[],"millesime":[],"collection":[151],"class_list":{"0":"post-120626","1":"product","2":"type-product","3":"status-publish","4":"has-post-thumbnail","6":"product_cat-fiche-technique","7":"region-vins-du-beaujolais","8":"aoc-beaujolais","9":"couleur-rouge","10":"collection-domaines-chateaux","12":"first","13":"outofstock","14":"product-type-simple"},"acf":[],"_links":{"self":[{"href":"https:\/\/www.duboeuf.com\/fr\/wp-json\/wp\/v2\/product\/120626","targetHints":{"allow":["GET"]}}],"collection":[{"href":"https:\/\/www.duboeuf.com\/fr\/wp-json\/wp\/v2\/product"}],"about":[{"href":"https:\/\/www.duboeuf.com\/fr\/wp-json\/wp\/v2\/types\/product"}],"wp:featuredmedia":[{"embeddable":true,"href":"https:\/\/www.duboeuf.com\/fr\/wp-json\/wp\/v2\/media\/120627"}],"wp:attachment":[{"href":"https:\/\/www.duboeuf.com\/fr\/wp-json\/wp\/v2\/media?parent=120626"}],"wp:term":[{"taxonomy":"product_brand","embeddable":true,"href":"https:\/\/www.duboeuf.com\/fr\/wp-json\/wp\/v2\/product_brand?post=120626"},{"taxonomy":"product_cat","embeddable":true,"href":"https:\/\/www.duboeuf.com\/fr\/wp-json\/wp\/v2\/product_cat?post=120626"},{"taxonomy":"product_tag","embeddable":true,"href":"https:\/\/www.duboeuf.com\/fr\/wp-json\/wp\/v2\/product_tag?post=120626"},{"taxonomy":"region","embeddable":true,"href":"https:\/\/www.duboeuf.com\/fr\/wp-json\/wp\/v2\/region?post=120626"},{"taxonomy":"aoc","embeddable":true,"href":"https:\/\/www.duboeuf.com\/fr\/wp-json\/wp\/v2\/aoc?post=120626"},{"taxonomy":"couleur","embeddable":true,"href":"https:\/\/www.duboeuf.com\/fr\/wp-json\/wp\/v2\/couleur?post=120626"},{"taxonomy":"gamme","embeddable":true,"href":"https:\/\/www.duboeuf.com\/fr\/wp-json\/wp\/v2\/gamme?post=120626"},{"taxonomy":"millesime","embeddable":true,"href":"https:\/\/www.duboeuf.com\/fr\/wp-json\/wp\/v2\/millesime?post=120626"},{"taxonomy":"collection","embeddable":true,"href":"https:\/\/www.duboeuf.com\/fr\/wp-json\/wp\/v2\/collection?post=120626"}],"curies":[{"name":"wp","href":"https:\/\/api.w.org\/{rel}","templated":true}]}}